{"id":30362,"date":"2017-02-16T09:13:19","date_gmt":"2017-02-16T08:13:19","guid":{"rendered":"https:\/\/www.trackdays.events\/?page_id=30362"},"modified":"2026-02-21T10:10:26","modified_gmt":"2026-02-21T09:10:26","slug":"startseite","status":"publish","type":"page","link":"https:\/\/trackdays.events\/de\/","title":{"rendered":"Willkommen"},"content":{"rendered":"<p><img loading=\"lazy\" decoding=\"async\" class=\"alignnone wp-image-31393 size-full\" src=\"https:\/\/trackdays.events\/wp-content\/uploads\/2019\/10\/IMG_3582-2.jpg\" alt=\"\" width=\"3861\" height=\"2275\" srcset=\"https:\/\/trackdays.events\/wp-content\/uploads\/2019\/10\/IMG_3582-2.jpg 3861w, https:\/\/trackdays.events\/wp-content\/uploads\/2019\/10\/IMG_3582-2-300x177.jpg 300w, https:\/\/trackdays.events\/wp-content\/uploads\/2019\/10\/IMG_3582-2-768x453.jpg 768w, https:\/\/trackdays.events\/wp-content\/uploads\/2019\/10\/IMG_3582-2-1024x603.jpg 1024w\" sizes=\"auto, (max-width: 3861px) 100vw, 3861px\" \/><\/p>\n<p style=\"text-align: center;\"><strong>Willkommen<\/strong><br \/>\nWir w\u00fcnschen Ihnen ein herzliches Willkommen auf <strong>trackdays.events<\/strong> !<\/p>\n<p style=\"text-align: center;\"><strong>Ziel<\/strong><br \/>\n<strong>trackdays.events<\/strong> ist ein mehrsprachiges (FR\/EN\/DE), einzigartiges und kostenloses europ\u00e4isches Portal zwischen Mehrmarken Trackdays-Veranstaltern und Sportwagen (GT)-Fahrern\/Besitzern, die auf den gro\u00dfen europ\u00e4ischen Asphaltstrecken fahren m\u00f6chten<\/p>\n<p style=\"text-align: center;\"><strong>Angebot \/ Leistungen<\/strong><br \/>\n&#8211; vollst\u00e4ndiger Kalender aller Trackdays, die auf den wichtigsten europ\u00e4ischen Asphaltstrecken veranstaltet sind<br \/>\n&#8211; Auflistung und Direktlink zu allen gro\u00dfen europ\u00e4ischen Veranstalter von Trackdays<br \/>\n&#8211; Auflistung, Direcktlink und Standort aller wichtigsten europ\u00e4ischen Asphaltstrecken<br \/>\n-Infos\/Tipps\/Erinnerungen bez\u00fcglich Vorbereitung und Teilnahme an Trackdays<br \/>\n&#8211; n\u00fctzliche Links (Hotels, Instruktoren, Automarken, Reifenmarken, Kleider, Auto-Magazine, Wetterbericht,\u2026)<br \/>\n&#8211; interaktives Blog\/Forum und verschiedene News &amp; Reportagen<br \/>\n&#8211; spezieller Abschnitt f\u00fcr Amateurpiloten, welche an Gentleman Drivers Rennveranstaltungen teilnehmen m\u00f6chten<br \/>\n&#8211; Dauerwerbung am Seitenende verf\u00fcgbar f\u00fcr Organisationen, die Partner werden m\u00f6chten<\/p>\n<p style=\"text-align: center;\"><strong>Wer sind wir?<\/strong><br \/>\nEin zuverl\u00e4ssiges, unabh\u00e4ngiges und ehrenamtliches Team. Wir wollen die Organisatoren von Trackdays und alle passionierten Gentleman Drivers direkt zusammen f\u00fchren und kurzschliessen um die gemeinsame Leidenschaft zu teilen.<\/p>\n<p style=\"text-align: center;\"><strong>Wollen Sie mit uns Kontakt aufnehmen ?<br \/>\n<\/strong>Senden Sie einfach eine mail an <strong><span style=\"color: #993366;\"><a style=\"color: #993366;\" href=\"mailto:info@trackdays.events\" target=\"_blank\" rel=\"noopener noreferrer\">info@trackdays.events<\/a><\/span><\/strong><\/p>\n<p style=\"text-align: center;\">Ihr <strong>trackdays.events <\/strong>Team<\/p>\n<p><img loading=\"lazy\" decoding=\"async\" class=\"alignnone wp-image-63836 size-full\" src=\"https:\/\/trackdays.events\/wp-content\/uploads\/2026\/02\/corvette-cx-01.jpg\" alt=\"\" width=\"1680\" height=\"720\" srcset=\"https:\/\/trackdays.events\/wp-content\/uploads\/2026\/02\/corvette-cx-01.jpg 1680w, https:\/\/trackdays.events\/wp-content\/uploads\/2026\/02\/corvette-cx-01-300x129.jpg 300w, https:\/\/trackdays.events\/wp-content\/uploads\/2026\/02\/corvette-cx-01-1024x439.jpg 1024w, https:\/\/trackdays.events\/wp-content\/uploads\/2026\/02\/corvette-cx-01-768x329.jpg 768w, https:\/\/trackdays.events\/wp-content\/uploads\/2026\/02\/corvette-cx-01-1536x658.jpg 1536w\" sizes=\"auto, (max-width: 1680px) 100vw, 1680px\" \/><\/p>\n<p>Na los !&#8230; Man darf doch tr\u00e4umen&#8230;<\/p>\n<p><img loading=\"lazy\" decoding=\"async\" class=\"wp-image-37596 aligncenter\" src=\"https:\/\/trackdays.events\/wp-content\/uploads\/2021\/01\/Checkered-Flag-1-1.jpg\" alt=\"\" width=\"300\" height=\"43\" srcset=\"https:\/\/trackdays.events\/wp-content\/uploads\/2021\/01\/Checkered-Flag-1-1.jpg 1798w, https:\/\/trackdays.events\/wp-content\/uploads\/2021\/01\/Checkered-Flag-1-1-300x43.jpg 300w, https:\/\/trackdays.events\/wp-content\/uploads\/2021\/01\/Checkered-Flag-1-1-1024x146.jpg 1024w, https:\/\/trackdays.events\/wp-content\/uploads\/2021\/01\/Checkered-Flag-1-1-768x109.jpg 768w, https:\/\/trackdays.events\/wp-content\/uploads\/2021\/01\/Checkered-Flag-1-1-1536x219.jpg 1536w\" sizes=\"auto, (max-width: 300px) 100vw, 300px\" \/><\/p>\n","protected":false},"excerpt":{"rendered":"<p>Willkommen Wir w\u00fcnschen Ihnen ein herzliches Willkommen auf trackdays.events ! Ziel trackdays.events ist ein mehrsprachiges (FR\/EN\/DE), einzigartiges und kostenloses europ\u00e4isches Portal zwischen Mehrmarken Trackdays-Veranstaltern und Sportwagen (GT)-Fahrern\/Besitzern, die auf den gro\u00dfen europ\u00e4ischen Asphaltstrecken fahren m\u00f6chten Angebot \/ Leistungen &#8211; vollst\u00e4ndiger Kalender aller Trackdays, die auf den wichtigsten europ\u00e4ischen Asphaltstrecken veranstaltet sind &#8211; Auflistung und Direktlink [&hellip;]<\/p>\n","protected":false},"author":2,"featured_media":0,"parent":0,"menu_order":0,"comment_status":"closed","ping_status":"closed","template":"","meta":{"_acf_changed":false,"footnotes":""},"class_list":["post-30362","page","type-page","status-publish","hentry"],"acf":[],"_links":{"self":[{"href":"https:\/\/trackdays.events\/de\/wp-json\/wp\/v2\/pages\/30362","targetHints":{"allow":["GET"]}}],"collection":[{"href":"https:\/\/trackdays.events\/de\/wp-json\/wp\/v2\/pages"}],"about":[{"href":"https:\/\/trackdays.events\/de\/wp-json\/wp\/v2\/types\/page"}],"author":[{"embeddable":true,"href":"https:\/\/trackdays.events\/de\/wp-json\/wp\/v2\/users\/2"}],"replies":[{"embeddable":true,"href":"https:\/\/trackdays.events\/de\/wp-json\/wp\/v2\/comments?post=30362"}],"version-history":[{"count":7,"href":"https:\/\/trackdays.events\/de\/wp-json\/wp\/v2\/pages\/30362\/revisions"}],"predecessor-version":[{"id":63925,"href":"https:\/\/trackdays.events\/de\/wp-json\/wp\/v2\/pages\/30362\/revisions\/63925"}],"wp:attachment":[{"href":"https:\/\/trackdays.events\/de\/wp-json\/wp\/v2\/media?parent=30362"}],"curies":[{"name":"wp","href":"https:\/\/api.w.org\/{rel}","templated":true}]}}