{"id":30365,"date":"2019-05-10T08:40:40","date_gmt":"2019-05-10T06:40:40","guid":{"rendered":"https:\/\/www.trackdays.events\/?page_id=30365"},"modified":"2024-08-20T14:16:39","modified_gmt":"2024-08-20T12:16:39","slug":"accessoires-auto-pilote","status":"publish","type":"page","link":"https:\/\/trackdays.events\/de\/accessoires-auto-pilote\/","title":{"rendered":"Zubeh\u00f6r f\u00fcr Auto und Fahrer"},"content":{"rendered":"<p><img loading=\"lazy\" decoding=\"async\" class=\"alignnone wp-image-56993 size-full\" src=\"https:\/\/trackdays.events\/wp-content\/uploads\/2024\/08\/c-richardmille-lilou-wadoux-fuji-combinaison-casque.webp\" alt=\"\" width=\"1500\" height=\"1000\" srcset=\"https:\/\/trackdays.events\/wp-content\/uploads\/2024\/08\/c-richardmille-lilou-wadoux-fuji-combinaison-casque.webp 1500w, https:\/\/trackdays.events\/wp-content\/uploads\/2024\/08\/c-richardmille-lilou-wadoux-fuji-combinaison-casque-300x200.webp 300w, https:\/\/trackdays.events\/wp-content\/uploads\/2024\/08\/c-richardmille-lilou-wadoux-fuji-combinaison-casque-1024x683.webp 1024w, https:\/\/trackdays.events\/wp-content\/uploads\/2024\/08\/c-richardmille-lilou-wadoux-fuji-combinaison-casque-768x512.webp 768w\" sizes=\"auto, (max-width: 1500px) 100vw, 1500px\" \/><\/p>\n<p>Hier finden Sie einige gute Adressen von Spezialisten f\u00fcr Autoteile sowie Zubeh\u00f6r und\/oder f\u00fcr die Ausstattung des Fahrers.<\/p>\n<p>Sind heute ein Auto-\/Motorrad- oder Jet-Helm und Sportbekleidung (lange Jeans und lange Hemden) auf den meisten Rennstrecken nach wie vor erlaubt, werden die Sportbeh\u00f6rden (FIA, FFSA, Rennstrecken-Eigent\u00fcmer, usw.) in Zukunft von den Fahrern und von ihren Beifahrern eine FIA-zugelassene Bekleidung verlangen. Nebst ordnungsgem\u00e4\u00df zugelassenem Helm werden wahrscheinlich Overall, Handschuhe, Rennschuhe und feuerfeste Unterw\u00e4sche obligatorisch werden. Aus Gr\u00fcnden der Sicherheit und der Seriosit\u00e4t dieses wundersch\u00f6nen Sports, bei welchem jederzeit etwas Unvorgesehenes passieren kann, wollen die Verantwortlichen keine Gentleman Driver mehr in T-Shirts und Shorts sehen (diese Art Bekleidung ist ja bekanntlich schon heute auf mehreren Rennstrecken verboten!). Wir verstehen diese Anstrengungen. Hand aufs Herz: in einem massgeschneiderten Overall und mit einem an die Pedalen angepasstem Schuhwerk sowie mit Handschuhen, die einen besseren Griff am Lenkrad erm\u00f6glichen ist das sportliche Fahren noch viel angenehmer, oder nicht ?<\/p>\n<p>Das Tragen vom HANS ist ja nur sinnvoll und effizient in Kombination mit einem 4, 5\u00a0 oder besser noch, mit einem Sechspunktgurt.<\/p>\n<hr \/>\n<h1 style=\"text-align: center;\">DEUTSCHLAND<\/h1>\n<hr \/>\n<div  class=\"lgc-column lgc-grid-parent lgc-grid-80 lgc-tablet-grid-80 lgc-mobile-grid-100 lgc-equal-heights \"><div  class=\"inside-grid-column\">\n<p><strong>\u2666 ISA-RACING<br \/>\n<\/strong>\u2192 <a href=\"https:\/\/isa-racing.de\" target=\"_blank\" rel=\"noopener noreferrer\">https:\/\/isa-racing.de<\/a><\/p>\n<p><\/p><\/div><\/div>\n<div  class=\"lgc-column lgc-grid-parent lgc-grid-20 lgc-tablet-grid-20 lgc-mobile-grid-100 lgc-equal-heights \"><div  class=\"inside-grid-column\">\n<p><img loading=\"lazy\" decoding=\"async\" class=\"alignnone wp-image-56663\" src=\"https:\/\/trackdays.events\/wp-content\/uploads\/2019\/06\/logo-isa-racing-e1721225789887.png\" alt=\"\" width=\"137\" height=\"50\" srcset=\"https:\/\/trackdays.events\/wp-content\/uploads\/2019\/06\/logo-isa-racing-e1721225789887.png 318w, https:\/\/trackdays.events\/wp-content\/uploads\/2019\/06\/logo-isa-racing-e1721225789887-300x109.png 300w\" sizes=\"auto, (max-width: 137px) 100vw, 137px\" \/><\/p>\n<p><\/p><\/div><\/div>\n<div  class=\"lgc-column lgc-grid-parent lgc-grid-80 lgc-tablet-grid-80 lgc-mobile-grid-100 lgc-equal-heights \"><div  class=\"inside-grid-column\">\n<p><strong>\u2666 RACEHOUSE 24<br \/>\n<\/strong>\u2192 <a href=\"https:\/\/racehouse24.de\" target=\"_blank\" rel=\"noopener noreferrer\">https:\/\/racehouse24.de<\/a><\/p>\n<p><\/p><\/div><\/div>\n<div  class=\"lgc-column lgc-grid-parent lgc-grid-20 lgc-tablet-grid-20 lgc-mobile-grid-100 lgc-equal-heights \"><div  class=\"inside-grid-column\">\n<p><img loading=\"lazy\" decoding=\"async\" class=\"alignnone wp-image-56666\" src=\"https:\/\/trackdays.events\/wp-content\/uploads\/2019\/06\/logo-racehouse-24.png\" alt=\"\" width=\"52\" height=\"50\" \/><\/p>\n<p><\/p><\/div><\/div>\n<div  class=\"lgc-column lgc-grid-parent lgc-grid-80 lgc-tablet-grid-80 lgc-mobile-grid-100 lgc-equal-heights \"><div  class=\"inside-grid-column\">\n<p><strong>\u2666 RACEWEAR24<br \/>\n<\/strong>\u2192 <a href=\"https:\/\/racewear24.de\" target=\"_blank\" rel=\"noopener noreferrer\">https:\/\/racewear24.de<\/a><\/p>\n<p><\/p><\/div><\/div>\n<div  class=\"lgc-column lgc-grid-parent lgc-grid-20 lgc-tablet-grid-20 lgc-mobile-grid-100 lgc-equal-heights \"><div  class=\"inside-grid-column\">\n<p><img loading=\"lazy\" decoding=\"async\" class=\"alignnone wp-image-56702\" src=\"https:\/\/trackdays.events\/wp-content\/uploads\/2024\/07\/hz_logo-1-e1721228313616.png\" alt=\"\" width=\"220\" height=\"50\" srcset=\"https:\/\/trackdays.events\/wp-content\/uploads\/2024\/07\/hz_logo-1-e1721228313616.png 560w, https:\/\/trackdays.events\/wp-content\/uploads\/2024\/07\/hz_logo-1-e1721228313616-300x68.png 300w\" sizes=\"auto, (max-width: 220px) 100vw, 220px\" \/><\/p>\n<p><\/p><\/div><\/div>\n<div  class=\"lgc-column lgc-grid-parent lgc-grid-80 lgc-tablet-grid-80 lgc-mobile-grid-100 lgc-equal-heights \"><div  class=\"inside-grid-column\">\n<p><strong>\u2666 SANDTLER<br \/>\n<\/strong>\u2192 <a href=\"https:\/\/sandtler24.de\" target=\"_blank\" rel=\"noopener noreferrer\">https:\/\/sandtler24.de<\/a><\/p>\n<p><\/p><\/div><\/div>\n<div  class=\"lgc-column lgc-grid-parent lgc-grid-20 lgc-tablet-grid-20 lgc-mobile-grid-100 lgc-equal-heights \"><div  class=\"inside-grid-column\">\n<p><img loading=\"lazy\" decoding=\"async\" class=\"alignnone wp-image-56645\" src=\"https:\/\/trackdays.events\/wp-content\/uploads\/2019\/06\/lgo-sandtler24-e1721225996782.png\" alt=\"\" width=\"181\" height=\"50\" \/><\/p>\n<p><\/p><\/div><\/div><div class=\"lgc-clear\"><\/div>\n<hr \/>\n<h1 style=\"text-align: center;\">BELGIEN<\/h1>\n<hr \/>\n<div  class=\"lgc-column lgc-grid-parent lgc-grid-80 lgc-tablet-grid-80 lgc-mobile-grid-100 lgc-equal-heights \"><div  class=\"inside-grid-column\">\n<p><strong>\u2666 MICHA\u00cbL MAZUIN SPORT<\/strong><br \/>\n\u2192 <a href=\"https:\/\/www.mazuin-sport.com\" target=\"_blank\" rel=\"noopener\">https:\/\/www.mazuin-sport.com<\/a><\/p>\n<p><\/p><\/div><\/div>\n<div  class=\"lgc-column lgc-grid-parent lgc-grid-20 lgc-tablet-grid-20 lgc-mobile-grid-100 lgc-equal-heights \"><div  class=\"inside-grid-column\">\n<p><img loading=\"lazy\" decoding=\"async\" class=\"alignnone wp-image-56981\" src=\"https:\/\/trackdays.events\/wp-content\/uploads\/2024\/08\/michael-mazuin-sport-logo.png\" alt=\"\" width=\"113\" height=\"50\" \/><\/p>\n<p><\/p><\/div><\/div><div class=\"lgc-clear\"><\/div>\n<div  class=\"lgc-column lgc-grid-parent lgc-grid-80 lgc-tablet-grid-80 lgc-mobile-grid-100 lgc-equal-heights \"><div  class=\"inside-grid-column\">\n<p><strong>\u2666 SPA RACING<\/strong><br \/>\n\u2192 <a href=\"https:\/\/sparacing.com\/\" target=\"_blank\" rel=\"noopener\">https:\/\/sparacing.com\/<\/a><\/p>\n<p><\/p><\/div><\/div>\n<div  class=\"lgc-column lgc-grid-parent lgc-grid-20 lgc-tablet-grid-20 lgc-mobile-grid-100 lgc-equal-heights \"><div  class=\"inside-grid-column\">\n<p><img loading=\"lazy\" decoding=\"async\" class=\"alignnone wp-image-56672\" src=\"https:\/\/trackdays.events\/wp-content\/uploads\/2019\/06\/logo-spa-racing.png\" alt=\"\" width=\"65\" height=\"50\" srcset=\"https:\/\/trackdays.events\/wp-content\/uploads\/2019\/06\/logo-spa-racing.png 1339w, https:\/\/trackdays.events\/wp-content\/uploads\/2019\/06\/logo-spa-racing-300x229.png 300w, https:\/\/trackdays.events\/wp-content\/uploads\/2019\/06\/logo-spa-racing-1024x783.png 1024w, https:\/\/trackdays.events\/wp-content\/uploads\/2019\/06\/logo-spa-racing-768x587.png 768w\" sizes=\"auto, (max-width: 65px) 100vw, 65px\" \/><\/p>\n<p><\/p><\/div><\/div><div class=\"lgc-clear\"><\/div>\n<hr \/>\n<h1 style=\"text-align: center;\">FRANKREICH<\/h1>\n<hr \/>\n<div  class=\"lgc-column lgc-grid-parent lgc-grid-80 lgc-tablet-grid-80 lgc-mobile-grid-100 lgc-equal-heights \"><div  class=\"inside-grid-column\">\n<p><strong>\u2666 BPS RACING<br \/>\n<\/strong>\u2192 <a href=\"http:\/\/www.bpsracing.com\" target=\"_blank\" rel=\"noopener noreferrer\">http:\/\/www.bpsracing.com<\/a><\/p>\n<p><\/p><\/div><\/div>\n<div  class=\"lgc-column lgc-grid-parent lgc-grid-20 lgc-tablet-grid-20 lgc-mobile-grid-100 lgc-equal-heights \"><div  class=\"inside-grid-column\">\n<p><img loading=\"lazy\" decoding=\"async\" class=\"alignnone wp-image-56651\" src=\"https:\/\/trackdays.events\/wp-content\/uploads\/2019\/06\/logo-bps-racing.png\" alt=\"\" width=\"153\" height=\"50\" srcset=\"https:\/\/trackdays.events\/wp-content\/uploads\/2019\/06\/logo-bps-racing.png 305w, https:\/\/trackdays.events\/wp-content\/uploads\/2019\/06\/logo-bps-racing-300x98.png 300w\" sizes=\"auto, (max-width: 153px) 100vw, 153px\" \/><\/p>\n<p><\/p><\/div><\/div>\n<div  class=\"lgc-column lgc-grid-parent lgc-grid-80 lgc-tablet-grid-80 lgc-mobile-grid-100 lgc-equal-heights \"><div  class=\"inside-grid-column\">\n<p><strong>\u2666 GRAND PRIX RACEWEAR<\/strong><br \/>\n\u2192 <a href=\"https:\/\/www.grandprixracewear.fr\" target=\"_blank\" rel=\"noopener\">https:\/\/www.grandprixracewear.fr<\/a><\/p>\n<p><\/p><\/div><\/div>\n<div  class=\"lgc-column lgc-grid-parent lgc-grid-20 lgc-tablet-grid-20 lgc-mobile-grid-100 lgc-equal-heights \"><div  class=\"inside-grid-column\">\n<p><img loading=\"lazy\" decoding=\"async\" class=\"alignnone wp-image-56657\" src=\"https:\/\/trackdays.events\/wp-content\/uploads\/2019\/06\/logo-grandprixracewear.png\" alt=\"\" width=\"214\" height=\"50\" srcset=\"https:\/\/trackdays.events\/wp-content\/uploads\/2019\/06\/logo-grandprixracewear.png 450w, https:\/\/trackdays.events\/wp-content\/uploads\/2019\/06\/logo-grandprixracewear-300x70.png 300w\" sizes=\"auto, (max-width: 214px) 100vw, 214px\" \/><\/p>\n<p><\/p><\/div><\/div>\n<div  class=\"lgc-column lgc-grid-parent lgc-grid-80 lgc-tablet-grid-80 lgc-mobile-grid-100 lgc-equal-heights \"><div  class=\"inside-grid-column\">\n<p>\u2666 <strong>GT2i<br \/>\n<\/strong>\u2192 <a href=\"https:\/\/www.gt2i.com\/fr\" target=\"_blank\" rel=\"noopener noreferrer\">https:\/\/www.gt2i.com\/fr<\/a><\/p>\n<p><\/p><\/div><\/div>\n<div  class=\"lgc-column lgc-grid-parent lgc-grid-20 lgc-tablet-grid-20 lgc-mobile-grid-100 lgc-equal-heights \"><div  class=\"inside-grid-column\">\n<p><img loading=\"lazy\" decoding=\"async\" class=\"alignnone wp-image-56660\" src=\"https:\/\/trackdays.events\/wp-content\/uploads\/2019\/06\/logo-gt2i.png\" alt=\"\" width=\"50\" height=\"50\" srcset=\"https:\/\/trackdays.events\/wp-content\/uploads\/2019\/06\/logo-gt2i.png 512w, https:\/\/trackdays.events\/wp-content\/uploads\/2019\/06\/logo-gt2i-300x300.png 300w, https:\/\/trackdays.events\/wp-content\/uploads\/2019\/06\/logo-gt2i-150x150.png 150w, https:\/\/trackdays.events\/wp-content\/uploads\/2019\/06\/logo-gt2i-170x170.png 170w\" sizes=\"auto, (max-width: 50px) 100vw, 50px\" \/><\/p>\n<p><\/p><\/div><\/div>\n<div  class=\"lgc-column lgc-grid-parent lgc-grid-80 lgc-tablet-grid-80 lgc-mobile-grid-100 lgc-equal-heights \"><div  class=\"inside-grid-column\">\n<p><strong>\u2666 ORECA S<\/strong><strong>TORE<br \/>\n<\/strong>\u2192 <a href=\"http:\/\/www.oreca-store.com\" target=\"_blank\" rel=\"noopener noreferrer\">http:\/\/www.oreca-store.com<\/a><\/p>\n<p><\/p><\/div><\/div>\n<div  class=\"lgc-column lgc-grid-parent lgc-grid-20 lgc-tablet-grid-20 lgc-mobile-grid-100 lgc-equal-heights \"><div  class=\"inside-grid-column\">\n<p><img loading=\"lazy\" decoding=\"async\" class=\"alignnone wp-image-56688\" src=\"https:\/\/trackdays.events\/wp-content\/uploads\/2024\/07\/logo-oreca.png\" alt=\"\" width=\"236\" height=\"50\" srcset=\"https:\/\/trackdays.events\/wp-content\/uploads\/2024\/07\/logo-oreca.png 917w, https:\/\/trackdays.events\/wp-content\/uploads\/2024\/07\/logo-oreca-300x63.png 300w, https:\/\/trackdays.events\/wp-content\/uploads\/2024\/07\/logo-oreca-768x162.png 768w\" sizes=\"auto, (max-width: 236px) 100vw, 236px\" \/><\/p>\n<p><\/p><\/div><\/div>\n<div  class=\"lgc-column lgc-grid-parent lgc-grid-80 lgc-tablet-grid-80 lgc-mobile-grid-100 lgc-equal-heights \"><div  class=\"inside-grid-column\">\n<p><strong>\u2666 RRS &#8211; Rally Racing Sport<\/strong><br \/>\n\u2192 <a href=\"https:\/\/rrs-direct.com\" target=\"_blank\" rel=\"noopener noreferrer\">https:\/\/rrs-direct.com<\/a><\/p>\n<p><\/p><\/div><\/div>\n<div  class=\"lgc-column lgc-grid-parent lgc-grid-20 lgc-tablet-grid-20 lgc-mobile-grid-100 lgc-equal-heights \"><div  class=\"inside-grid-column\">\n<p><img loading=\"lazy\" decoding=\"async\" class=\"alignnone wp-image-56691\" src=\"https:\/\/trackdays.events\/wp-content\/uploads\/2024\/07\/Logo-RRS-1-e1721227403586.jpg\" alt=\"\" width=\"212\" height=\"50\" srcset=\"https:\/\/trackdays.events\/wp-content\/uploads\/2024\/07\/Logo-RRS-1-e1721227403586.jpg 1938w, https:\/\/trackdays.events\/wp-content\/uploads\/2024\/07\/Logo-RRS-1-e1721227403586-300x71.jpg 300w, https:\/\/trackdays.events\/wp-content\/uploads\/2024\/07\/Logo-RRS-1-e1721227403586-1024x242.jpg 1024w, https:\/\/trackdays.events\/wp-content\/uploads\/2024\/07\/Logo-RRS-1-e1721227403586-768x181.jpg 768w, https:\/\/trackdays.events\/wp-content\/uploads\/2024\/07\/Logo-RRS-1-e1721227403586-1536x363.jpg 1536w\" sizes=\"auto, (max-width: 212px) 100vw, 212px\" \/><\/p>\n<p><\/p><\/div><\/div>\n<div  class=\"lgc-column lgc-grid-parent lgc-grid-80 lgc-tablet-grid-80 lgc-mobile-grid-100 lgc-equal-heights \"><div  class=\"inside-grid-column\">\n<p><strong>\u2666 STAND21<br \/>\n<\/strong>\u2192 <a href=\"http:\/\/fr.stand21.com\" target=\"_blank\" rel=\"noopener noreferrer\">http:\/\/fr.stand21.com<\/a><\/p>\n<p><\/p><\/div><\/div>\n<div  class=\"lgc-column lgc-grid-parent lgc-grid-20 lgc-tablet-grid-20 lgc-mobile-grid-100 lgc-equal-heights \"><div  class=\"inside-grid-column\">\n<p><img loading=\"lazy\" decoding=\"async\" class=\"alignnone wp-image-56675\" src=\"https:\/\/trackdays.events\/wp-content\/uploads\/2019\/06\/logo-stand-21-e1721227480731.webp\" alt=\"\" width=\"161\" height=\"50\" srcset=\"https:\/\/trackdays.events\/wp-content\/uploads\/2019\/06\/logo-stand-21-e1721227480731.webp 826w, https:\/\/trackdays.events\/wp-content\/uploads\/2019\/06\/logo-stand-21-e1721227480731-300x93.webp 300w, https:\/\/trackdays.events\/wp-content\/uploads\/2019\/06\/logo-stand-21-e1721227480731-768x238.webp 768w\" sizes=\"auto, (max-width: 161px) 100vw, 161px\" \/><\/p>\n<p><\/p><\/div><\/div>\n<div  class=\"lgc-column lgc-grid-parent lgc-grid-80 lgc-tablet-grid-80 lgc-mobile-grid-100 lgc-equal-heights \"><div  class=\"inside-grid-column\">\n<p>\u2666 <strong>TECHNOPLUS<br \/>\n<\/strong>\u2192 <a href=\"http:\/\/www.techno-plus.eu\" target=\"_blank\" rel=\"noopener noreferrer\">http:\/\/www.techno-plus.eu<\/a><\/p>\n<p><\/p><\/div><\/div>\n<div  class=\"lgc-column lgc-grid-parent lgc-grid-20 lgc-tablet-grid-20 lgc-mobile-grid-100 lgc-equal-heights \"><div  class=\"inside-grid-column\">\n<p><img loading=\"lazy\" decoding=\"async\" class=\"alignnone wp-image-56678\" src=\"https:\/\/trackdays.events\/wp-content\/uploads\/2019\/06\/logo-technoplus.jpg\" alt=\"\" width=\"130\" height=\"50\" \/><\/p>\n<p><\/p><\/div><\/div>\n<hr \/>\n<h1 style=\"text-align: center;\">SCHWEIZ<\/h1>\n<hr \/>\n<div  class=\"lgc-column lgc-grid-parent lgc-grid-80 lgc-tablet-grid-80 lgc-mobile-grid-100 lgc-equal-heights \"><div  class=\"inside-grid-column\">\n<p><strong>\u2666 APEX PERFORMANCE<br \/>\n<\/strong>\u2192 <a href=\"https:\/\/apexperformance.ch\" target=\"_blank\" rel=\"noopener noreferrer\">https:\/\/apexperformance.ch<\/a><\/p>\n<p><\/p><\/div><\/div>\n<div  class=\"lgc-column lgc-grid-parent lgc-grid-20 lgc-tablet-grid-20 lgc-mobile-grid-100 lgc-equal-heights \"><div  class=\"inside-grid-column\">\n<p><img loading=\"lazy\" decoding=\"async\" class=\"alignnone wp-image-56648\" src=\"https:\/\/trackdays.events\/wp-content\/uploads\/2019\/06\/logo-apex-performance.png\" alt=\"\" width=\"154\" height=\"50\" \/><\/p>\n<p><\/p><\/div><\/div>\n<div  class=\"lgc-column lgc-grid-parent lgc-grid-80 lgc-tablet-grid-80 lgc-mobile-grid-100 lgc-equal-heights \"><div  class=\"inside-grid-column\">\n<p><strong>\u2666 FORCAR &#8211; TUNING &amp; CARSTYLING<br \/>\n<\/strong>\u2192 <a href=\"http:\/\/www.forcar.ch\" target=\"_blank\" rel=\"noopener noreferrer\">http:\/\/www.forcar.ch<\/a><\/p>\n<p><\/p><\/div><\/div>\n<div  class=\"lgc-column lgc-grid-parent lgc-grid-20 lgc-tablet-grid-20 lgc-mobile-grid-100 lgc-equal-heights \"><div  class=\"inside-grid-column\">\n<p><img loading=\"lazy\" decoding=\"async\" class=\"alignnone wp-image-56654\" src=\"https:\/\/trackdays.events\/wp-content\/uploads\/2019\/06\/logo-forcar-suisse.png\" alt=\"\" width=\"274\" height=\"50\" srcset=\"https:\/\/trackdays.events\/wp-content\/uploads\/2019\/06\/logo-forcar-suisse.png 1196w, https:\/\/trackdays.events\/wp-content\/uploads\/2019\/06\/logo-forcar-suisse-300x55.png 300w, https:\/\/trackdays.events\/wp-content\/uploads\/2019\/06\/logo-forcar-suisse-1024x187.png 1024w, https:\/\/trackdays.events\/wp-content\/uploads\/2019\/06\/logo-forcar-suisse-768x140.png 768w\" sizes=\"auto, (max-width: 274px) 100vw, 274px\" \/><\/p>\n<p><\/p><\/div><\/div>\n<div  class=\"lgc-column lgc-grid-parent lgc-grid-80 lgc-tablet-grid-80 lgc-mobile-grid-100 lgc-equal-heights \"><div  class=\"inside-grid-column\">\n<p>\u2666 <strong>GT2i (ex-Swissimex)<br \/>\n<\/strong>\u2192 <a href=\"https:\/\/www.gt2i.ch\" target=\"_blank\" rel=\"noopener noreferrer\">https:\/\/www.gt2i.ch<\/a><\/p>\n<p><\/p><\/div><\/div>\n<div  class=\"lgc-column lgc-grid-parent lgc-grid-20 lgc-tablet-grid-20 lgc-mobile-grid-100 lgc-equal-heights \"><div  class=\"inside-grid-column\">\n<p><img loading=\"lazy\" decoding=\"async\" class=\"alignnone wp-image-56660\" src=\"https:\/\/trackdays.events\/wp-content\/uploads\/2019\/06\/logo-gt2i.png\" alt=\"\" width=\"50\" height=\"50\" srcset=\"https:\/\/trackdays.events\/wp-content\/uploads\/2019\/06\/logo-gt2i.png 512w, https:\/\/trackdays.events\/wp-content\/uploads\/2019\/06\/logo-gt2i-300x300.png 300w, https:\/\/trackdays.events\/wp-content\/uploads\/2019\/06\/logo-gt2i-150x150.png 150w, https:\/\/trackdays.events\/wp-content\/uploads\/2019\/06\/logo-gt2i-170x170.png 170w\" sizes=\"auto, (max-width: 50px) 100vw, 50px\" \/><\/p>\n<p><\/p><\/div><\/div>\n<div  class=\"lgc-column lgc-grid-parent lgc-grid-80 lgc-tablet-grid-80 lgc-mobile-grid-100 lgc-equal-heights \"><div  class=\"inside-grid-column\">\n<p><strong>\u2666 Trackparts.ch<\/strong><br \/>\n\u2192 <a href=\"https:\/\/trackparts.ch\/\" target=\"_blank\" rel=\"noopener noreferrer\">https:\/\/trackparts.ch\/<\/a><\/p>\n<p><\/p><\/div><\/div>\n<div  class=\"lgc-column lgc-grid-parent lgc-grid-20 lgc-tablet-grid-20 lgc-mobile-grid-100 lgc-equal-heights \"><div  class=\"inside-grid-column\">\n<p><img loading=\"lazy\" decoding=\"async\" class=\"alignnone wp-image-56681\" src=\"https:\/\/trackdays.events\/wp-content\/uploads\/2019\/06\/logo-trackparts-1.png\" alt=\"\" width=\"264\" height=\"50\" srcset=\"https:\/\/trackdays.events\/wp-content\/uploads\/2019\/06\/logo-trackparts-1.png 1773w, https:\/\/trackdays.events\/wp-content\/uploads\/2019\/06\/logo-trackparts-1-300x57.png 300w, https:\/\/trackdays.events\/wp-content\/uploads\/2019\/06\/logo-trackparts-1-1024x194.png 1024w, https:\/\/trackdays.events\/wp-content\/uploads\/2019\/06\/logo-trackparts-1-768x146.png 768w, https:\/\/trackdays.events\/wp-content\/uploads\/2019\/06\/logo-trackparts-1-1536x291.png 1536w\" sizes=\"auto, (max-width: 264px) 100vw, 264px\" \/><\/p>\n<p><\/p><\/div><\/div>\n<hr \/>\n<p><img loading=\"lazy\" decoding=\"async\" class=\"wp-image-33514 aligncenter\" src=\"https:\/\/trackdays.events\/wp-content\/uploads\/2020\/04\/N8A3270.jpg\" alt=\"\" width=\"600\" height=\"400\" srcset=\"https:\/\/trackdays.events\/wp-content\/uploads\/2020\/04\/N8A3270.jpg 5760w, https:\/\/trackdays.events\/wp-content\/uploads\/2020\/04\/N8A3270-300x200.jpg 300w, https:\/\/trackdays.events\/wp-content\/uploads\/2020\/04\/N8A3270-768x512.jpg 768w, https:\/\/trackdays.events\/wp-content\/uploads\/2020\/04\/N8A3270-1024x683.jpg 1024w\" sizes=\"auto, (max-width: 600px) 100vw, 600px\" \/><\/p>\n<p style=\"text-align: center;\">Besitzen Sie einen Shop und\/oder einen Online-Shop mit einer grossen Angebotspalette<br \/>\nund m\u00f6chten auf unserer Homepage aufgef\u00fchrt werden ?<br \/>\nDann senden Sie uns doch eine kurze Nachricht mit Ihren Angaben !<br \/>\n<a href=\"mailto:info@trackdays.events\" target=\"_blank\" rel=\"noopener\"><strong><span style=\"color: #800080;\">info@trackdays.events<\/span><\/strong><\/a><\/p>\n<p><img loading=\"lazy\" decoding=\"async\" class=\"wp-image-37596 aligncenter\" src=\"https:\/\/trackdays.events\/wp-content\/uploads\/2021\/01\/Checkered-Flag-1-1.jpg\" alt=\"\" width=\"300\" height=\"43\" srcset=\"https:\/\/trackdays.events\/wp-content\/uploads\/2021\/01\/Checkered-Flag-1-1.jpg 1798w, https:\/\/trackdays.events\/wp-content\/uploads\/2021\/01\/Checkered-Flag-1-1-300x43.jpg 300w, https:\/\/trackdays.events\/wp-content\/uploads\/2021\/01\/Checkered-Flag-1-1-1024x146.jpg 1024w, https:\/\/trackdays.events\/wp-content\/uploads\/2021\/01\/Checkered-Flag-1-1-768x109.jpg 768w, https:\/\/trackdays.events\/wp-content\/uploads\/2021\/01\/Checkered-Flag-1-1-1536x219.jpg 1536w\" sizes=\"auto, (max-width: 300px) 100vw, 300px\" \/><\/p>\n","protected":false},"excerpt":{"rendered":"<p>Hier finden Sie einige gute Adressen von Spezialisten f\u00fcr Autoteile sowie Zubeh\u00f6r und\/oder f\u00fcr die Ausstattung des Fahrers. Sind heute ein Auto-\/Motorrad- oder Jet-Helm und Sportbekleidung (lange Jeans und lange Hemden) auf den meisten Rennstrecken nach wie vor erlaubt, werden die Sportbeh\u00f6rden (FIA, FFSA, Rennstrecken-Eigent\u00fcmer, usw.) in Zukunft von den Fahrern und von ihren Beifahrern [&hellip;]<\/p>\n","protected":false},"author":2,"featured_media":0,"parent":0,"menu_order":0,"comment_status":"closed","ping_status":"closed","template":"","meta":{"_acf_changed":false,"footnotes":""},"class_list":["post-30365","page","type-page","status-publish","hentry"],"acf":[],"_links":{"self":[{"href":"https:\/\/trackdays.events\/de\/wp-json\/wp\/v2\/pages\/30365","targetHints":{"allow":["GET"]}}],"collection":[{"href":"https:\/\/trackdays.events\/de\/wp-json\/wp\/v2\/pages"}],"about":[{"href":"https:\/\/trackdays.events\/de\/wp-json\/wp\/v2\/types\/page"}],"author":[{"embeddable":true,"href":"https:\/\/trackdays.events\/de\/wp-json\/wp\/v2\/users\/2"}],"replies":[{"embeddable":true,"href":"https:\/\/trackdays.events\/de\/wp-json\/wp\/v2\/comments?post=30365"}],"version-history":[{"count":7,"href":"https:\/\/trackdays.events\/de\/wp-json\/wp\/v2\/pages\/30365\/revisions"}],"predecessor-version":[{"id":56999,"href":"https:\/\/trackdays.events\/de\/wp-json\/wp\/v2\/pages\/30365\/revisions\/56999"}],"wp:attachment":[{"href":"https:\/\/trackdays.events\/de\/wp-json\/wp\/v2\/media?parent=30365"}],"curies":[{"name":"wp","href":"https:\/\/api.w.org\/{rel}","templated":true}]}}