{"id":30368,"date":"2019-05-09T22:45:45","date_gmt":"2019-05-09T20:45:45","guid":{"rendered":"https:\/\/www.trackdays.events\/?page_id=30368"},"modified":"2024-11-13T15:51:42","modified_gmt":"2024-11-13T14:51:42","slug":"artistes-artisans","status":"publish","type":"page","link":"https:\/\/trackdays.events\/de\/artistes-artisans\/","title":{"rendered":"K\u00fcnstler\/Helm-Designers\/Fotografen"},"content":{"rendered":"<p><img loading=\"lazy\" decoding=\"async\" class=\"alignnone wp-image-57213 size-full\" src=\"https:\/\/trackdays.events\/wp-content\/uploads\/2024\/09\/pinceaux-couleur.jpg\" alt=\"\" width=\"1200\" height=\"800\" srcset=\"https:\/\/trackdays.events\/wp-content\/uploads\/2024\/09\/pinceaux-couleur.jpg 1200w, https:\/\/trackdays.events\/wp-content\/uploads\/2024\/09\/pinceaux-couleur-300x200.jpg 300w, https:\/\/trackdays.events\/wp-content\/uploads\/2024\/09\/pinceaux-couleur-1024x683.jpg 1024w, https:\/\/trackdays.events\/wp-content\/uploads\/2024\/09\/pinceaux-couleur-768x512.jpg 768w\" sizes=\"auto, (max-width: 1200px) 100vw, 1200px\" \/><\/p>\n<p>In dieser Rubrik wollen wir jenen K\u00fcnstlern\/Handwerkern eine Plattform bieten, welche durch ihr gro\u00dfes K\u00f6nnen, Talent und durch Ihre Intuition unsere Leidenschaft f\u00fcr Rennstrecken und Sportwagen, seien sie neu oder alt, teilen.<\/p>\n<p>Malen Sie Ihre Kunstwerke auf Gem\u00e4lde, auf Helme? Sind Sie Bildhauer oder Karikaturist? M\u00f6chten Sie \u00fcber unsere Website f\u00fcr sich und f\u00fcr Ihre Kunstwerke werben? Dann senden Sie uns Ihre vollst\u00e4ndigen Kontaktdaten und einige Fotos Ihrer Arbeit. Bitte best\u00e4tigen Sie uns ausdr\u00fccklich Ihr Einverst\u00e4ndnis, Ihre Fotos unten ver\u00f6ffentlichen zu d\u00fcrfen.<\/p>\n<hr \/>\n<p><strong>AMATO DESIGN, Kunstmaler f\u00fcr Helme<br \/>\n<\/strong><\/p>\n<p style=\"text-align: center;\">&#8222;The Helmet Art&#8220;<\/p>\n<p style=\"text-align: center;\"><img loading=\"lazy\" decoding=\"async\" class=\"alignnone wp-image-31530\" src=\"https:\/\/trackdays.events\/wp-content\/uploads\/2019\/11\/amato-design-02-2-300x238.jpg\" alt=\"\" width=\"231\" height=\"183\" srcset=\"https:\/\/trackdays.events\/wp-content\/uploads\/2019\/11\/amato-design-02-2-300x238.jpg 300w, https:\/\/trackdays.events\/wp-content\/uploads\/2019\/11\/amato-design-02-2-768x610.jpg 768w, https:\/\/trackdays.events\/wp-content\/uploads\/2019\/11\/amato-design-02-2-100x80.jpg 100w, https:\/\/trackdays.events\/wp-content\/uploads\/2019\/11\/amato-design-02-2.jpg 854w\" sizes=\"auto, (max-width: 231px) 100vw, 231px\" \/> <img loading=\"lazy\" decoding=\"async\" class=\"alignnone wp-image-31527 size-medium\" src=\"https:\/\/trackdays.events\/wp-content\/uploads\/2019\/11\/amato-design-01-2-300x183.jpg\" alt=\"\" width=\"300\" height=\"183\" srcset=\"https:\/\/trackdays.events\/wp-content\/uploads\/2019\/11\/amato-design-01-2-300x183.jpg 300w, https:\/\/trackdays.events\/wp-content\/uploads\/2019\/11\/amato-design-01-2-768x469.jpg 768w, https:\/\/trackdays.events\/wp-content\/uploads\/2019\/11\/amato-design-01-2.jpg 900w\" sizes=\"auto, (max-width: 300px) 100vw, 300px\" \/><\/p>\n<p style=\"text-align: center;\">AMATO DESIGN &#8211; +33 6 75 75 27 33 &#8211; <a href=\"mailto:contact@amato-design.fr\" target=\"_blank\" rel=\"noopener\">contact@amato-design.fr<\/a> &#8211; <a href=\"http:\/\/www.amato-design.fr\" target=\"_blank\" rel=\"noopener\">www.amato-design.fr<\/a><\/p>\n<hr \/>\n<p><strong>B-Design, Kunstmaler f\u00fcr Helme<br \/>\n<\/strong><\/p>\n<p style=\"text-align: center;\">&#8222;B-Design&#8230; au\u00dfergew\u00f6hnliche Malerei !&#8220;<\/p>\n<p><img loading=\"lazy\" decoding=\"async\" class=\"aligncenter wp-image-56815\" src=\"https:\/\/trackdays.events\/wp-content\/uploads\/2024\/07\/b-design.jpg\" alt=\"\" width=\"600\" height=\"251\" srcset=\"https:\/\/trackdays.events\/wp-content\/uploads\/2024\/07\/b-design.jpg 759w, https:\/\/trackdays.events\/wp-content\/uploads\/2024\/07\/b-design-300x125.jpg 300w\" sizes=\"auto, (max-width: 600px) 100vw, 600px\" \/><\/p>\n<p style=\"text-align: center;\"><a href=\"https:\/\/www.b-design.fr\/\" target=\"_blank\" rel=\"noopener\">https:\/\/www.b-design.fr\/<\/a> &#8211; <a href=\"mailto:info@b-design.fr\" target=\"_blank\" rel=\"noopener\">info@b-design.fr<\/a><\/p>\n<hr \/>\n<p><strong>BESSONNAT Corinne, (bekannt unter dem K\u00fcnstlername Cob\u00e9), Kunstmalerin<br \/>\n<\/strong><\/p>\n<p style=\"text-align: center;\">&#8222;Ihr Auto ist ein Juwel, den ich in einem Bilderrahmen verewige!&#8220;<\/p>\n<p style=\"text-align: center;\">Hier sind einige Bilder von Corinne&#8217;s gro\u00dfartigen Werken (mit der exklusiven Erlaubnis der K\u00fcnstlerin)!<\/p>\n<p style=\"text-align: center;\">\u00a0<img loading=\"lazy\" decoding=\"async\" class=\"alignnone wp-image-30176\" src=\"https:\/\/trackdays.events\/wp-content\/uploads\/2019\/07\/corinne-02-300x206.jpg\" alt=\"\" width=\"240\" height=\"165\" srcset=\"https:\/\/trackdays.events\/wp-content\/uploads\/2019\/07\/corinne-02-300x206.jpg 300w, https:\/\/trackdays.events\/wp-content\/uploads\/2019\/07\/corinne-02-768x527.jpg 768w, https:\/\/trackdays.events\/wp-content\/uploads\/2019\/07\/corinne-02-1024x703.jpg 1024w\" sizes=\"auto, (max-width: 240px) 100vw, 240px\" \/> <img loading=\"lazy\" decoding=\"async\" class=\"alignnone wp-image-30179\" src=\"https:\/\/trackdays.events\/wp-content\/uploads\/2019\/07\/corinne-03-300x235.jpg\" alt=\"\" width=\"256\" height=\"200\" srcset=\"https:\/\/trackdays.events\/wp-content\/uploads\/2019\/07\/corinne-03-300x235.jpg 300w, https:\/\/trackdays.events\/wp-content\/uploads\/2019\/07\/corinne-03-768x601.jpg 768w, https:\/\/trackdays.events\/wp-content\/uploads\/2019\/07\/corinne-03-1024x801.jpg 1024w\" sizes=\"auto, (max-width: 256px) 100vw, 256px\" \/> <img loading=\"lazy\" decoding=\"async\" class=\"alignnone wp-image-30173\" src=\"https:\/\/trackdays.events\/wp-content\/uploads\/2019\/07\/corinne-1-300x213.jpg\" alt=\"\" width=\"231\" height=\"164\" srcset=\"https:\/\/trackdays.events\/wp-content\/uploads\/2019\/07\/corinne-1-300x213.jpg 300w, https:\/\/trackdays.events\/wp-content\/uploads\/2019\/07\/corinne-1-768x545.jpg 768w, https:\/\/trackdays.events\/wp-content\/uploads\/2019\/07\/corinne-1-1024x726.jpg 1024w\" sizes=\"auto, (max-width: 231px) 100vw, 231px\" \/><\/p>\n<p style=\"text-align: center;\">Tel.: +33 6 61 13 24 43 &#8211; <a href=\"mailto:corinne.bessonn@hotmail.fr\" target=\"_blank\" rel=\"noopener\">corinne.bessonn@hotmail.fr<\/a>&#8211; <a href=\"http:\/\/www.atelier-de-corinne.fr\" target=\"_blank\" rel=\"noopener\">http:\/\/www.atelier-de-corinne.fr<\/a><\/p>\n<hr \/>\n<p><strong>CARSTREETSPOTTERS<\/strong><\/p>\n<p><img loading=\"lazy\" decoding=\"async\" class=\"alignnone wp-image-51655 aligncenter\" src=\"https:\/\/trackdays.events\/wp-content\/uploads\/2023\/08\/Bestof-HD-Magny-Cours-7-scaled.jpg\" alt=\"\" width=\"600\" height=\"289\" srcset=\"https:\/\/trackdays.events\/wp-content\/uploads\/2023\/08\/Bestof-HD-Magny-Cours-7-scaled.jpg 2560w, https:\/\/trackdays.events\/wp-content\/uploads\/2023\/08\/Bestof-HD-Magny-Cours-7-300x144.jpg 300w, https:\/\/trackdays.events\/wp-content\/uploads\/2023\/08\/Bestof-HD-Magny-Cours-7-1024x493.jpg 1024w, https:\/\/trackdays.events\/wp-content\/uploads\/2023\/08\/Bestof-HD-Magny-Cours-7-768x370.jpg 768w, https:\/\/trackdays.events\/wp-content\/uploads\/2023\/08\/Bestof-HD-Magny-Cours-7-1536x739.jpg 1536w, https:\/\/trackdays.events\/wp-content\/uploads\/2023\/08\/Bestof-HD-Magny-Cours-7-2048x985.jpg 2048w\" sizes=\"auto, (max-width: 600px) 100vw, 600px\" \/><\/p>\n<p style=\"text-align: center;\"><strong><span style=\"color: #ff0000;\">C<\/span>AR<span style=\"color: #ff0000;\">S<\/span>TREET<span style=\"color: #ff0000;\">S<\/span>POTTERS <\/strong>ist einer der Partner, die unsere Website noch attraktiver machen. Vielen Dank !<\/p>\n<p style=\"text-align: center;\"><a href=\"https:\/\/www.carstreetspotters.fr\/\" target=\"_blank\" rel=\"noopener\">https:\/\/www.carstreetspotters.fr\/<\/a> &#8211; <a href=\"mailto:carstreetspotters@gmail.com\" target=\"_blank\" rel=\"noopener\">carstreetspotters@gmail.com<\/a><\/p>\n<hr \/>\n<p><strong>FROZENSPEED, Motorsport Photography<\/strong><\/p>\n<p><img loading=\"lazy\" decoding=\"async\" class=\"aligncenter wp-image-57943\" src=\"https:\/\/trackdays.events\/wp-content\/uploads\/2024\/11\/frozenspeed-2025_cover.jpg\" alt=\"\" width=\"600\" height=\"313\" srcset=\"https:\/\/trackdays.events\/wp-content\/uploads\/2024\/11\/frozenspeed-2025_cover.jpg 1280w, https:\/\/trackdays.events\/wp-content\/uploads\/2024\/11\/frozenspeed-2025_cover-300x156.jpg 300w, https:\/\/trackdays.events\/wp-content\/uploads\/2024\/11\/frozenspeed-2025_cover-1024x534.jpg 1024w, https:\/\/trackdays.events\/wp-content\/uploads\/2024\/11\/frozenspeed-2025_cover-768x400.jpg 768w\" sizes=\"auto, (max-width: 600px) 100vw, 600px\" \/><\/p>\n<p style=\"text-align: center;\"><a href=\"http:\/\/www.frozenspeed.com\/\" target=\"_blank\" rel=\"noopener\">http:\/\/www.frozenspeed.com\/<\/a><\/p>\n<hr \/>\n<p><strong>JCB CREATION &amp; JCB ACADEMY<\/strong><\/p>\n<p><img loading=\"lazy\" decoding=\"async\" class=\"aligncenter wp-image-57966\" src=\"https:\/\/trackdays.events\/wp-content\/uploads\/2024\/11\/jcb-creation.jpg\" alt=\"\" width=\"300\" height=\"230\" srcset=\"https:\/\/trackdays.events\/wp-content\/uploads\/2024\/11\/jcb-creation.jpg 1500w, https:\/\/trackdays.events\/wp-content\/uploads\/2024\/11\/jcb-creation-300x230.jpg 300w, https:\/\/trackdays.events\/wp-content\/uploads\/2024\/11\/jcb-creation-1024x785.jpg 1024w, https:\/\/trackdays.events\/wp-content\/uploads\/2024\/11\/jcb-creation-768x589.jpg 768w\" sizes=\"auto, (max-width: 300px) 100vw, 300px\" \/><\/p>\n<p style=\"text-align: center;\"><a href=\"https:\/\/www.jcbcreation.com\/\">https:\/\/www.jcbcreation.com\/<\/a><\/p>\n<hr \/>\n<p><strong>MARTY DESIGN &#8211; CUSTOM PAINTS<\/strong><\/p>\n<p><img loading=\"lazy\" decoding=\"async\" class=\"aligncenter wp-image-57995\" src=\"https:\/\/trackdays.events\/wp-content\/uploads\/2024\/11\/marty-design-01-300x200.jpeg\" alt=\"\" width=\"300\" height=\"200\" srcset=\"https:\/\/trackdays.events\/wp-content\/uploads\/2024\/11\/marty-design-01-300x200.jpeg 300w, https:\/\/trackdays.events\/wp-content\/uploads\/2024\/11\/marty-design-01.jpeg 640w\" sizes=\"auto, (max-width: 300px) 100vw, 300px\" \/><\/p>\n<p style=\"text-align: center;\"><a href=\"https:\/\/www.martydesign.ch\/\">https:\/\/www.martydesign.ch\/<\/a><\/p>\n<hr \/>\n<p><strong>MAK DESIGN, Dekorationen auf Helmen<br \/>\n<\/strong><\/p>\n<p style=\"text-align: center;\">&#8222;ein einzigartiges Konzept, gestalten Sie Ihren Helm individuell&#8220;<\/p>\n<p><img loading=\"lazy\" decoding=\"async\" class=\"aligncenter wp-image-56811\" src=\"https:\/\/trackdays.events\/wp-content\/uploads\/2024\/07\/mak-design.jpg\" alt=\"\" width=\"600\" height=\"245\" srcset=\"https:\/\/trackdays.events\/wp-content\/uploads\/2024\/07\/mak-design.jpg 1300w, https:\/\/trackdays.events\/wp-content\/uploads\/2024\/07\/mak-design-300x122.jpg 300w, https:\/\/trackdays.events\/wp-content\/uploads\/2024\/07\/mak-design-1024x417.jpg 1024w, https:\/\/trackdays.events\/wp-content\/uploads\/2024\/07\/mak-design-768x313.jpg 768w\" sizes=\"auto, (max-width: 600px) 100vw, 600px\" \/><\/p>\n<p style=\"text-align: center;\"><a href=\"https:\/\/mymakdesign.com\/\" target=\"_blank\" rel=\"noopener\">https:\/\/mymakdesign.com\/<\/a> &#8211; <a href=\"mailto:suivi@mymakdesign.com\" target=\"_blank\" rel=\"noopener\">suivi@mymakdesign.com<\/a><\/p>\n<hr \/>\n<p><strong>SENNWALD Philippe (bekannt unter dem K\u00fcnstlernamen SEN), Pressekarikaturist, humoristische Zeichnungen<br \/>\n<\/strong><\/p>\n<p style=\"text-align: center;\">SEN hat die Karikaturen f\u00fcr unsere Website freundlicherweise erstellt !<img loading=\"lazy\" decoding=\"async\" class=\"size-medium wp-image-30930 aligncenter\" src=\"https:\/\/trackdays.events\/wp-content\/uploads\/2019\/08\/sen-01-256x300.jpg\" alt=\"\" width=\"256\" height=\"300\" srcset=\"https:\/\/trackdays.events\/wp-content\/uploads\/2019\/08\/sen-01-256x300.jpg 256w, https:\/\/trackdays.events\/wp-content\/uploads\/2019\/08\/sen-01-768x901.jpg 768w, https:\/\/trackdays.events\/wp-content\/uploads\/2019\/08\/sen-01-872x1024.jpg 872w, https:\/\/trackdays.events\/wp-content\/uploads\/2019\/08\/sen-01.jpg 1007w\" sizes=\"auto, (max-width: 256px) 100vw, 256px\" \/>SEN CREATION &#8211; +41 78 710 22 92 &#8211;<a href=\"mailto:info@sencreation.com\" target=\"_blank\" rel=\"noopener\">info@sencreation.com<\/a> &#8211; <a href=\"http:\/\/www.sencreation.com\" target=\"_blank\" rel=\"noopener\">http:\/\/www.sencreation.com<\/a><\/p>\n<hr \/>\n<p><strong>SPYK PHOTO (AGENCE SPYK &#8211; LES SPECIALISTES DES SPORTS MECANIQUES)<\/strong><\/p>\n<p><img loading=\"lazy\" decoding=\"async\" class=\"wp-image-41113 aligncenter\" src=\"https:\/\/trackdays.events\/wp-content\/uploads\/2021\/07\/spyk-photo-02.jpg\" alt=\"\" width=\"600\" height=\"337\" srcset=\"https:\/\/trackdays.events\/wp-content\/uploads\/2021\/07\/spyk-photo-02.jpg 2048w, https:\/\/trackdays.events\/wp-content\/uploads\/2021\/07\/spyk-photo-02-300x169.jpg 300w, https:\/\/trackdays.events\/wp-content\/uploads\/2021\/07\/spyk-photo-02-1024x576.jpg 1024w, https:\/\/trackdays.events\/wp-content\/uploads\/2021\/07\/spyk-photo-02-768x432.jpg 768w, https:\/\/trackdays.events\/wp-content\/uploads\/2021\/07\/spyk-photo-02-1536x863.jpg 1536w, https:\/\/trackdays.events\/wp-content\/uploads\/2021\/07\/spyk-photo-02-1140x640.jpg 1140w\" sizes=\"auto, (max-width: 600px) 100vw, 600px\" \/><\/p>\n<p style=\"text-align: center;\">SPYK PHOTO ist einer unserer Fotopartner, die es uns erm\u00f6glichen, unsere Website aufzupeppen. Vielen Dank !<\/p>\n<p><img loading=\"lazy\" decoding=\"async\" class=\"size-medium wp-image-41101 aligncenter\" src=\"https:\/\/trackdays.events\/wp-content\/uploads\/2021\/07\/logo-spyk-photo-300x82.png\" alt=\"\" width=\"300\" height=\"82\" srcset=\"https:\/\/trackdays.events\/wp-content\/uploads\/2021\/07\/logo-spyk-photo-300x82.png 300w, https:\/\/trackdays.events\/wp-content\/uploads\/2021\/07\/logo-spyk-photo-1024x281.png 1024w, https:\/\/trackdays.events\/wp-content\/uploads\/2021\/07\/logo-spyk-photo-768x211.png 768w, https:\/\/trackdays.events\/wp-content\/uploads\/2021\/07\/logo-spyk-photo-1536x421.png 1536w, https:\/\/trackdays.events\/wp-content\/uploads\/2021\/07\/logo-spyk-photo-2048x562.png 2048w\" sizes=\"auto, (max-width: 300px) 100vw, 300px\" \/><\/p>\n<p style=\"text-align: center;\"><a href=\"https:\/\/www.spyk-photo.fr\/\" target=\"_blank\" rel=\"noopener\">https:\/\/www.spyk-photo.fr\/<\/a> &#8211; <a href=\"https:\/\/www.facebook.com\/spykphoto\/\" target=\"_blank\" rel=\"noopener\">https:\/\/www.facebook.com\/spykphoto\/<\/a><\/p>\n<hr \/>\n<p><img loading=\"lazy\" decoding=\"async\" class=\"aligncenter wp-image-57952 size-full\" src=\"https:\/\/trackdays.events\/wp-content\/uploads\/2024\/11\/IMG_E7306-scaled-e1731073050631.jpg\" alt=\"\" width=\"2560\" height=\"1440\" \/><\/p>\n<p style=\"text-align: center;\">Einer unserer neuen Helme f\u00fcr unsere Trackdays 2025 by MAK DESIGN \u00ae<\/p>\n<p><img loading=\"lazy\" decoding=\"async\" class=\"size-medium wp-image-37596 aligncenter\" src=\"https:\/\/trackdays.events\/wp-content\/uploads\/2021\/01\/Checkered-Flag-1-1-300x43.jpg\" alt=\"\" width=\"300\" height=\"43\" srcset=\"https:\/\/trackdays.events\/wp-content\/uploads\/2021\/01\/Checkered-Flag-1-1-300x43.jpg 300w, https:\/\/trackdays.events\/wp-content\/uploads\/2021\/01\/Checkered-Flag-1-1-1024x146.jpg 1024w, https:\/\/trackdays.events\/wp-content\/uploads\/2021\/01\/Checkered-Flag-1-1-768x109.jpg 768w, https:\/\/trackdays.events\/wp-content\/uploads\/2021\/01\/Checkered-Flag-1-1-1536x219.jpg 1536w, https:\/\/trackdays.events\/wp-content\/uploads\/2021\/01\/Checkered-Flag-1-1.jpg 1798w\" sizes=\"auto, (max-width: 300px) 100vw, 300px\" \/><\/p>\n","protected":false},"excerpt":{"rendered":"<p>In dieser Rubrik wollen wir jenen K\u00fcnstlern\/Handwerkern eine Plattform bieten, welche durch ihr gro\u00dfes K\u00f6nnen, Talent und durch Ihre Intuition unsere Leidenschaft f\u00fcr Rennstrecken und Sportwagen, seien sie neu oder alt, teilen. Malen Sie Ihre Kunstwerke auf Gem\u00e4lde, auf Helme? Sind Sie Bildhauer oder Karikaturist? M\u00f6chten Sie \u00fcber unsere Website f\u00fcr sich und f\u00fcr Ihre [&hellip;]<\/p>\n","protected":false},"author":2,"featured_media":0,"parent":0,"menu_order":0,"comment_status":"closed","ping_status":"closed","template":"","meta":{"_acf_changed":false,"footnotes":""},"class_list":["post-30368","page","type-page","status-publish","hentry"],"acf":[],"_links":{"self":[{"href":"https:\/\/trackdays.events\/de\/wp-json\/wp\/v2\/pages\/30368","targetHints":{"allow":["GET"]}}],"collection":[{"href":"https:\/\/trackdays.events\/de\/wp-json\/wp\/v2\/pages"}],"about":[{"href":"https:\/\/trackdays.events\/de\/wp-json\/wp\/v2\/types\/page"}],"author":[{"embeddable":true,"href":"https:\/\/trackdays.events\/de\/wp-json\/wp\/v2\/users\/2"}],"replies":[{"embeddable":true,"href":"https:\/\/trackdays.events\/de\/wp-json\/wp\/v2\/comments?post=30368"}],"version-history":[{"count":8,"href":"https:\/\/trackdays.events\/de\/wp-json\/wp\/v2\/pages\/30368\/revisions"}],"predecessor-version":[{"id":58009,"href":"https:\/\/trackdays.events\/de\/wp-json\/wp\/v2\/pages\/30368\/revisions\/58009"}],"wp:attachment":[{"href":"https:\/\/trackdays.events\/de\/wp-json\/wp\/v2\/media?parent=30368"}],"curies":[{"name":"wp","href":"https:\/\/api.w.org\/{rel}","templated":true}]}}