{"id":30376,"date":"2019-05-06T21:37:04","date_gmt":"2019-05-06T19:37:04","guid":{"rendered":"https:\/\/www.trackdays.events\/?page_id=30376"},"modified":"2025-12-26T11:02:54","modified_gmt":"2025-12-26T10:02:54","slug":"conseils-rappels-pour-le-pilote","status":"publish","type":"page","link":"https:\/\/trackdays.events\/de\/conseils-rappels-pour-le-pilote\/","title":{"rendered":"Tipps &#038; Hinweise f\u00fcr den Fahrer"},"content":{"rendered":"<p><img loading=\"lazy\" decoding=\"async\" class=\"alignnone wp-image-32824\" src=\"https:\/\/trackdays.events\/wp-content\/uploads\/2020\/03\/image00043.jpeg\" alt=\"\" width=\"1120\" height=\"746\" srcset=\"https:\/\/trackdays.events\/wp-content\/uploads\/2020\/03\/image00043.jpeg 2048w, https:\/\/trackdays.events\/wp-content\/uploads\/2020\/03\/image00043-300x200.jpeg 300w, https:\/\/trackdays.events\/wp-content\/uploads\/2020\/03\/image00043-768x512.jpeg 768w, https:\/\/trackdays.events\/wp-content\/uploads\/2020\/03\/image00043-1024x683.jpeg 1024w\" sizes=\"auto, (max-width: 1120px) 100vw, 1120px\" \/><\/p>\n<p>Anbei einige n\u00fctzliche Tipps\/Reminder f\u00fcr den Piloten.<\/p>\n<p><strong>K\u00d6RPERLICHE UND GEISTIGE FITNESS<\/strong><br \/>\nDa ein Tag auf der Rennstrecke relativ lang, intensiv und anspruchsvoll f\u00fcr K\u00f6rper und Geist ist, sollte man ausgeruht anreisen. Eine gute k\u00f6rperliche Verfassung wirkt sich immer positiv auf die Widerstandsf\u00e4higkeit gegen M\u00fcdigkeit und Hitze aus. Machen Sie keine zu langen Stints; das ist schlecht f\u00fcr Sie und Ihr Auto. Denken Sie daran, w\u00e4hrend der Fahrt zu atmen.<\/p>\n<p><span style=\"text-decoration: underline;\"><strong>ESSEN UND TRINKEN<\/strong><\/span><strong><br \/>\n<\/strong>Sie sollten leicht und ausgewogen essen, eher in kleinen Portionen, und den ganzen Tag \u00fcber regelm\u00e4\u00dfig Wasser trinken, da man viel schwitzt, vor allem bei sch\u00f6nem und hei\u00dfem Wetter. Alkohol und Drogen sind selbstverst\u00e4ndlich strengstens untersagt.<\/p>\n<p><span style=\"text-decoration: underline;\"><strong>HELM<\/strong><\/span><strong><br \/>\n<\/strong>Fahrer und Beifahrer <strong>m\u00fcssen<\/strong> einen CE-gepr\u00fcften Integral- oder Jethelm (am Kinn offen) tragen (au\u00dfer auf dem N\u00fcrburgring bei Touristenfahrten, aber um es klar zu sein : f\u00fcr uns ist es unverantwortlich, ohne Helm auf der Rennstrecke zu fahren). Wenn Sie regelm\u00e4\u00dfig Trackdays fahren (oder fahren werden), sollten Sie einen hochwertigen Helm, in der richtigen Gr\u00f6\u00dfe bevorzugen. Er wird \u00fcber mehrere Jahre hinweg Ihr treuer Begleiter sein. Lassen Sie Ihren Helm nicht in der Sonne liegen, sondern stellen Sie ihn in den Schatten. Der Helm muss \u00fcber geeignete Befestigungen verf\u00fcgen, wenn Sie das HANS-System (oder ein \u00e4hnliches System) verwenden m\u00f6chten (siehe hier unten). Lassen Sie Ihren Helm zwischen zwei Sessionen nicht in der Sonne liegen, sondern stellen Sie ihn in den Schatten. Und vergessen Sie nicht, den Riemen zu schlie\u00dfen, bevor Sie auf die Piste gehen !<\/p>\n<p><img loading=\"lazy\" decoding=\"async\" class=\"aligncenter wp-image-36194\" src=\"https:\/\/trackdays.events\/wp-content\/uploads\/2020\/11\/IMG_3575-1024x768.jpg\" alt=\"\" width=\"400\" height=\"300\" srcset=\"https:\/\/trackdays.events\/wp-content\/uploads\/2020\/11\/IMG_3575-1024x768.jpg 1024w, https:\/\/trackdays.events\/wp-content\/uploads\/2020\/11\/IMG_3575-300x225.jpg 300w, https:\/\/trackdays.events\/wp-content\/uploads\/2020\/11\/IMG_3575-768x576.jpg 768w, https:\/\/trackdays.events\/wp-content\/uploads\/2020\/11\/IMG_3575-1536x1152.jpg 1536w, https:\/\/trackdays.events\/wp-content\/uploads\/2020\/11\/IMG_3575-2048x1536.jpg 2048w\" sizes=\"auto, (max-width: 400px) 100vw, 400px\" \/><\/p>\n<p><span style=\"text-decoration: underline;\"><strong>&#8222;HANS&#8220;-SYSTEM (ODER \u00c4HNLICH) F\u00dcR HELM<\/strong><strong>\u00a0<\/strong><\/span><br \/>\nEin HANS-, FHR- oder Simpson System macht nur Sinn, wenn Ihr Auto mit Renngurten ausgestattet ist, die an einem \u00dcberrollb\u00fcgel oder am Fahrgestell befestigt sind (*). Wenn dies der Fall ist, empfehlen wir dringend das Tragen eines HANS-Systems, das ein Schleudertrauma verhindern kann. Ein HANS bietet auch einen gewissen Komfort, da der Druck, den das Geschirr auf Schultern und Schl\u00fcsselbeine aus\u00fcbt, verringert wird.<\/p>\n<p style=\"text-align: center;\"><img loading=\"lazy\" decoding=\"async\" class=\"alignnone size-full wp-image-47359\" src=\"https:\/\/trackdays.events\/wp-content\/uploads\/2022\/09\/stand21-club-series-hansr-device-0.jpg\" alt=\"\" width=\"283\" height=\"283\" srcset=\"https:\/\/trackdays.events\/wp-content\/uploads\/2022\/09\/stand21-club-series-hansr-device-0.jpg 283w, https:\/\/trackdays.events\/wp-content\/uploads\/2022\/09\/stand21-club-series-hansr-device-0-150x150.jpg 150w, https:\/\/trackdays.events\/wp-content\/uploads\/2022\/09\/stand21-club-series-hansr-device-0-170x170.jpg 170w\" sizes=\"auto, (max-width: 283px) 100vw, 283px\" \/> <img loading=\"lazy\" decoding=\"async\" class=\"alignnone size-medium wp-image-52252\" src=\"https:\/\/trackdays.events\/wp-content\/uploads\/2023\/11\/SIMPSON_RACING_HYBRID_SPORT__48967-300x300.webp\" alt=\"\" width=\"300\" height=\"300\" srcset=\"https:\/\/trackdays.events\/wp-content\/uploads\/2023\/11\/SIMPSON_RACING_HYBRID_SPORT__48967-300x300.webp 300w, https:\/\/trackdays.events\/wp-content\/uploads\/2023\/11\/SIMPSON_RACING_HYBRID_SPORT__48967-150x150.webp 150w, https:\/\/trackdays.events\/wp-content\/uploads\/2023\/11\/SIMPSON_RACING_HYBRID_SPORT__48967-170x170.webp 170w, https:\/\/trackdays.events\/wp-content\/uploads\/2023\/11\/SIMPSON_RACING_HYBRID_SPORT__48967.webp 608w\" sizes=\"auto, (max-width: 300px) 100vw, 300px\" \/><br \/>\nHANS \/ FHR System \u00a0\u00a0\u00a0\u00a0\u00a0\u00a0\u00a0\u00a0\u00a0\u00a0\u00a0 \u00a0\u00a0 \u00a0\u00a0\u00a0\u00a0\u00a0\u00a0\u00a0\u00a0\u00a0\u00a0\u00a0\u00a0\u00a0\u00a0\u00a0\u00a0\u00a0\u00a0\u00a0\u00a0\u00a0\u00a0 SIMPSON System<\/p>\n<p>(*) Ausnahme : der Simpson \u201cHybrid S\u201d ist mit einem 3-Punkt-Gurt kompatibel<\/p>\n<p><strong><span style=\"text-decoration: underline;\">KLEIDER\/BEKLEIDUNG<\/span><br \/>\n<\/strong>a. wenn Sie zum ersten Mal auf einer Rennstrecke fahren, sind neben einem guten Helm (mindestens CE-zertifiziert) geeignete Kleidung ausreichend (lange Hose, T-Shirt\/Longshirt, d\u00fcnne Sneakers und idealerweise Fahrerhandschuhe).<br \/>\nb. wenn Sie regelm\u00e4\u00dfig Trackdays fahren, f\u00fcr Ihren Komfort und Ihre Sicherheit, empfehlen wir dringend :<br \/>\n&#8211; neben einem hochwertigen Helm (FIA-zertifiziert) einen Overall sowie Handschuhe und Stiefel, die den FIA-Normen entsprechen (siehe Rubrik Links \/ Auto-\/Fahrerzubeh\u00f6r)<br \/>\n&#8211; eine Kopfhaube, wenn Sie das Innere Ihres Helms sch\u00fctzen wollen<br \/>\n&#8211; Unterw\u00e4sche aus nat\u00fcrlichen Materialien (Baumwolle, Leinen, &#8230;) und vor allem nicht aus synthetischen Materialien oder, noch besser, feuerfeste Unterw\u00e4sche<br \/>\n<span style=\"text-decoration: underline;\">HINWEIS 1<\/span> : auf manchen Rennstrecken m\u00fcssen Fahrer und Beifahrer nur lange Hosen und Longshirts tragen, da sie sonst nicht auf die Strecke gelassen werden. Informieren Sie sich bitte !!!<br \/>\n<span style=\"text-decoration: underline;\">HINWEIS 2<\/span> : bei Autorennen oder Trackdays, wenn man mit einem offenen Auto (Formel, Caterham, Radical,&#8230;) f\u00e4hrt, ist die komplette Ausr\u00fcstung des Fahrers Pflicht (Helm, HANS, Kombi, Stiefel, Handschuhe, Kopfhaube und lange feuerfeste Unterw\u00e4sche nach FIA-Normen).<\/p>\n<p><span style=\"text-decoration: underline;\"><strong>RENNSTRECKE<\/strong><\/span><br \/>\nLernen Sie oder erinnern Sie sich an den Streckenverlauf (z. B. durch Videos von anderen Fahrern) und die Infrastruktur (WC, Tankstelle, Arzt, &#8230;).<br \/>\nDer Tag wird lang :\u00a0 fahren Sie nicht mit dem Kopf in der Schlinge auf die Strecke, sondern nehmen Sie sich Zeit, um sich und die Mechanik, die Reifen und die Bremsen aufzuw\u00e4rmen.<br \/>\nVisualisieren Sie bei Ihren ersten Runden auf der Strecke die Posten der Marshals (orangefarbene Streifen).<br \/>\nWenn Sie sich vor dem Start unsicher f\u00fchlen, nehmen Sie sich einen Instruktor oder lassen Sie sich von einem erfahrenen Fahrer die ideale Linie zeigen. Es ist keine Schande, sich zu sch\u00e4men, sondern Sie werden sich viel wohler f\u00fchlen und Sie werden zus\u00e4tzlich schneller und richtiger lernen.<\/p>\n<p><span style=\"text-decoration: underline;\"><strong>ARMBAND<\/strong><\/span><br \/>\nTragen Sie das Fahrer-Armband, das Sie am Breifing erhalten haben (sonst kein Zutritt zur Strecke).<\/p>\n<p><span style=\"text-decoration: underline;\"><strong>BEIFAHRER<\/strong><\/span><strong><br \/>\n<\/strong>Falls Sie einen Beifahrer (M\/F) mitnehmen, pr\u00fcfen Sie, ob er das richtige Armband tr\u00e4gt und sorgen Sie f\u00fcr seine Sicherheit und sein Wohlergehen (Helm aufgesetzt, Sicherheitsgurt angeschnallt, T\u00fcr\/Fenster geschlossen). Vergewissern Sie sich w\u00e4hrend der ersten Runde und dem ganzen Stint mit einem Handzeichen, dass es ihm gut geht (z. B. Daumen hoch, Daumen runter). Protzen Sie nie. Fahren Sie im Rahmen Ihres K\u00f6nnens, ansonsten ist ein &#8222;Abflug&#8220; vorprogrammiert.<\/p>\n<p><img loading=\"lazy\" decoding=\"async\" class=\"alignnone wp-image-47342 size-full\" src=\"https:\/\/trackdays.events\/wp-content\/uploads\/2022\/09\/IMG_5374-scaled.jpg\" alt=\"\" width=\"2560\" height=\"1920\" srcset=\"https:\/\/trackdays.events\/wp-content\/uploads\/2022\/09\/IMG_5374-scaled.jpg 2560w, https:\/\/trackdays.events\/wp-content\/uploads\/2022\/09\/IMG_5374-300x225.jpg 300w, https:\/\/trackdays.events\/wp-content\/uploads\/2022\/09\/IMG_5374-1024x768.jpg 1024w, https:\/\/trackdays.events\/wp-content\/uploads\/2022\/09\/IMG_5374-768x576.jpg 768w, https:\/\/trackdays.events\/wp-content\/uploads\/2022\/09\/IMG_5374-1536x1152.jpg 1536w, https:\/\/trackdays.events\/wp-content\/uploads\/2022\/09\/IMG_5374-2048x1536.jpg 2048w\" sizes=\"auto, (max-width: 2560px) 100vw, 2560px\" \/><\/p>\n<p><img loading=\"lazy\" decoding=\"async\" class=\"wp-image-37596 aligncenter\" src=\"https:\/\/trackdays.events\/wp-content\/uploads\/2021\/01\/Checkered-Flag-1-1.jpg\" alt=\"\" width=\"300\" height=\"43\" srcset=\"https:\/\/trackdays.events\/wp-content\/uploads\/2021\/01\/Checkered-Flag-1-1.jpg 1798w, https:\/\/trackdays.events\/wp-content\/uploads\/2021\/01\/Checkered-Flag-1-1-300x43.jpg 300w, https:\/\/trackdays.events\/wp-content\/uploads\/2021\/01\/Checkered-Flag-1-1-1024x146.jpg 1024w, https:\/\/trackdays.events\/wp-content\/uploads\/2021\/01\/Checkered-Flag-1-1-768x109.jpg 768w, https:\/\/trackdays.events\/wp-content\/uploads\/2021\/01\/Checkered-Flag-1-1-1536x219.jpg 1536w\" sizes=\"auto, (max-width: 300px) 100vw, 300px\" \/><\/p>\n","protected":false},"excerpt":{"rendered":"<p>Anbei einige n\u00fctzliche Tipps\/Reminder f\u00fcr den Piloten. K\u00d6RPERLICHE UND GEISTIGE FITNESS Da ein Tag auf der Rennstrecke relativ lang, intensiv und anspruchsvoll f\u00fcr K\u00f6rper und Geist ist, sollte man ausgeruht anreisen. Eine gute k\u00f6rperliche Verfassung wirkt sich immer positiv auf die Widerstandsf\u00e4higkeit gegen M\u00fcdigkeit und Hitze aus. Machen Sie keine zu langen Stints; das ist [&hellip;]<\/p>\n","protected":false},"author":2,"featured_media":0,"parent":0,"menu_order":0,"comment_status":"closed","ping_status":"closed","template":"","meta":{"_acf_changed":false,"footnotes":""},"class_list":["post-30376","page","type-page","status-publish","hentry"],"acf":[],"_links":{"self":[{"href":"https:\/\/trackdays.events\/de\/wp-json\/wp\/v2\/pages\/30376","targetHints":{"allow":["GET"]}}],"collection":[{"href":"https:\/\/trackdays.events\/de\/wp-json\/wp\/v2\/pages"}],"about":[{"href":"https:\/\/trackdays.events\/de\/wp-json\/wp\/v2\/types\/page"}],"author":[{"embeddable":true,"href":"https:\/\/trackdays.events\/de\/wp-json\/wp\/v2\/users\/2"}],"replies":[{"embeddable":true,"href":"https:\/\/trackdays.events\/de\/wp-json\/wp\/v2\/comments?post=30376"}],"version-history":[{"count":7,"href":"https:\/\/trackdays.events\/de\/wp-json\/wp\/v2\/pages\/30376\/revisions"}],"predecessor-version":[{"id":63038,"href":"https:\/\/trackdays.events\/de\/wp-json\/wp\/v2\/pages\/30376\/revisions\/63038"}],"wp:attachment":[{"href":"https:\/\/trackdays.events\/de\/wp-json\/wp\/v2\/media?parent=30376"}],"curies":[{"name":"wp","href":"https:\/\/api.w.org\/{rel}","templated":true}]}}