{"id":30386,"date":"2017-02-16T09:17:12","date_gmt":"2017-02-16T08:17:12","guid":{"rendered":"https:\/\/www.trackdays.events\/?page_id=30386"},"modified":"2025-05-24T10:56:06","modified_gmt":"2025-05-24T08:56:06","slug":"contact","status":"publish","type":"page","link":"https:\/\/trackdays.events\/de\/contact\/","title":{"rendered":"Kontakt"},"content":{"rendered":"<p><img loading=\"lazy\" decoding=\"async\" class=\"alignnone wp-image-50954 size-full\" src=\"https:\/\/trackdays.events\/wp-content\/uploads\/2019\/06\/pirelli-foto-13.jpg\" alt=\"\" width=\"1645\" height=\"1096\" srcset=\"https:\/\/trackdays.events\/wp-content\/uploads\/2019\/06\/pirelli-foto-13.jpg 1645w, https:\/\/trackdays.events\/wp-content\/uploads\/2019\/06\/pirelli-foto-13-300x200.jpg 300w, https:\/\/trackdays.events\/wp-content\/uploads\/2019\/06\/pirelli-foto-13-1024x682.jpg 1024w, https:\/\/trackdays.events\/wp-content\/uploads\/2019\/06\/pirelli-foto-13-768x512.jpg 768w, https:\/\/trackdays.events\/wp-content\/uploads\/2019\/06\/pirelli-foto-13-1536x1023.jpg 1536w\" sizes=\"auto, (max-width: 1645px) 100vw, 1645px\" \/><\/p>\n<p style=\"text-align: center;\">Der einfachste Weg, uns zu kontaktieren, ist, uns eine E-Mail zu schicken.<br \/>\nWir werden Ihnen schnellstm\u00f6glich antworten.<\/p>\n<p style=\"text-align: center;\"><a href=\"mailto:info@trackdays.events\" target=\"_blank\" rel=\"noopener noreferrer\"><strong><span style=\"color: #993366;\">info@trackdays.events<\/span><\/strong><\/a><\/p>\n<p style=\"text-align: center;\"><strong><span style=\"text-decoration: underline;\">UNSERE WEITEREN KONTAKTDATEN<\/span><\/strong><\/p>\n<p style=\"text-align: center;\"><strong>trackdays.events<\/strong><br \/>\nBloom Business Center<br \/>\nAvenue de Gratta-Paille 2<br \/>\nCH-1018 Lausanne<br \/>\n+41 77 481 38 25<\/p>\n<p><strong><img loading=\"lazy\" decoding=\"async\" class=\"wp-image-32309 aligncenter\" src=\"https:\/\/trackdays.events\/wp-content\/uploads\/2020\/02\/wtcl-01-1024x683.jpg\" alt=\"\" width=\"527\" height=\"351\" srcset=\"https:\/\/trackdays.events\/wp-content\/uploads\/2020\/02\/wtcl-01-1024x683.jpg 1024w, https:\/\/trackdays.events\/wp-content\/uploads\/2020\/02\/wtcl-01-300x200.jpg 300w, https:\/\/trackdays.events\/wp-content\/uploads\/2020\/02\/wtcl-01-768x512.jpg 768w\" sizes=\"auto, (max-width: 527px) 100vw, 527px\" \/><\/strong><\/p>\n<p style=\"text-align: center;\"><span style=\"text-decoration: underline;\"><strong>VIELEN DANK<\/strong><br \/>\n<\/span><\/p>\n<p>Ein gro\u00dfes Dankesch\u00f6n an alle Trackdays-Organisatoren, Rennstrecken-Besitzer, Clubs, Piloten, Sportfahrer, Instruktoren, Partner, \u00dcbersetzer und Freunde, welche von Beginn an zur Erstellung und Realiserung von <strong>trackdays.events<\/strong> beigetragen haben.<\/p>\n<p>Ein gro\u00dfes Dankesch\u00f6n geht schlie\u00dflich an alle unsere Besucher f\u00fcr das Interesse und das Vertrauen, das Sie unserer Website Jahr f\u00fcr Jahr entgegenbringen.<\/p>\n<p><img loading=\"lazy\" decoding=\"async\" class=\"alignnone wp-image-50951 size-full\" src=\"https:\/\/trackdays.events\/wp-content\/uploads\/2019\/06\/pirelli-foto-12.jpg\" alt=\"\" width=\"1645\" height=\"1097\" srcset=\"https:\/\/trackdays.events\/wp-content\/uploads\/2019\/06\/pirelli-foto-12.jpg 1645w, https:\/\/trackdays.events\/wp-content\/uploads\/2019\/06\/pirelli-foto-12-300x200.jpg 300w, https:\/\/trackdays.events\/wp-content\/uploads\/2019\/06\/pirelli-foto-12-1024x683.jpg 1024w, https:\/\/trackdays.events\/wp-content\/uploads\/2019\/06\/pirelli-foto-12-768x512.jpg 768w, https:\/\/trackdays.events\/wp-content\/uploads\/2019\/06\/pirelli-foto-12-1536x1024.jpg 1536w\" sizes=\"auto, (max-width: 1645px) 100vw, 1645px\" \/><\/p>\n<p><img loading=\"lazy\" decoding=\"async\" class=\"wp-image-37596 aligncenter\" src=\"https:\/\/trackdays.events\/wp-content\/uploads\/2021\/01\/Checkered-Flag-1-1.jpg\" alt=\"\" width=\"300\" height=\"43\" srcset=\"https:\/\/trackdays.events\/wp-content\/uploads\/2021\/01\/Checkered-Flag-1-1.jpg 1798w, https:\/\/trackdays.events\/wp-content\/uploads\/2021\/01\/Checkered-Flag-1-1-300x43.jpg 300w, https:\/\/trackdays.events\/wp-content\/uploads\/2021\/01\/Checkered-Flag-1-1-1024x146.jpg 1024w, https:\/\/trackdays.events\/wp-content\/uploads\/2021\/01\/Checkered-Flag-1-1-768x109.jpg 768w, https:\/\/trackdays.events\/wp-content\/uploads\/2021\/01\/Checkered-Flag-1-1-1536x219.jpg 1536w\" sizes=\"auto, (max-width: 300px) 100vw, 300px\" \/><\/p>\n","protected":false},"excerpt":{"rendered":"<p>Der einfachste Weg, uns zu kontaktieren, ist, uns eine E-Mail zu schicken. Wir werden Ihnen schnellstm\u00f6glich antworten. info@trackdays.events UNSERE WEITEREN KONTAKTDATEN trackdays.events Bloom Business Center Avenue de Gratta-Paille 2 CH-1018 Lausanne +41 77 481 38 25 VIELEN DANK Ein gro\u00dfes Dankesch\u00f6n an alle Trackdays-Organisatoren, Rennstrecken-Besitzer, Clubs, Piloten, Sportfahrer, Instruktoren, Partner, \u00dcbersetzer und Freunde, welche von [&hellip;]<\/p>\n","protected":false},"author":2,"featured_media":0,"parent":0,"menu_order":0,"comment_status":"closed","ping_status":"closed","template":"","meta":{"_acf_changed":false,"footnotes":""},"class_list":["post-30386","page","type-page","status-publish","hentry"],"acf":[],"_links":{"self":[{"href":"https:\/\/trackdays.events\/de\/wp-json\/wp\/v2\/pages\/30386","targetHints":{"allow":["GET"]}}],"collection":[{"href":"https:\/\/trackdays.events\/de\/wp-json\/wp\/v2\/pages"}],"about":[{"href":"https:\/\/trackdays.events\/de\/wp-json\/wp\/v2\/types\/page"}],"author":[{"embeddable":true,"href":"https:\/\/trackdays.events\/de\/wp-json\/wp\/v2\/users\/2"}],"replies":[{"embeddable":true,"href":"https:\/\/trackdays.events\/de\/wp-json\/wp\/v2\/comments?post=30386"}],"version-history":[{"count":7,"href":"https:\/\/trackdays.events\/de\/wp-json\/wp\/v2\/pages\/30386\/revisions"}],"predecessor-version":[{"id":60627,"href":"https:\/\/trackdays.events\/de\/wp-json\/wp\/v2\/pages\/30386\/revisions\/60627"}],"wp:attachment":[{"href":"https:\/\/trackdays.events\/de\/wp-json\/wp\/v2\/media?parent=30386"}],"curies":[{"name":"wp","href":"https:\/\/api.w.org\/{rel}","templated":true}]}}