{"id":30388,"date":"2019-05-06T22:08:11","date_gmt":"2019-05-06T20:08:11","guid":{"rendered":"https:\/\/www.trackdays.events\/?page_id=30388"},"modified":"2025-11-05T15:53:25","modified_gmt":"2025-11-05T14:53:25","slug":"drapeaux-et-feux-de-couleur","status":"publish","type":"page","link":"https:\/\/trackdays.events\/de\/drapeaux-et-feux-de-couleur\/","title":{"rendered":"Flaggen und Ampelsignale"},"content":{"rendered":"<p><span style=\"color: #000000;\"><img loading=\"lazy\" decoding=\"async\" class=\"aligncenter wp-image-29691 size-full\" src=\"https:\/\/www.trackdays.events\/wp-content\/uploads\/2019\/05\/drapeaux-de-courses-automobile.jpg.png\" alt=\"\" width=\"313\" height=\"340\" srcset=\"https:\/\/trackdays.events\/wp-content\/uploads\/2019\/05\/drapeaux-de-courses-automobile.jpg.png 313w, https:\/\/trackdays.events\/wp-content\/uploads\/2019\/05\/drapeaux-de-courses-automobile.jpg-276x300.png 276w\" sizes=\"auto, (max-width: 313px) 100vw, 313px\" \/><\/span><\/p>\n<p>Die Streckenverantwortlichen sowie die Streckenposten kommunizieren mit den Piloten mittels Flaggen und\/oder Ampelsignalen verschiedener Farben (auch als elektronische Flaggen oder Digiflags bekannt). Jede Farbe gibt den Piloten pr\u00e4zise, unmissverst\u00e4ndliche Informationen.<\/p>\n<p><strong><img loading=\"lazy\" decoding=\"async\" class=\"wp-image-32518 alignnone\" src=\"https:\/\/trackdays.events\/wp-content\/uploads\/2020\/02\/drapeau-vert-300x300.jpg\" alt=\"\" width=\"50\" height=\"50\" srcset=\"https:\/\/trackdays.events\/wp-content\/uploads\/2020\/02\/drapeau-vert-300x300.jpg 300w, https:\/\/trackdays.events\/wp-content\/uploads\/2020\/02\/drapeau-vert-150x150.jpg 150w, https:\/\/trackdays.events\/wp-content\/uploads\/2020\/02\/drapeau-vert-768x768.jpg 768w, https:\/\/trackdays.events\/wp-content\/uploads\/2020\/02\/drapeau-vert-750x750.jpg 750w, https:\/\/trackdays.events\/wp-content\/uploads\/2020\/02\/drapeau-vert-170x170.jpg 170w, https:\/\/trackdays.events\/wp-content\/uploads\/2020\/02\/drapeau-vert.jpg 800w\" sizes=\"auto, (max-width: 50px) 100vw, 50px\" \/>GR\u00dcN<\/strong><br \/>\nStrecke frei oder Ende einer Gefahrenzone, die mit einer oder mehreren gelben Flaggen gekennzeichnet wurde. Sobald die gr\u00fcne Flagge gezeigt ist kann wieder frei gefahren werden. Es ist auch das Favicon unserer Website, weil es &#8222;Vollgas !&#8220; bedeutet.<\/p>\n<p><strong><img loading=\"lazy\" decoding=\"async\" class=\"alignnone wp-image-32491\" src=\"https:\/\/trackdays.events\/wp-content\/uploads\/2020\/02\/drapeau-jaune-300x300.jpg\" alt=\"\" width=\"50\" height=\"50\" srcset=\"https:\/\/trackdays.events\/wp-content\/uploads\/2020\/02\/drapeau-jaune-300x300.jpg 300w, https:\/\/trackdays.events\/wp-content\/uploads\/2020\/02\/drapeau-jaune-150x150.jpg 150w, https:\/\/trackdays.events\/wp-content\/uploads\/2020\/02\/drapeau-jaune-768x768.jpg 768w, https:\/\/trackdays.events\/wp-content\/uploads\/2020\/02\/drapeau-jaune-750x750.jpg 750w, https:\/\/trackdays.events\/wp-content\/uploads\/2020\/02\/drapeau-jaune-170x170.jpg 170w, https:\/\/trackdays.events\/wp-content\/uploads\/2020\/02\/drapeau-jaune.jpg 800w\" sizes=\"auto, (max-width: 50px) 100vw, 50px\" \/>GELB<br \/>\n<\/strong>Gefahr und absolutes Verbot, andere Autos auf der Strecke zu \u00fcberholen (nat\u00fcrlich au\u00dfer Pannen- oder Unfallwagen). Sie k\u00f6nnen jedoch auf der Strecke bleiben. Es gibt verschiedene Varianten (selten alle in Trackdays verwendet) :<br \/>\na\/ <em>Eine feste gelbe Flagge<\/em> = Gefahrzone und \u00dcberholverbot. Es warnt die Fahrer, dass am n\u00e4chsten Streckenposten eine gelbe Flagge geschwenkt wird und\/oder es zeigt an, dass ein Auto am Streckenrand eine Panne hat (also keine direkte Gefahr auf der Strecke).<br \/>\nb\/ <em>Eine geschwenkte gelbe Flagge<\/em> = Gefahrzone, \u00dcberholverbot und Geschwindigkeits-Reduzierung auf dem Teil der Rennstrecke unter gelber Flagge, bereit sein, Hindernisse zu vermeiden.<br \/>\nc\/ <em>Zwei geschwengte gelbe Flaggen<\/em> = Gefahrzone, \u00dcberholverbot, stark abbremsen und Stopp-Bereitschaft (Strecke teilweise versperrt durch zB Tr\u00fcmmerteile und\/oder quergestellte Autos, usw&#8230;).<br \/>\nd\/ <em>Eine gelbe Flagge mit FCY-Schild<\/em> (Full Course Yellow) = Gefahrzone, \u00dcberholverbot, auf der gesamten Strecke gilt Tempolimit (meistens 80 km\/h).<br \/>\ne\/ <em>Eine (oder zwei) gelbe Flaggen mit VSC-Schil<\/em>d (Virtual Safety Car) = Gefahrzone, \u00dcberholverbot, ohne dass die Umst\u00e4nde den Einsatz des Safety Car im Moment erfordern. Die Fahrer m\u00fcssen auf der gesamten Strecke um 40% langsamer fahren. Die Fahrer m\u00fcssen untereinander die gleichen Zeitabst\u00e4nde einhalten.<br \/>\nf\/ <em>Eine gelbe Flagge mit dem Zeichen SC-Schild<\/em> (Safety Car) = Safety Car auf der Strecke : es ist strengstens verboten, das Safety Car zu \u00fcberholen, ausser es weist sie ausdr\u00fccklich darauf hin. Sie k\u00f6nnen auf der Strecke bleiben, aber es ist verboten, ein anderes Auto zu \u00fcberholen.<\/p>\n<p><img loading=\"lazy\" decoding=\"async\" class=\"aligncenter wp-image-29689\" src=\"https:\/\/www.trackdays.events\/wp-content\/uploads\/2019\/05\/drapeau-jaune-FCY.jpg\" alt=\"\" width=\"400\" height=\"226\" \/><\/p>\n<p><strong><img loading=\"lazy\" decoding=\"async\" class=\"alignnone wp-image-32515\" src=\"https:\/\/trackdays.events\/wp-content\/uploads\/2020\/02\/drapeau-rouge-300x300.jpg\" alt=\"\" width=\"50\" height=\"50\" srcset=\"https:\/\/trackdays.events\/wp-content\/uploads\/2020\/02\/drapeau-rouge-300x300.jpg 300w, https:\/\/trackdays.events\/wp-content\/uploads\/2020\/02\/drapeau-rouge-150x150.jpg 150w, https:\/\/trackdays.events\/wp-content\/uploads\/2020\/02\/drapeau-rouge-170x170.jpg 170w, https:\/\/trackdays.events\/wp-content\/uploads\/2020\/02\/drapeau-rouge.jpg 458w\" sizes=\"auto, (max-width: 50px) 100vw, 50px\" \/>ROT<\/strong><br \/>\nUnterbrechung oder Abbruch der Session. \u00dcberholverbot (nat\u00fcrlich au\u00dfer Pannen- oder Unfallwagen). Geschwindigkeit stark verringern. Bereit sein zum anhalten. Direkt zur\u00fcck in die Boxen fahren. Rote Flagge am Ende der Pitlane (Einfahrt zur Strecke) bedeutet : der Zugang zur Strecke ist momentan nicht erlaubt. Hingegen darf man sich in der Pitlane hintereinander aufreihen und warten bis die gr\u00fcne Flagge\/Ampel gezeigt wird. <span style=\"text-decoration: underline;\">HINWEIS<\/span> : gewisse Rennstrecken benutzen die rote Flagge um das Ende eines Stints\/einer Session zu zeigen.<\/p>\n<p><strong><img loading=\"lazy\" decoding=\"async\" class=\"alignnone wp-image-32500\" src=\"https:\/\/trackdays.events\/wp-content\/uploads\/2020\/02\/drapeau-bleu-300x300.jpg\" alt=\"\" width=\"50\" height=\"50\" srcset=\"https:\/\/trackdays.events\/wp-content\/uploads\/2020\/02\/drapeau-bleu-300x300.jpg 300w, https:\/\/trackdays.events\/wp-content\/uploads\/2020\/02\/drapeau-bleu-150x150.jpg 150w, https:\/\/trackdays.events\/wp-content\/uploads\/2020\/02\/drapeau-bleu-170x170.jpg 170w, https:\/\/trackdays.events\/wp-content\/uploads\/2020\/02\/drapeau-bleu.jpg 458w\" sizes=\"auto, (max-width: 50px) 100vw, 50px\" \/>BLAU<br \/>\n<\/strong>Am Ende der Boxengasse = ein Auto auf der Strecke kommt schnell, lassen Sie es durch sanftes Beschleunigen passieren und bleiben Sie am Rand der Strecke (\u00dcberfahren der wei\u00dfen Linie verboten). Auf der Strecke = ein schnelleres Auto ist im Begriff, Sie zu \u00fcberholen : Sie k\u00f6nnen entweder auf der Ideallinie bleiben oder mit Ihrem Blinker die Seite der Strecke anzeigen, auf die Sie fahren werden (Beispiel : Blinker &#8222;links&#8220; = Sie fahren nach links und bleiben dort; das schnellere Auto wird Sie rechts \u00fcberholen).<\/p>\n<p><strong><img loading=\"lazy\" decoding=\"async\" class=\"alignnone wp-image-32497\" src=\"https:\/\/trackdays.events\/wp-content\/uploads\/2020\/02\/drapeau-blanc-300x300.jpg\" alt=\"\" width=\"50\" height=\"50\" srcset=\"https:\/\/trackdays.events\/wp-content\/uploads\/2020\/02\/drapeau-blanc-300x300.jpg 300w, https:\/\/trackdays.events\/wp-content\/uploads\/2020\/02\/drapeau-blanc-150x150.jpg 150w, https:\/\/trackdays.events\/wp-content\/uploads\/2020\/02\/drapeau-blanc-170x170.jpg 170w, https:\/\/trackdays.events\/wp-content\/uploads\/2020\/02\/drapeau-blanc.jpg 458w\" sizes=\"auto, (max-width: 50px) 100vw, 50px\" \/>WEISS<\/strong><br \/>\nAchtung, auf der Strecke befindet sich ein deutlich langsameres Fahrzeug (sei es ein Teilnehmerfahrzeug und\/oder ein Intervention-Car). \u00dcberholen ist erlaubt, aber mit Vorsicht und mit situationsangepasster Geschwindigkeit.<\/p>\n<p><strong><img loading=\"lazy\" decoding=\"async\" class=\"alignnone wp-image-32512\" src=\"https:\/\/trackdays.events\/wp-content\/uploads\/2020\/02\/drapeau-rouge-et-jaune-300x300.jpg\" alt=\"\" width=\"50\" height=\"50\" srcset=\"https:\/\/trackdays.events\/wp-content\/uploads\/2020\/02\/drapeau-rouge-et-jaune-300x300.jpg 300w, https:\/\/trackdays.events\/wp-content\/uploads\/2020\/02\/drapeau-rouge-et-jaune-150x150.jpg 150w, https:\/\/trackdays.events\/wp-content\/uploads\/2020\/02\/drapeau-rouge-et-jaune-768x768.jpg 768w, https:\/\/trackdays.events\/wp-content\/uploads\/2020\/02\/drapeau-rouge-et-jaune-750x750.jpg 750w, https:\/\/trackdays.events\/wp-content\/uploads\/2020\/02\/drapeau-rouge-et-jaune-170x170.jpg 170w, https:\/\/trackdays.events\/wp-content\/uploads\/2020\/02\/drapeau-rouge-et-jaune.jpg 800w\" sizes=\"auto, (max-width: 50px) 100vw, 50px\" \/>ROT-GELB GESTREIFT<\/strong><br \/>\nAchtung Gefahr (aber nur Hinweis) ! Strecke ist rutschig (\u00d6l, K\u00fchlfl\u00fcssigkeit, Wasser\/Regen, Sand oder Kies auf der Strecke). Bei Regen zeigt der Streckenposten normalerweise mit dem Finger in den Himmel. Vorsicht : passen Sie Ihr Tempo an, Gefahr eines &#8222;Abflugs&#8220; !<\/p>\n<p><strong><img loading=\"lazy\" decoding=\"async\" class=\"alignnone wp-image-32509\" src=\"https:\/\/trackdays.events\/wp-content\/uploads\/2020\/02\/drapeau-orange-et-noir.jpg\" alt=\"\" width=\"50\" height=\"50\" srcset=\"https:\/\/trackdays.events\/wp-content\/uploads\/2020\/02\/drapeau-orange-et-noir.jpg 250w, https:\/\/trackdays.events\/wp-content\/uploads\/2020\/02\/drapeau-orange-et-noir-150x150.jpg 150w, https:\/\/trackdays.events\/wp-content\/uploads\/2020\/02\/drapeau-orange-et-noir-170x170.jpg 170w\" sizes=\"auto, (max-width: 50px) 100vw, 50px\" \/>SCHWARZ MIT ORANGE FARBENEM KREIS<br \/>\n<\/strong>Diese Flagge wird gemeinsam mit der jeweiligen Startnummer gezeigt. Der Fahrer wird gewarnt, dass sein Auto ein technisches Problem hat und er in der n\u00e4chsten Runde die Boxen anfahren muss.<\/p>\n<p><strong><img loading=\"lazy\" decoding=\"async\" class=\"alignnone wp-image-32522\" src=\"https:\/\/trackdays.events\/wp-content\/uploads\/2020\/02\/drapeau-noir-et-blanc-diagonal-249x300.png\" alt=\"\" width=\"41\" height=\"49\" \/>\u00a0 SCHWARZ-WEISS<\/strong><br \/>\nDiese Flagge wird gemeinsam mit der jeweiligen Startnummer gezeigt. Der Fahrer wird wegen unsportlichen Verhaltens verwarnt. Wird diese Flagge ein zweites Mal gezeigt, bekommt der Fahrer die schwarze Flagge gezeigt.<\/p>\n<p><strong><img loading=\"lazy\" decoding=\"async\" class=\"alignnone wp-image-32506\" src=\"https:\/\/trackdays.events\/wp-content\/uploads\/2020\/02\/drapeau-noir-300x300.jpg\" alt=\"\" width=\"50\" height=\"50\" srcset=\"https:\/\/trackdays.events\/wp-content\/uploads\/2020\/02\/drapeau-noir-300x300.jpg 300w, https:\/\/trackdays.events\/wp-content\/uploads\/2020\/02\/drapeau-noir-150x150.jpg 150w, https:\/\/trackdays.events\/wp-content\/uploads\/2020\/02\/drapeau-noir-170x170.jpg 170w, https:\/\/trackdays.events\/wp-content\/uploads\/2020\/02\/drapeau-noir.jpg 458w\" sizes=\"auto, (max-width: 50px) 100vw, 50px\" \/>SCHWARZ<\/strong><br \/>\nDiese Flagge wird gemeinsam mit der jeweiligen Startnummer gezeigt. Der Teilnehmer wird ausgeschlossen und muss unverz\u00fcglich in die Box zur\u00fcck fahren. Ein Streckenverantwortlicher wird zu Ihnen kommen und Sie informieren, warum Sie ausgeschlossen worden sind (diese Flagge kann manchmal das Ende Ihres Tages bedeuten, aufgrund von L\u00e4rm, eines technischen Problems an Ihrem Auto oder eines unangemessenen und gef\u00e4hrlichen Verhaltens auf der Strecke).<\/p>\n<p><strong><img loading=\"lazy\" decoding=\"async\" class=\"alignnone wp-image-32494\" src=\"https:\/\/trackdays.events\/wp-content\/uploads\/2020\/02\/drapeau-a-damier-300x300.jpg\" alt=\"\" width=\"50\" height=\"50\" srcset=\"https:\/\/trackdays.events\/wp-content\/uploads\/2020\/02\/drapeau-a-damier-300x300.jpg 300w, https:\/\/trackdays.events\/wp-content\/uploads\/2020\/02\/drapeau-a-damier-150x150.jpg 150w, https:\/\/trackdays.events\/wp-content\/uploads\/2020\/02\/drapeau-a-damier-170x170.jpg 170w, https:\/\/trackdays.events\/wp-content\/uploads\/2020\/02\/drapeau-a-damier.jpg 458w\" sizes=\"auto, (max-width: 50px) 100vw, 50px\" \/>SCHWARZ-WEISS KARIERT<\/strong><br \/>\nAuch &#8222;Zielflagge&#8220; genannt. Ende der Session oder Ende der Veranstaltung. In der Auslaufrunde gilt \u00dcberholverbot.<\/p>\n<p><img loading=\"lazy\" decoding=\"async\" class=\"aligncenter wp-image-29687\" src=\"https:\/\/www.trackdays.events\/wp-content\/uploads\/2019\/05\/drapeau-\u00e0-damier-02.jpg\" alt=\"\" width=\"400\" height=\"266\" \/><\/p>\n<p><img loading=\"lazy\" decoding=\"async\" class=\"wp-image-37596 aligncenter\" src=\"https:\/\/trackdays.events\/wp-content\/uploads\/2021\/01\/Checkered-Flag-1-1.jpg\" alt=\"\" width=\"300\" height=\"43\" srcset=\"https:\/\/trackdays.events\/wp-content\/uploads\/2021\/01\/Checkered-Flag-1-1.jpg 1798w, https:\/\/trackdays.events\/wp-content\/uploads\/2021\/01\/Checkered-Flag-1-1-300x43.jpg 300w, https:\/\/trackdays.events\/wp-content\/uploads\/2021\/01\/Checkered-Flag-1-1-1024x146.jpg 1024w, https:\/\/trackdays.events\/wp-content\/uploads\/2021\/01\/Checkered-Flag-1-1-768x109.jpg 768w, https:\/\/trackdays.events\/wp-content\/uploads\/2021\/01\/Checkered-Flag-1-1-1536x219.jpg 1536w\" sizes=\"auto, (max-width: 300px) 100vw, 300px\" \/><\/p>\n","protected":false},"excerpt":{"rendered":"<p>Die Streckenverantwortlichen sowie die Streckenposten kommunizieren mit den Piloten mittels Flaggen und\/oder Ampelsignalen verschiedener Farben (auch als elektronische Flaggen oder Digiflags bekannt). Jede Farbe gibt den Piloten pr\u00e4zise, unmissverst\u00e4ndliche Informationen. GR\u00dcN Strecke frei oder Ende einer Gefahrenzone, die mit einer oder mehreren gelben Flaggen gekennzeichnet wurde. Sobald die gr\u00fcne Flagge gezeigt ist kann wieder frei [&hellip;]<\/p>\n","protected":false},"author":2,"featured_media":0,"parent":0,"menu_order":0,"comment_status":"closed","ping_status":"closed","template":"","meta":{"_acf_changed":false,"footnotes":""},"class_list":["post-30388","page","type-page","status-publish","hentry"],"acf":[],"_links":{"self":[{"href":"https:\/\/trackdays.events\/de\/wp-json\/wp\/v2\/pages\/30388","targetHints":{"allow":["GET"]}}],"collection":[{"href":"https:\/\/trackdays.events\/de\/wp-json\/wp\/v2\/pages"}],"about":[{"href":"https:\/\/trackdays.events\/de\/wp-json\/wp\/v2\/types\/page"}],"author":[{"embeddable":true,"href":"https:\/\/trackdays.events\/de\/wp-json\/wp\/v2\/users\/2"}],"replies":[{"embeddable":true,"href":"https:\/\/trackdays.events\/de\/wp-json\/wp\/v2\/comments?post=30388"}],"version-history":[{"count":7,"href":"https:\/\/trackdays.events\/de\/wp-json\/wp\/v2\/pages\/30388\/revisions"}],"predecessor-version":[{"id":61659,"href":"https:\/\/trackdays.events\/de\/wp-json\/wp\/v2\/pages\/30388\/revisions\/61659"}],"wp:attachment":[{"href":"https:\/\/trackdays.events\/de\/wp-json\/wp\/v2\/media?parent=30388"}],"curies":[{"name":"wp","href":"https:\/\/api.w.org\/{rel}","templated":true}]}}