{"id":30390,"date":"2019-05-10T08:40:09","date_gmt":"2019-05-10T06:40:09","guid":{"rendered":"https:\/\/www.trackdays.events\/?page_id=30390"},"modified":"2025-04-17T15:03:49","modified_gmt":"2025-04-17T13:03:49","slug":"tv-sendungen","status":"publish","type":"page","link":"https:\/\/trackdays.events\/de\/tv-sendungen\/","title":{"rendered":"TV-Sendungen"},"content":{"rendered":"<p><img loading=\"lazy\" decoding=\"async\" class=\"alignnone wp-image-33497\" src=\"https:\/\/trackdays.events\/wp-content\/uploads\/2020\/04\/RACETRACK-DAYS-104.jpg\" alt=\"\" width=\"1120\" height=\"747\" srcset=\"https:\/\/trackdays.events\/wp-content\/uploads\/2020\/04\/RACETRACK-DAYS-104.jpg 5357w, https:\/\/trackdays.events\/wp-content\/uploads\/2020\/04\/RACETRACK-DAYS-104-300x200.jpg 300w, https:\/\/trackdays.events\/wp-content\/uploads\/2020\/04\/RACETRACK-DAYS-104-768x512.jpg 768w, https:\/\/trackdays.events\/wp-content\/uploads\/2020\/04\/RACETRACK-DAYS-104-1024x683.jpg 1024w\" sizes=\"auto, (max-width: 1120px) 100vw, 1120px\" \/><\/p>\n<p>Ob Sie auf den n\u00e4chsten Trackday warten oder sich \u00fcber die neuesten Nachrichten aus der Automobilwelt, insbesondere aus der Welt der &#8222;Stra\u00dfensportler&#8220; informieren m\u00f6chten, spielt eigentlich keine Rolle; wir schlagen Ihnen anbei einige empfehlenswerte TV-Programme nach Sprache und Kanal vor; um in Stimmung zu bleiben.<\/p>\n<hr \/>\n<h2 style=\"text-align: center;\"><strong>TV-Sendungen in franz\u00f6sischer Sprache<\/strong><\/h2>\n<hr \/>\n<p>\u2660 AUTOMOTO (ex Motors TV) : verschiedene Programme und Rennen sowie Ausschnitte aus The Grand Tour, V6, Vintage Mecanic, Wheeler Dealers France, Top Gear France, courses FFSA GT4 et Tourisme, Nascar, Retromania, Cars that rock,&#8230;<\/p>\n<p>\u2660 Canal+ : F1-Rennen live (gegen Geb\u00fchr, Pay-TV)<\/p>\n<p>\u2660 C8 : Direct Auto : jeden Samstag im Verlauf des Vormittags<\/p>\n<p>\u2660 EUROSPORT : verschiedene Sendungen \u00fcber F1,\u00a0 WTCC und das 24Stunden-Rennen von Le Mans live.<\/p>\n<p>\u2660 M6 : Turbo : jeden Sonntag im Verlauf des Vormittags<\/p>\n<p>\u2660 RMC D\u00e9couverte : zeigen Top Gear und Vintage Garage : bitte Programmheft konsultieren.<\/p>\n<p>\u2660 TF1 : Automoto : jeden Sonntag im Verlauf des Vormittags<\/p>\n<p>\u2660 TSR : alle F1-Rennen der Saison\u00a0; Qualifikationen und Rennen live.<\/p>\n<hr \/>\n<h2 style=\"text-align: center;\"><strong>TV-Sendungen in englischer Sprache<\/strong><\/h2>\n<hr \/>\n<p>\u2660 BBC \/ BBC2 : Top Gear (abgeschlossen, aber Kult, anderswo zu finden), F1, Goodwood Festival of Speed, Formula E, Touring Cars, W Series,&#8230;<\/p>\n<p>\u2660 Discovery Turbo : Wheeler Dealers, Road Kill &amp; Head 2 Head, Hand Built Hot Rods, Misfit Garage, Texas Metal (Ekstensive),&#8230;<\/p>\n<p>\u2660 DMAX : Fast N&#8216; Loud (Gas Monkey), Overhaulin&#8216;, Chasing Classic Cars,&#8230;<\/p>\n<p>\u2660 ITV : Is Your Car Safe ?,&#8230;<\/p>\n<p>\u2660 National Geo : Car SOS, Pimp My Ride, Cars For Cash,&#8230;<\/p>\n<p>\u2660 Prime Video : The Grand Tour<\/p>\n<hr \/>\n<h2 style=\"text-align: center;\"><strong>TV-Sendungen in deutscher Sprache<\/strong><\/h2>\n<hr \/>\n<p>\u2660 DMAX : Top Gear, Die Gebrauchtwagenprofis, der Checker, Der Geiger &#8211; Boss of Big Blocks, West Coast Customs,&#8230; : bitte Programmheft konsultieren<\/p>\n<p>\u2660 Eurosport : verschiedene Reportagen und Rennen (Porsche Cup, DTM, Formel-Autos)<\/p>\n<p>\u2660 KABEL1 : Abenteuer Auto : jeden Samstag im Verlauf des Nachmittags<\/p>\n<p>\u2660 ORF 1 &amp; 2 : alle F1-Rennen der Saison ; Qualifikationen, und Rennen live. Reportagen und Hintergrundinformationen.<\/p>\n<p>\u2660 RTL : reportages et courses de F1 tous les dimanches de GP<\/p>\n<p>\u2660 RTL 2 : Grip : jeden Sonntag Abend<\/p>\n<p>\u2660 SPORT1 : die PS-Profis und andere Sendungen : bitte Programmheft konsultieren<\/p>\n<p>\u2660 SRF : Tacho, garage21 : jeden Sonntag um 19:30<\/p>\n<p>\u2660 VOX TV : auto mobil jeden Samstag im Verlauf des Nachmittags<\/p>\n<p>\u2660 WW (Welt der Wunder) : Just Drive<\/p>\n<p><img loading=\"lazy\" decoding=\"async\" class=\"wp-image-33844 aligncenter\" src=\"https:\/\/trackdays.events\/wp-content\/uploads\/2020\/05\/HZMT8272.jpg\" alt=\"\" width=\"600\" height=\"457\" srcset=\"https:\/\/trackdays.events\/wp-content\/uploads\/2020\/05\/HZMT8272.jpg 1568w, https:\/\/trackdays.events\/wp-content\/uploads\/2020\/05\/HZMT8272-300x229.jpg 300w, https:\/\/trackdays.events\/wp-content\/uploads\/2020\/05\/HZMT8272-1024x780.jpg 1024w, https:\/\/trackdays.events\/wp-content\/uploads\/2020\/05\/HZMT8272-768x585.jpg 768w, https:\/\/trackdays.events\/wp-content\/uploads\/2020\/05\/HZMT8272-1536x1171.jpg 1536w\" sizes=\"auto, (max-width: 600px) 100vw, 600px\" \/><\/p>\n<p style=\"text-align: center;\">Kennen Sie andere TV-Sendungen welche sich der gemeinsamen Leidenschaft<br \/>\nf\u00fcr Autos widmen und\/oder schauen Sie TV-Sendungen die hier nicht aufgelistet sind ?<br \/>\nM\u00f6chten Sie diese mit den anderen Besuchern unserer Homepage teilen ?<br \/>\nDann senden Sie uns einfach eine E-Mail und wir f\u00fcgen Ihren Tipp gerne hinzu.<\/p>\n<p style=\"text-align: center;\"><a href=\"mailto:info@trackdays.events\" target=\"_blank\" rel=\"noopener\"><strong><span style=\"color: #800080;\">info@trackdays.events<\/span><\/strong><\/a><\/p>\n<p><img loading=\"lazy\" decoding=\"async\" class=\"size-medium wp-image-37596 aligncenter\" src=\"https:\/\/trackdays.events\/wp-content\/uploads\/2021\/01\/Checkered-Flag-1-1-300x43.jpg\" alt=\"\" width=\"300\" height=\"43\" srcset=\"https:\/\/trackdays.events\/wp-content\/uploads\/2021\/01\/Checkered-Flag-1-1-300x43.jpg 300w, https:\/\/trackdays.events\/wp-content\/uploads\/2021\/01\/Checkered-Flag-1-1-1024x146.jpg 1024w, https:\/\/trackdays.events\/wp-content\/uploads\/2021\/01\/Checkered-Flag-1-1-768x109.jpg 768w, https:\/\/trackdays.events\/wp-content\/uploads\/2021\/01\/Checkered-Flag-1-1-1536x219.jpg 1536w, https:\/\/trackdays.events\/wp-content\/uploads\/2021\/01\/Checkered-Flag-1-1.jpg 1798w\" sizes=\"auto, (max-width: 300px) 100vw, 300px\" \/><\/p>\n","protected":false},"excerpt":{"rendered":"<p>Ob Sie auf den n\u00e4chsten Trackday warten oder sich \u00fcber die neuesten Nachrichten aus der Automobilwelt, insbesondere aus der Welt der &#8222;Stra\u00dfensportler&#8220; informieren m\u00f6chten, spielt eigentlich keine Rolle; wir schlagen Ihnen anbei einige empfehlenswerte TV-Programme nach Sprache und Kanal vor; um in Stimmung zu bleiben. TV-Sendungen in franz\u00f6sischer Sprache \u2660 AUTOMOTO (ex Motors TV) : [&hellip;]<\/p>\n","protected":false},"author":2,"featured_media":0,"parent":0,"menu_order":0,"comment_status":"closed","ping_status":"closed","template":"","meta":{"_acf_changed":false,"footnotes":""},"class_list":["post-30390","page","type-page","status-publish","hentry"],"acf":[],"_links":{"self":[{"href":"https:\/\/trackdays.events\/de\/wp-json\/wp\/v2\/pages\/30390","targetHints":{"allow":["GET"]}}],"collection":[{"href":"https:\/\/trackdays.events\/de\/wp-json\/wp\/v2\/pages"}],"about":[{"href":"https:\/\/trackdays.events\/de\/wp-json\/wp\/v2\/types\/page"}],"author":[{"embeddable":true,"href":"https:\/\/trackdays.events\/de\/wp-json\/wp\/v2\/users\/2"}],"replies":[{"embeddable":true,"href":"https:\/\/trackdays.events\/de\/wp-json\/wp\/v2\/comments?post=30390"}],"version-history":[{"count":4,"href":"https:\/\/trackdays.events\/de\/wp-json\/wp\/v2\/pages\/30390\/revisions"}],"predecessor-version":[{"id":60337,"href":"https:\/\/trackdays.events\/de\/wp-json\/wp\/v2\/pages\/30390\/revisions\/60337"}],"wp:attachment":[{"href":"https:\/\/trackdays.events\/de\/wp-json\/wp\/v2\/media?parent=30390"}],"curies":[{"name":"wp","href":"https:\/\/api.w.org\/{rel}","templated":true}]}}