{"id":30405,"date":"2019-05-09T22:55:55","date_gmt":"2019-05-09T20:55:55","guid":{"rendered":"https:\/\/www.trackdays.events\/?page_id=30405"},"modified":"2026-03-11T10:31:00","modified_gmt":"2026-03-11T09:31:00","slug":"instructeurs","status":"publish","type":"page","link":"https:\/\/trackdays.events\/de\/instructeurs\/","title":{"rendered":"Instruktoren"},"content":{"rendered":"<p>Sind Sie ausgebildeter, professioneller Instruktor (BPJEPS-Niveau oder gleichwertig) und m\u00f6chten Sie Ihre Kenntnisse und Ihr Fachwissen \u00fcber das Fahren auf Rennstrecken (nat\u00fcrlich gegen Entl\u00f6hnung) an GT Gentleman-Fahrer weitergeben? Sind Sie Organisator von Fahrkursen oder Trackdays bei denen Sie Instruktoren zur Verf\u00fcgung stellen ? Dann ist diese kostenlose Rubrik genau f\u00fcr Sie bestimmt.<\/p>\n<p>Ob Sie ein erfahrener GT-Sportfahrer oder Anf\u00e4nger sind spielt eigentlich keine Rolle. Hier finden Sie wertvolle Adressen von Instruktoren (oft Berufspiloten, die noch aktiv sind oder sich vom aktiven Rennsport zur\u00fcckgezogen haben), die wirklich wissen, wovon sie sprechen. Glauben Sie uns : diese \u2018Jungs\u2019 werden Ihnen helfen, im wahrsten Sinne des Wortes, viel schneller voranzukommen als wenn Sie alleine versuchen sich zu verbessern. Sie werden bestimmt \u00fcberrascht sein, wie einige Piloten \u2018die Sache angehen\u2019. Und wenn Sie das Gesehene und Gelernte f\u00fcr sich umsetzen, werden Sie schnell an Effizienz, Sicherheit und Fahrspass gewinnen. Garantiert !<\/p>\n<p><img loading=\"lazy\" decoding=\"async\" class=\"wp-image-63998 aligncenter\" src=\"https:\/\/trackdays.events\/wp-content\/uploads\/2026\/03\/instructeur-scaled.jpg\" alt=\"\" width=\"784\" height=\"600\" srcset=\"https:\/\/trackdays.events\/wp-content\/uploads\/2026\/03\/instructeur-scaled.jpg 2560w, https:\/\/trackdays.events\/wp-content\/uploads\/2026\/03\/instructeur-300x230.jpg 300w, https:\/\/trackdays.events\/wp-content\/uploads\/2026\/03\/instructeur-1024x784.jpg 1024w, https:\/\/trackdays.events\/wp-content\/uploads\/2026\/03\/instructeur-768x588.jpg 768w, https:\/\/trackdays.events\/wp-content\/uploads\/2026\/03\/instructeur-1536x1175.jpg 1536w, https:\/\/trackdays.events\/wp-content\/uploads\/2026\/03\/instructeur-2048x1567.jpg 2048w\" sizes=\"auto, (max-width: 784px) 100vw, 784px\" \/><\/p>\n<p>Zusammengefasst, ein Profi-Instruktor :<\/p>\n<p>\u2013 erkl\u00e4rt Ihnen das Verhalten Ihres Autos auf einer Rennstrecke. Gibt Ihnen alle notwendigen theoretischen Informationen \u00fcber die jeweilige Rennstrecke, zeigt Ihnen wie die Ideallinie zu fahren ist, wo der Brems-, Scheitel- und Kurvenausgangspunkt ist, in welchem Gang die jeweilige Kurve optimal zu fahren ist sowie s\u00e4mtliche zu vermeidende &#8222;Fallen&#8220; um sicher auf der Strecke zu bleiben.<\/p>\n<p>\u2013 zeigt Ihnen (falls n\u00f6tig) wie man richtig am Lenkrad sitzt, um sich auf der Rennstrecke jederzeit wohl zu f\u00fchlen.<\/p>\n<p>\u2013 wird Sie, w\u00e4hrend er Sie beim Fahren beobachtet, bei Fehlern sofort korrigieren und Ihnen helfen, &#8222;live&#8220; die ideale Linie zu finden und\/oder zu perfektionieren, hilft Ihnen das degressive Bremsen zu optimieren, sagt Ihnen punktgenau wann, wo und wie stark Sie aus der Kurve zu beschleunigen haben, korrigiert die Position Ihrer H\u00e4nde am Lenkrad, hilft Ihnen zu antizipieren und optimiert Ihre Blickf\u00fchrung.<\/p>\n<p>\u2013 passt sich ganz Ihrem Niveau, Ihren Kenntnissen und Ihrem K\u00f6nnen an und hilft Ihnen, Sich effizient und zielorientiert zu verbessern. In aller Sicherheit und im Wohlbefinden. Auf trockener wie auf nasser Strecke.<\/p>\n<p>Kurzum: f\u00fcr eine verh\u00e4ltnism\u00e4ssig sehr kleine Investition (manchmal werden die Instruktoren sogar vom Trackday-Veranstalter kostenfrei zur Verf\u00fcgung gestellt) werden Sie f\u00fcr sich einen riesen Nutzen ziehen k\u00f6nnen mit garantiert gro\u00dfartigen Ergebnissen !<\/p>\n<hr \/>\n<h2 style=\"text-align: center;\">LISTE DER INSTRUKTOREN\u2026<\/h2>\n<hr \/>\n<p><strong>\u00b7 ALMACAR &#8211; Sport- und Rennfahrerschule (F)<\/strong><br \/>\nDie 2009 von dem Rennfahrer Alban Varutti gegr\u00fcndete Firma ALMACAR hat ihren Sitz in Treilli\u00e8res, in der N\u00e4he von Nantes. Sie besteht aus einem dynamischen und leidenschaftlichen Team (diplomierte Fahrlehrer BPJEPS und professionelle und erfahrene Fahrer), das bestrebt ist, die Fahrsch\u00fcler am Steuer ihrer eigenen oder gemieteten Autos zu begleiten und zu beraten. Almacar organisiert auch Trackdays, an denen man mit seinem eigenen Auto fahren kann.<br \/>\n\u2192 <a href=\"https:\/\/www.almacar-pilotage.fr\" target=\"_blank\" rel=\"noopener\">https:\/\/www.almacar-pilotage.fr<\/a><\/p>\n<hr \/>\n<p><strong>\u00b7 BARTH Fredy (CH)<br \/>\n<\/strong>Aktiver Rennfahrer und Profi-Instruktor. Als Organisator eigener Trackdays ist er ebenfalls an anderen Events als Instruktor t\u00e4tig. Seine fundierten Kenntnisse \u00fcber die meisten europ\u00e4ischen Rennstrecken bietet er in Deutsch, Englisch und Franz\u00f6sisch an.<br \/>\n\u2192 <a href=\"http:\/\/www.fredybarth.ch\">http:\/\/www.fredybarth.ch<\/a><\/p>\n<hr \/>\n<p><strong>\u00b7 BEULEN Bruno (B)<br \/>\n<\/strong>Aktiver Rennfahrer und Profi-Instruktor sowie Coach. Als Werkspilot und erfahrener Rennfahrer sowie als Instruktor arbeitet er mit mehreren hochdotierten Trackday-Organisatoren wie Scuderia S7 und TC LTD zusammen. Sie k\u00f6nnen Ihn als privaten Trainer unter WAYPOINT f\u00fcr den Trackdays Ihrer Wahl anstellen.<br \/>\n\u2192 <a href=\"beulen.bruno@gmail.com\">beulen.bruno@gmail.com<\/a><\/p>\n<hr \/>\n<p><strong>\u00b7\u00a0BRETIN Didier (F)<br \/>\n<\/strong>Professioneller Sportfahrer-Trainer (BPJEPS-Diplom) mit Spezialgebiet Rennstrecken. Als sehr erfahrener Pilot und Instruktor bildet er sowohl \u00fcber seine Sportfahrer-Schule &#8222;startanddrive&#8220; (mit zur Verf\u00fcgung stehenden Autos) als auch f\u00fcr verschiedene Veranstalter \/ Clubs auf namhaften Rennstrecken in Frankreich und Europa Sportfahrer aus.<br \/>\n\u2192 <a href=\"http:\/\/www.startanddrive.com\">http:\/\/www.startanddrive.com<\/a><\/p>\n<hr \/>\n<p><strong>\u00b7 BRETON Benjamin (F)<br \/>\n<\/strong>Franz\u00f6sischer Rennfahrer und Coach mit BPJEPS-Diplom. Als ehemaliger Formel-Renault-, Fun-Cup-, Peugeot- und Clio-Cup-Pilot \u00fcbertr\u00e4gt er seine Leidenschaft f\u00fcr das Fahren nun vom Anf\u00e4ngerfahrer, der an seinem ersten Trackday teilnimmt, auf den Profi-Piloten, der einen Trainer engagieren m\u00f6chte. Zweisprachig FR\/EN.<br \/>\n\u2192 <a href=\"http:\/\/www.benjaminbreton.com\">http:\/\/www.benjaminbreton.com<\/a><\/p>\n<hr \/>\n<p><strong>\u00b7 CIRCUIT TOYS &#8211; Max Cartoux (F)<br \/>\n<\/strong>Rennfahrer und zweisprachiger Teammanager F\/E. Als ehemaliger Kart-Champion und professioneller Rennfahrer gr\u00fcndete Max Cartoux 2024 Circuit Toys, einen Rennstall, der einen Hyundai i30 N TCR in der Meisterschaft FFSA\/Tourisme\/TC 2024 eingesetzt hat. Egal, ob Sie ein Gentle(wo)man Driver, Anf\u00e4nger oder Fortgeschrittener sind, Max und sein Team stellen Ihnen ihr fundiertes Wissen \u00fcber das Fahren auf Rennstrecken zur Verf\u00fcgung, sei es mit Ihrem eigenen Auto, einem gemieteten GT oder einem Rennwagen ihres Rennstalls. Ein pers\u00f6nliches Coaching und eine Datenanalyse (mit Onboard-Videos im Auto) geben Ihnen die Schl\u00fcssel zu einer angepassten, schnellen und sicheren Verbesserung Ihres Fahrk\u00f6nnens.<br \/>\n\u2192 <a href=\"https:\/\/www.circuittoys.fr\/\" target=\"_blank\" rel=\"noopener\">https:\/\/www.circuittoys.fr\/<\/a><\/p>\n<hr \/>\n<p><strong>\u00b7\u00a0DAVID William (Will) (F)<br \/>\n<\/strong>Rennfahrer und diplomierter Instruktor. Seines Zeichens ehemaliger Peugeot-Werkspilot, mehrfacher franz\u00f6sischer Meister in verschiedenen Kategorien, besitzt er seine eigene professionelle Schule (mit eigenen Autos wie Clio RS, EVO 6, Formel Renault&#8230;) und bietet ein individuelles, auf Ihre Bed\u00fcrfnisse zugeschnittenes Coaching an. Mietet Rennstrecken auf eigene Rechnung und\/oder arbeitet f\u00fcr professionelle Trackday-Organisatoren.<br \/>\n\u2192\u00a0<a href=\"http:\/\/www.drivingyoursuccess.net\">http:\/\/www.drivingyoursuccess.net<\/a> + <a href=\"contact@drivingyoursuccess.net\">contact@drivingyoursuccess.net<\/a><\/p>\n<hr \/>\n<p>\u00b7 <strong>DG SPORTRACK &#8211; David Godet (F)<\/strong><strong><br \/>\n<\/strong>Moniteur dipl\u00f4m\u00e9 BPJEPS ind\u00e9pendant engageable \u00e0 la journ\u00e9e ou demi-journ\u00e9e.<br \/>\n\u2192\u00a0<a href=\"mailto:dgsportrack@gmail.com\" target=\"_blank\" rel=\"noopener\">mailto:dgsportrack@gmail.com<\/a><\/p>\n<hr \/>\n<p><strong>\u00b7 DRIVE ACADEMIE (F)<\/strong><br \/>\nOb Lernkurs, Fahrertaufe oder Trackdays, Drive Acad\u00e9mie bietet Ihnen die M\u00f6glichkeit, au\u00dfergew\u00f6hnliche Fahrzeuge auf von leidenschaftlichen Fahrern ausgew\u00e4hlten Rennstrecken zu fahren.<br \/>\n\u2192 <a href=\"https:\/\/www.driveacademie.com\/\" target=\"_blank\" rel=\"noopener\">https:\/\/www.driveacademie.com\/<\/a><\/p>\n<hr \/>\n<p><strong>\u00b7\u00a0DRIVING KONCEPT (F)<\/strong><br \/>\n&#8222;Erfahrener Berufsfahrer und staatlich gepr\u00fcfter DEJEPS-Trainer (Kart und Auto), mein Team und ich stellen Ihnen unsere ganze Erfahrung zur Verf\u00fcgung, um unter anderem folgende Punkte zu optimieren: Bremsen, Last\u00fcbertragung, Ferse zu Fu\u00df, Flugbahnen, Augenprojektion. Wir sind da f\u00fcr alle, vom Anf\u00e4nger bis zum Erfahrenen&#8220; &#8211; David Zollinger. Auf der Homepage von Driving Koncept ist fast alles gesagt. Die Schule verf\u00fcgt \u00fcber eigene Fahrzeuge (Formeln, Rennwagen, GT), aber Sie k\u00f6nnen auch am Steuer Ihres eigenen Autos Unterricht nehmen. Driving Koncept hat seinen Sitz in Le L\u00e9denon, aber sie gehen auch auf andere Rennstrecken.<br \/>\n\u2192 <a href=\"https:\/\/www.driving-koncept.com\">https:\/\/www.driving-koncept.com<\/a><\/p>\n<hr \/>\n<p><strong>\u00b7 DU CASTEL Xavier (F)<br \/>\n<\/strong>Professioneller Sportfahrer-Trainer mit BPJEPS-Diplom. Ist Rallyepilot, Rennstreckenpilot und ein extrem erfahrener Instruktor. Man trifft ihn sehr regelm\u00e4ssig auf vielen Rennstrecken Frankreichs, welche er allesamt sehr gut kennt; sei es als privater Trainer oder als Instruktor, der von diesem oder jenem Trackday-Veranstalter engagiert wird.<br \/>\n\u2192 <a href=\"ringspeed@ringspeed.com\">ringspeed@ringspeed.com<\/a><\/p>\n<hr \/>\n<p><strong>\u00b7\u00a0EXTREME CARS EVENTS (F)<\/strong><br \/>\n&#8222;Es ist an der Zeit, deine Tr\u00e4ume zu leben.&#8220; Extrem Cars<br \/>\nExtrem Cars events ist eine Sport- und Rennfahrerschule, die von Cyrille Kerdraon, einem erfahrenen Rallyefahrer und Instruktor, gegr\u00fcndet wurde. Die Schule stellt ihre Instruktoren und Fahrzeuge f\u00fcr Trackdays auf namhaften Rennstrecken in Frankreich zur Verf\u00fcgung. Das Programm: individuelles und personalisiertes Coaching in gestellten Autos oder im eigenen Wagen. Geschult wird an eigens organisierten Trackdays oder zusammen mit anderen Organisationen. Die Termine 2020 finden Sie auf unserer Homepage oder unter<br \/>\n\u2192\u00a0<a href=\"https:\/\/www.extremcarsevents.com\">https:\/\/www.extremcarsevents.com<\/a> +\u00a0<a href=\"http:\/\/www.extremcars.fr\">http:\/\/www.extremcars.fr<\/a> + <a href=\"contact@extremcars.fr\">contact@extremcars.fr<\/a><\/p>\n<hr \/>\n<p><strong>\u00b7 EXTREME LIMITE (F)<\/strong><br \/>\nFahrschule mit Sitz auf der Rennstrecke von Fay de Bretagne (25 Min. von Nantes), die von Patrick Roussel, einem Sieger der 24 Stunden von Le Mans, gegr\u00fcndet wurde. Die Schule organisiert auch Trackdays, die Sie in unserem Kalender finden.<br \/>\n\u2192 <a href=\"https:\/\/www.extreme-limite.com\" target=\"_blank\" rel=\"noopener\">https:\/\/www.extreme-limite.com<\/a><\/p>\n<hr \/>\n<p><strong>\u00b7 GTDRIVE &#8211; Driving Experience (F)<\/strong><br \/>\nGTDRIVE bietet Fahrkurse am Steuer der sch\u00f6nsten GT-Fahrzeuge an (die Flotte ist beeindruckend : Ferrari, Lamborghini, Porsche, Audi R8, Nissan GTR,&#8230;). Alle Instruktoren sind BPJEPS-zertifiziert. Sie k\u00f6nnen auch einen Instruktor im eigenen Auto mitnehmen. GTDRIVE organisiert auch Taufen f\u00fcr Passagiere (Anzahl der Runden nach Wahl). Besuchen Sie deren Website, insbesondere das Kapitel FAQ, das Ihnen viele n\u00fctzliche Informationen bietet. Beachten Sie, dass der F\u00f6rderer von GTDRIVE kein anderer als ein gewisser Jean Alesi ist.<br \/>\n\u2192 <a href=\"https:\/\/www.gtdrive.com\">https:\/\/www.gtdrive.com<\/a><\/p>\n<hr \/>\n<p><strong>\u00b7 Julien Gedet (F)<\/strong><br \/>\nDas Coaching findet allein mit Julien Gedet auf der Rennstrecke Pau Arnos oder Saintonge statt. Es handelt sich um ein individuelles Angebot, f\u00fcr das ein Kostenvoranschlag erstellt wird, der sich nach Ihrem Ziel und dem Renn- oder Sportwagen, \u00fcber den Sie verf\u00fcgen, richtet. Die Wahl einer anderen Rennstrecke ist je nach Verf\u00fcgbarkeit m\u00f6glich.<br \/>\n\u2192\u00a0<a href=\"https:\/\/www.juliengedet.com\/\" target=\"_blank\" rel=\"noopener\">https:\/\/www.juliengedet.com\/<\/a><\/p>\n<hr \/>\n<p><strong>\u00b7 MATHIOT Guillaume (F)<br \/>\n<\/strong>Sportfahrertrainer mit BPJEPS-Diplom, Lotus Cars zertifiziert. Erfahrener professioneller Instruktor mit 15 Jahren Erfahrung als Fahrer auf Asphalt- und Erdstrecken. Testfahrten und Tests von Rennfahrzeugen. Guillaume teilt seine Erfahrung sowie sein Wissen \u00fcber das Fahren im Rahmen von Trackdays, die von verschiedenen anerkannten Veranstaltern organisiert werden.<br \/>\n\u2192\u00a0<a href=\"mailto:guillaumemathiot@hotmail.fr\" target=\"_blank\" rel=\"noopener\">mailto:guillaumemathiot@hotmail.fr<\/a> , Tel : 0033-6-67-32-38-57<\/p>\n<hr \/>\n<p><strong>\u00b7 MOTORSPORT ACADEMY (F)<\/strong><br \/>\nMit Sitz in Nantes Motorsport Academy\u00a0 ist ein Veranstalter von Fahrtrainings und Autotaufen f\u00fcr Passagiere, der im Nordwesten Frankreichs aktiv ist, insbesondere auf den Rennstrecken von Loh\u00e9ac, Fontenay le Comte, Bugatti\/Le Mans und Fay de Bretagne. Sie organisieren auch Trackdays auf der Rennstrecke von Fay de Bretagne.<br \/>\n\u2192 <a href=\"https:\/\/www.motorsport-academy.fr\" target=\"_blank\" rel=\"noopener\">https:\/\/www.motorsport-academy.fr<\/a><\/p>\n<hr \/>\n<p><strong>\u00b7 MY DRIVING EXPERIENCE (F)<\/strong><br \/>\nDer ehemalige Formel-1-Pilot Pascal Fabre, der 12 Mal am 24-Stunden-Rennen von Le Mans teilnahm und 2001 einen Sieg in der Klasse LMP 2 errang, hat mit seinem Sohn Maxime eine Firma f\u00fcr Automobil-Events gegr\u00fcndet, die Gleitkurse und Prestige-Trackdays mit individuellem und pers\u00f6nlichem Coaching anbietet. Begleitet von BPJEPS-zertifizierten Instruktoren finden diese Tage auf verschiedenen Rennstrecken statt, insbesondere im Driving Center in Le Castellet und in Mireval (Goodyear-Testgel\u00e4nde) f\u00fcr die Gleitkurse.<br \/>\n\u2192 <a href=\"https:\/\/my-drivingexperience.com\/\" target=\"_blank\" rel=\"noopener\">https:\/\/my-drivingexperience.com\/<\/a><\/p>\n<hr \/>\n<p><strong>\u00b7 NOMAD DRIVING EVENT (F)<\/strong><br \/>\n&#8222;Die Fahrschule Nomad Driving Event verf\u00fcgt \u00fcber ein Team erfahrener BPJEPS-qualifizierter Instruktoren, die an allen unseren Trackdays f\u00fcr individuelle Coaching-Sessions zur Verf\u00fcgung stehen (von 30 Minuten bis zu einem ganzen Tag &#8211; siehe Preise in der Fahrschule)&#8220;.<br \/>\n\u2192 <a href=\"https:\/\/www.nomad-pilotage.com\/trackdays\/\" target=\"_blank\" rel=\"noopener\">https:\/\/www.nomad-pilotage.com\/trackdays\/<\/a><\/p>\n<hr \/>\n<p><strong>\u00b7 PEGASE &#8211; Stages de pilotage (F)<\/strong><br \/>\n&#8222;Dieses Drift-Training ist daf\u00fcr gemacht, dass Sie sich soweit weiterentwickeln k\u00f6nnen um das \u2018Rutschen\u2019 in v\u00f6lliger Sicherheit auf unseren Rennstrecken zu beherrschen. Pegase ist eine Sport-Fahrerschule, welche sich voll und ganz dem beherzten Drift widmet. Ziel: Erlernen und Beherrschen des Drifts, sowohl auf Asphalt als auch auf Eis und Schnee. Es gibt nichts Besseres um das Auto zu &#8222;sp\u00fcren&#8220; und um sich die richtigen Reflexe anzueignen: sei es f\u00fcr die Stra\u00dfe wie auch f\u00fcr die Rennstrecke.<br \/>\n\u2192\u00a0<a href=\"https:\/\/stage-pilotage.com\/\">https:\/\/stage-pilotage.com\/<\/a> + <a href=\"mailto:contact@stage-pilotage.com\">contact@stage-pilotage.com<\/a><\/p>\n<hr \/>\n<p><strong>\u00b7 RABELLO Felipe (I)<\/strong><br \/>\nProfi Rennfahrer und Fahrlehrer mit \u00fcber 30 Jahren Erfahrung im Motorsport. Fahrlehrer f\u00fcr Automarken wie Mercedes AMG, BMW M Performance und Audi Sport. Wohnort : Modena\/Italien. Zweisprachig Englisch-Portugiesisch.<br \/>\n\u2192\u00a0<a href=\"mailto:felipegrabello@gmail.com\" target=\"_blank\" rel=\"noopener\">felipegrabello@gmail.com<\/a> und +39 338 838 5651<\/p>\n<hr \/>\n<p><strong>\u00b7 RC-Events (F)<\/strong><br \/>\nOb Amateur oder erfahrener Fahrer, perfektionieren Sie Ihre Fahrk\u00fcnste am Steuer unserer Fahrzeuge oder Ihres eigenen Sportautos. Entdecken Sie verschiedene Rennstrecken in Frankreich oder Europa. Diese Formel erm\u00f6glicht es Ihnen, eine gro\u00dfe Anzahl von Runden am Steuer zu drehen, wobei Sie zwischen den Stints von einem individuellen Coaching profitieren.<br \/>\n\u2192\u00a0<a href=\"https:\/\/www.rc-events.fr\" target=\"_blank\" rel=\"noopener\">https:\/\/www.rc-events.fr<\/a><\/p>\n<hr \/>\n<p><strong>\u00b7 RTS PRO (F)<br \/>\n<\/strong>Ob Sie Anf\u00e4nger sind oder motiviert, Ihr Auto noch besser zu beherrschen, RTS PRO l\u00e4dt Sie w\u00e4hrend der Tage der offenen T\u00fcr zu Coaching-Sessions ein. Unser Instruktor Sandy ist BPJEPS-Instruktor, Moto-Cross-Pilot und ist regelm\u00e4\u00dfig Streckenchef auf der Haute Saintonge Rennstrecke. Dar\u00fcber hinaus hat er mehrere offene &#8222;Young aimer and Old aimer&#8220;-Tage auf der gleichen Strecke organisiert. Ab Mai 2021 wird RTS PRO von DELAGE Sport vorbereitete Antriebsfahrzeuge anbieten. Diese Fahrzeuge werden f\u00fcr die Vermietung mit Instruktor zur Verf\u00fcgung stehen und\/oder f\u00fcr Fahrer reserviert sein, die bereits an Fahrsessions teilgenommen haben.<br \/>\n\u2192 <a href=\"https:\/\/www.rtspro.fr\" target=\"_blank\" rel=\"noopener\">https:\/\/www.rtspro.fr<\/a><\/p>\n<hr \/>\n<p><strong>\u00b7 STUCKY Martin (CH)<br \/>\n<\/strong>Professioneller Sportfahrer-Trainer (BPJEPS-Diplom) mit Spezialgebiet Rennstrecken (Rundstrecken). Extrem erfahrener Coach\/Instruktor und Hobby-Rennfahrer. Arbeitet seit vielen Jahren f\u00fcr High-end Organisationen wie Scuderia S7 und NJ Sportfahrerschule. Ist ein hervorragender Kommunikator, spricht fliessend mehrere Sprachen und kennt die meisten europ\u00e4ischen Rennstrecken wie seine Westentasche. Teilt seine Leidenschaft nicht selten mit Top-Piloten wie Frank Stippler, Marcel F\u00e4ssler, Christian Menzel, Jens Richter, Fredy Barth u.a.m.<br \/>\n\u2192 <a href=\"martin.stucky@ocbox.ch\">martin.stucky@ocbox.ch<\/a><\/p>\n<p><em>TIPP : Martin Stucky ist Autor des Ideallinie-Konzept\u00a9 gezeigt am Beispiel der N\u00fcrburgring-Nordschleife (in 2 Sprachen) und von SPA-Francorchamps (in 3 Sprachen). Darin beschreibt er im Detail die \u2018klassische\u2019 Ideallinie, mit Steckenpl\u00e4nen, stehenden Bildern und einem Film mit einer gefahrenen Runde mit 60 km\/h. Im ersten Teil behandelt er jeweils s\u00e4mtliche theoretischen und fahrdynamisch wichtigen Themen in Zusammenarbeit mit Prof. Dr. Bernt Spiegel und erkl\u00e4rt in klar verst\u00e4ndlicher und detaillierter Weise den gesamten Wortschatz des Motorsports &#8211; ein &#8222;must&#8220; f\u00fcr jeden Beginner und\/oder erfahrenen Fahrer !<\/em><br \/>\n\u2192 <a href=\"https:\/\/www.verlagsdruckerei-schmidt.de\/produkt\/das-ideallinie-konzept-gezeigt-am-beispiel-des-nurburgrings-das-komplettpaket\/\" target=\"_blank\" rel=\"noopener\">VDS &#8211; Verlagsdruckerei Schmidt<\/a><\/p>\n<hr \/>\n<p><strong>\u00b7 Ulteam Racing &amp; Training (F)<br \/>\n<\/strong>Unter der Leitung von Matthieu P\u00e9rot, BPJEPS-Coach, ist Ulteam Racing eine Fahrschule (und keine Drift-Schule) f\u00fcr kleine und gro\u00dfe GT-Fahrzeuge. In den angebotenen Kursen lernen die Teilnehmer, ihr Fahrzeug auf st\u00e4ndig bew\u00e4sserten, aber vollkommen sicheren, da von Gras umgebenen Strecken zu beherrschen. Die bew\u00e4sserten Rennstrecken sind : Lurcy-L\u00e9vis, Les Ecuyers und Chambley. Ulteam Racing bietet Ihnen auch ein individuelles Coaching w\u00e4hrend Ihrer \u00fcblichen Trackdays auf Ihren Lieblingsrennstrecken an.<br \/>\n\u2192\u00a0<a href=\"https:\/\/www.ulteam-racing.fr\/\" target=\"_blank\" rel=\"noopener\">https:\/\/www.ulteam-racing.fr\/<\/a><\/p>\n<hr \/>\n<p><strong>\u00b7 XP DEVELOPPEMENT &#8211; Xavier Pompidou (F)<br \/>\n<\/strong>Xavier Pompidou ist ein erfahrener Instruktor und professioneller Fahrer mit einer gro\u00dfartigen Erfolgsbilanz im Kart- und Rennsportwagen (vor allem in der Le Mans Series als Fahrer von Porsche RSR und Lola-Judd). Er bietet individuelles Coaching f\u00fcr Gentleman-Drivers (w\u00e4hrend Trackdays) und f\u00fcr Profi-Fahrer.<br \/>\n\u2192 <a href=\"http:\/\/www.xpdeveloppement.com\/\" target=\"_blank\" rel=\"noopener\">http:\/\/www.xpdeveloppement.com\/<\/a><\/p>\n<hr \/>\n<h2 style=\"text-align: center;\">&#8230; UND AUSSERDEM<\/h2>\n<hr \/>\n<p>Ebenfalls speziell erw\u00e4hnenswert ist die grosse Professionalit\u00e4t vieler Trackday-Veranstalter wie z.B. <strong>NJS, Pistenclub<\/strong>, <strong>Scuderia S7<\/strong>, <strong>Tinseau Test Days<\/strong>, <strong>Techpoint Consulting SRL<\/strong>, <strong>Dijon Auto Racing, GT Cars Spirit<\/strong>\u00a0u.v.a.m. welche hochkar\u00e4tige Instruktoren (von denen wir einige bereits oben erw\u00e4hnt haben) teilweise sogar kostenlos &#8222;anbieten2.<\/p>\n<p>Profitieren Sie unbegrenzt von deren Erfahrung, denn diese Coaches\/Instruktoren und Piloten sind Profis, die genau wissen, wie Sie sich auf der Strecke wohlf\u00fchlen d\u00fcrfen und dank dem grosse Fortschritte machen k\u00f6nnen. Unabh\u00e4ngig von Ihrem Fahrniveau !<\/p>\n<p><img loading=\"lazy\" decoding=\"async\" class=\"wp-image-33328 aligncenter\" src=\"https:\/\/trackdays.events\/wp-content\/uploads\/2020\/04\/RACETRACK-DAYS-70.jpg\" alt=\"\" width=\"600\" height=\"400\" srcset=\"https:\/\/trackdays.events\/wp-content\/uploads\/2020\/04\/RACETRACK-DAYS-70.jpg 5760w, https:\/\/trackdays.events\/wp-content\/uploads\/2020\/04\/RACETRACK-DAYS-70-300x200.jpg 300w, https:\/\/trackdays.events\/wp-content\/uploads\/2020\/04\/RACETRACK-DAYS-70-768x512.jpg 768w, https:\/\/trackdays.events\/wp-content\/uploads\/2020\/04\/RACETRACK-DAYS-70-1024x683.jpg 1024w\" sizes=\"auto, (max-width: 600px) 100vw, 600px\" \/><\/p>\n<p><img loading=\"lazy\" decoding=\"async\" class=\"wp-image-37596 aligncenter\" src=\"https:\/\/trackdays.events\/wp-content\/uploads\/2021\/01\/Checkered-Flag-1-1.jpg\" alt=\"\" width=\"300\" height=\"43\" srcset=\"https:\/\/trackdays.events\/wp-content\/uploads\/2021\/01\/Checkered-Flag-1-1.jpg 1798w, https:\/\/trackdays.events\/wp-content\/uploads\/2021\/01\/Checkered-Flag-1-1-300x43.jpg 300w, https:\/\/trackdays.events\/wp-content\/uploads\/2021\/01\/Checkered-Flag-1-1-1024x146.jpg 1024w, https:\/\/trackdays.events\/wp-content\/uploads\/2021\/01\/Checkered-Flag-1-1-768x109.jpg 768w, https:\/\/trackdays.events\/wp-content\/uploads\/2021\/01\/Checkered-Flag-1-1-1536x219.jpg 1536w\" sizes=\"auto, (max-width: 300px) 100vw, 300px\" \/><\/p>\n","protected":false},"excerpt":{"rendered":"<p>Sind Sie ausgebildeter, professioneller Instruktor (BPJEPS-Niveau oder gleichwertig) und m\u00f6chten Sie Ihre Kenntnisse und Ihr Fachwissen \u00fcber das Fahren auf Rennstrecken (nat\u00fcrlich gegen Entl\u00f6hnung) an GT Gentleman-Fahrer weitergeben? Sind Sie Organisator von Fahrkursen oder Trackdays bei denen Sie Instruktoren zur Verf\u00fcgung stellen ? Dann ist diese kostenlose Rubrik genau f\u00fcr Sie bestimmt. Ob Sie ein [&hellip;]<\/p>\n","protected":false},"author":2,"featured_media":0,"parent":0,"menu_order":0,"comment_status":"closed","ping_status":"closed","template":"","meta":{"_acf_changed":false,"footnotes":""},"class_list":["post-30405","page","type-page","status-publish","hentry"],"acf":[],"_links":{"self":[{"href":"https:\/\/trackdays.events\/de\/wp-json\/wp\/v2\/pages\/30405","targetHints":{"allow":["GET"]}}],"collection":[{"href":"https:\/\/trackdays.events\/de\/wp-json\/wp\/v2\/pages"}],"about":[{"href":"https:\/\/trackdays.events\/de\/wp-json\/wp\/v2\/types\/page"}],"author":[{"embeddable":true,"href":"https:\/\/trackdays.events\/de\/wp-json\/wp\/v2\/users\/2"}],"replies":[{"embeddable":true,"href":"https:\/\/trackdays.events\/de\/wp-json\/wp\/v2\/comments?post=30405"}],"version-history":[{"count":7,"href":"https:\/\/trackdays.events\/de\/wp-json\/wp\/v2\/pages\/30405\/revisions"}],"predecessor-version":[{"id":64072,"href":"https:\/\/trackdays.events\/de\/wp-json\/wp\/v2\/pages\/30405\/revisions\/64072"}],"wp:attachment":[{"href":"https:\/\/trackdays.events\/de\/wp-json\/wp\/v2\/media?parent=30405"}],"curies":[{"name":"wp","href":"https:\/\/api.w.org\/{rel}","templated":true}]}}