{"id":30453,"date":"2019-04-22T17:54:18","date_gmt":"2019-04-22T15:54:18","guid":{"rendered":"https:\/\/www.trackdays.events\/?page_id=30453"},"modified":"2026-03-29T11:31:23","modified_gmt":"2026-03-29T09:31:23","slug":"erste-infos","status":"publish","type":"page","link":"https:\/\/trackdays.events\/de\/erste-infos\/","title":{"rendered":"Blog\/Forum"},"content":{"rendered":"<p><img loading=\"lazy\" decoding=\"async\" class=\"wp-image-42127 size-large aligncenter\" src=\"https:\/\/trackdays.events\/wp-content\/uploads\/2021\/10\/spa-corvette-christian-1024x415.png\" alt=\"\" width=\"1024\" height=\"415\" srcset=\"https:\/\/trackdays.events\/wp-content\/uploads\/2021\/10\/spa-corvette-christian-1024x415.png 1024w, https:\/\/trackdays.events\/wp-content\/uploads\/2021\/10\/spa-corvette-christian-300x121.png 300w, https:\/\/trackdays.events\/wp-content\/uploads\/2021\/10\/spa-corvette-christian-768x311.png 768w, https:\/\/trackdays.events\/wp-content\/uploads\/2021\/10\/spa-corvette-christian.png 1198w\" sizes=\"auto, (max-width: 1024px) 100vw, 1024px\" \/><\/p>\n<p style=\"text-align: center;\"><span style=\"color: #0000ff;\">\u2192 <a style=\"color: #0000ff;\" href=\"https:\/\/youtu.be\/wWf9yb73ETU\" target=\"_blank\" rel=\"noopener\">https:\/\/youtu.be\/wWf9yb73ETU<\/a><\/span><\/p>\n<p><strong>Sie haben das Wort\u2026<\/strong><\/p>\n<p>Zus\u00e4tzlich zu den n\u00fctzlichen Informationen (Kalender, Ratschl\u00e4ge, Links) ist unsere Website auch <strong><em>ein Ort des Austauschs<\/em><\/strong>, von Fans zu Fans. Die Kommunikation mit uns ist sehr einfach :<\/p>\n<p><strong>a\/ f\u00fcgen Sie unten einen Kommentar<\/strong> f\u00fcr jede kurze Frage\/Bemerkung bez\u00fcglich der Welt der Trackdays oder unserer Website hinzu. Nach der Sendung erscheint Ihr Text vorl\u00e4ufig (und nur auf Ihrem PC\/Handy) oben in den Kommentaren. Nach unserer Validierung und Antwort wird er an der gleichen Stelle definitiv erscheinen. Um Ihnen eine absolute Vertraulichkeit zu garantieren, wird Ihre e-mail Adresse geheim bleiben; zudem werden keine Daten an Dritte weitergegeben. <span style=\"text-decoration: underline;\">HINWEIS<\/span> : vielleicht finden Sie die vorstehenden Kommentare hier unten auch n\u00fctzlich.<\/p>\n<p><strong>b\/ senden Sie uns eine e-mail<\/strong> (<strong><span style=\"color: #993366;\"><a style=\"color: #993366;\" href=\"info@trackdays.events\">info@trackdays.events<\/a><\/span><\/strong>) f\u00fcr jede Frage, die eine spezifische Erwiderung erfordert, oder f\u00fcr jede Partnerschaftsanfrage. Wir werden Ihnen schnellstm\u00f6glich antworten.<\/p>\n<p><strong>c\/ besuchen Sie uns<\/strong> auf der Rennstrecke (Auflistung unserer Teilnahmen an Trackdays unter NEWS -&gt; STATS\/&#8230; \/MEET US ON TRACK).<\/p>\n<p>\u00dcber Fragen und\/oder <strong>konstruktive<\/strong> Kritik sowie Bemerkungen freuen wir uns jederzeit.<\/p>\n<p>Das Team von <strong>trackdays.events<\/strong><\/p>\n<hr \/>\n<p><img loading=\"lazy\" decoding=\"async\" class=\"aligncenter wp-image-32742\" src=\"https:\/\/trackdays.events\/wp-content\/uploads\/2020\/03\/micro-tendu.jpg\" alt=\"\" width=\"400\" height=\"266\" srcset=\"https:\/\/trackdays.events\/wp-content\/uploads\/2020\/03\/micro-tendu.jpg 626w, https:\/\/trackdays.events\/wp-content\/uploads\/2020\/03\/micro-tendu-300x200.jpg 300w\" sizes=\"auto, (max-width: 400px) 100vw, 400px\" \/><\/p>\n","protected":false},"excerpt":{"rendered":"<p>\u2192 https:\/\/youtu.be\/wWf9yb73ETU Sie haben das Wort\u2026 Zus\u00e4tzlich zu den n\u00fctzlichen Informationen (Kalender, Ratschl\u00e4ge, Links) ist unsere Website auch ein Ort des Austauschs, von Fans zu Fans. Die Kommunikation mit uns ist sehr einfach : a\/ f\u00fcgen Sie unten einen Kommentar f\u00fcr jede kurze Frage\/Bemerkung bez\u00fcglich der Welt der Trackdays oder unserer Website hinzu. Nach der [&hellip;]<\/p>\n","protected":false},"author":2,"featured_media":0,"parent":0,"menu_order":0,"comment_status":"open","ping_status":"closed","template":"","meta":{"_acf_changed":false,"footnotes":""},"class_list":["post-30453","page","type-page","status-publish","hentry"],"acf":[],"_links":{"self":[{"href":"https:\/\/trackdays.events\/de\/wp-json\/wp\/v2\/pages\/30453","targetHints":{"allow":["GET"]}}],"collection":[{"href":"https:\/\/trackdays.events\/de\/wp-json\/wp\/v2\/pages"}],"about":[{"href":"https:\/\/trackdays.events\/de\/wp-json\/wp\/v2\/types\/page"}],"author":[{"embeddable":true,"href":"https:\/\/trackdays.events\/de\/wp-json\/wp\/v2\/users\/2"}],"replies":[{"embeddable":true,"href":"https:\/\/trackdays.events\/de\/wp-json\/wp\/v2\/comments?post=30453"}],"version-history":[{"count":7,"href":"https:\/\/trackdays.events\/de\/wp-json\/wp\/v2\/pages\/30453\/revisions"}],"predecessor-version":[{"id":64279,"href":"https:\/\/trackdays.events\/de\/wp-json\/wp\/v2\/pages\/30453\/revisions\/64279"}],"wp:attachment":[{"href":"https:\/\/trackdays.events\/de\/wp-json\/wp\/v2\/media?parent=30453"}],"curies":[{"name":"wp","href":"https:\/\/api.w.org\/{rel}","templated":true}]}}