{"id":30458,"date":"2019-05-06T21:58:58","date_gmt":"2019-05-06T19:58:58","guid":{"rendered":"https:\/\/www.trackdays.events\/?page_id=30458"},"modified":"2026-01-02T08:27:16","modified_gmt":"2026-01-02T07:27:16","slug":"regles-comportements-et-attitudes","status":"publish","type":"page","link":"https:\/\/trackdays.events\/de\/regles-comportements-et-attitudes\/","title":{"rendered":"Tipps &#038; Hinweise f\u00fcr das Fahren auf der Strecke"},"content":{"rendered":"<p data-wp-editing=\"1\"><img loading=\"lazy\" decoding=\"async\" class=\"alignnone wp-image-33507 size-full\" src=\"https:\/\/trackdays.events\/wp-content\/uploads\/2020\/04\/RACETRACK-DAYS-95.jpg\" alt=\"\" width=\"966\" height=\"644\" srcset=\"https:\/\/trackdays.events\/wp-content\/uploads\/2020\/04\/RACETRACK-DAYS-95.jpg 966w, https:\/\/trackdays.events\/wp-content\/uploads\/2020\/04\/RACETRACK-DAYS-95-300x200.jpg 300w, https:\/\/trackdays.events\/wp-content\/uploads\/2020\/04\/RACETRACK-DAYS-95-768x512.jpg 768w\" sizes=\"auto, (max-width: 966px) 100vw, 966px\" \/><\/p>\n<p data-wp-editing=\"1\">Spass haben, die ganze Kraft und Dynamik meines Sportautos frei von Verboten voll nutzen und auskosten zu d\u00fcrfen, meine Fahrkenntnisse verbessern und verfeinern\u00a0: sind nicht dies die Ziele (m)eines Trackdays? Obwohl auf der Rennstrecke keine Geschwindigkeitsbegrenzungen bestehen heisst das noch lange nicht, dass ich mich nicht an <strong>Verhaltensregeln<\/strong> halten soll. Ein Routinier sollte einen weniger experimentierten Fahrer NIE provozieren oder dr\u00e4ngeln (Unfallgefahr). Ein unerfahrener Pilot sollte NIE versuchen, einem Routinier zu folgen. Macht er das, ist der \u201aAbflug\u2018 vorprogrammiert. \u201aDie T\u00fcre zuschlagen\u2018 oder sich im Kurveneingang noch auf Gedeih und Verderb \u201adurchquetschen\u2018 zu wollen; auch das sind Verhalten die in jedem Fall vermieden werden sollten.<\/p>\n<p><strong><span style=\"text-decoration: underline;\">BRIEFING<\/span><br \/>\n<\/strong>Alle Teilnehmer eines Trackdays m\u00fcssen an einem Sicherheits-Briefing teilnehmen, die von der Rennstrecke und dem Veranstalter des Tages organisiert wird. Dieses <strong>obligatorische Briefing<\/strong> kann auf verschiedene Weise erfolgen : \u00fcber das Internet, vor Ort zu Beginn des Tages oder beides. Wenn man sich nach der Einweisung nicht sicher f\u00fchlt (erstes Mal auf der Rennstrecke, erstes Mal auf der Rennstrecke des Tages, usw&#8230;), nimmt man einen Instruktor in Anspruch oder bittet einen erfahrenen Fahrer um Hilfe, indem man beispielsweise als Beifahrer mitf\u00e4hrt. Einige Veranstalter verpflichten Anf\u00e4nger, f\u00fcr ihre ersten Runden einen Instruktor zu nehmen, oder organisieren eine erste Session mit einigen gef\u00fchrten Runden hinter einem Instruktor. So kann man die ideale Fahrlinie lernen und nach und nach Selbstvertrauen gewinnen.<\/p>\n<p style=\"text-align: center;\"><img loading=\"lazy\" decoding=\"async\" class=\"alignnone wp-image-33251\" src=\"https:\/\/trackdays.events\/wp-content\/uploads\/2020\/04\/RACETRACK-DAYS-75-300x200.jpg\" alt=\"\" width=\"180\" height=\"120\" srcset=\"https:\/\/trackdays.events\/wp-content\/uploads\/2020\/04\/RACETRACK-DAYS-75-300x200.jpg 300w, https:\/\/trackdays.events\/wp-content\/uploads\/2020\/04\/RACETRACK-DAYS-75-768x511.jpg 768w, https:\/\/trackdays.events\/wp-content\/uploads\/2020\/04\/RACETRACK-DAYS-75-1024x681.jpg 1024w, https:\/\/trackdays.events\/wp-content\/uploads\/2020\/04\/RACETRACK-DAYS-75.jpg 1136w\" sizes=\"auto, (max-width: 180px) 100vw, 180px\" \/> <img loading=\"lazy\" decoding=\"async\" class=\"alignnone wp-image-52205\" src=\"https:\/\/trackdays.events\/wp-content\/uploads\/2023\/10\/briefing-securite-Copie-300x173.png\" alt=\"\" width=\"209\" height=\"120\" srcset=\"https:\/\/trackdays.events\/wp-content\/uploads\/2023\/10\/briefing-securite-Copie-300x173.png 300w, https:\/\/trackdays.events\/wp-content\/uploads\/2023\/10\/briefing-securite-Copie-1024x589.png 1024w, https:\/\/trackdays.events\/wp-content\/uploads\/2023\/10\/briefing-securite-Copie-768x442.png 768w, https:\/\/trackdays.events\/wp-content\/uploads\/2023\/10\/briefing-securite-Copie.png 1280w\" sizes=\"auto, (max-width: 209px) 100vw, 209px\" \/> <img loading=\"lazy\" decoding=\"async\" class=\"alignnone wp-image-33269\" src=\"https:\/\/trackdays.events\/wp-content\/uploads\/2020\/04\/RACETRACK-DAYS-81-300x200.jpg\" alt=\"\" width=\"180\" height=\"120\" srcset=\"https:\/\/trackdays.events\/wp-content\/uploads\/2020\/04\/RACETRACK-DAYS-81-300x200.jpg 300w, https:\/\/trackdays.events\/wp-content\/uploads\/2020\/04\/RACETRACK-DAYS-81-768x512.jpg 768w, https:\/\/trackdays.events\/wp-content\/uploads\/2020\/04\/RACETRACK-DAYS-81-1024x682.jpg 1024w, https:\/\/trackdays.events\/wp-content\/uploads\/2020\/04\/RACETRACK-DAYS-81.jpg 1091w\" sizes=\"auto, (max-width: 180px) 100vw, 180px\" \/><\/p>\n<p style=\"text-align: center;\">Als Beispiel hier der Link zum <strong>obligatorischen Videobriefing<\/strong>, um auf dem Circuit Bugatti \/ Le Mans zu fahren (9&#8217;18) :<br \/>\n<a href=\"https:\/\/youtu.be\/V4UvzHR42KI?si=Vd5ySKOLpWk_69Qm\" target=\"_blank\" rel=\"noopener\"><span style=\"color: #0000ff;\">https:\/\/youtu.be\/V4UvzHR42KI?si=Vd5ySKOLpWk_69Qm<\/span><\/a><\/p>\n<p><span style=\"text-decoration: underline;\"><strong>LETZTE VORBEREITUNGEN UND KONTROLLEN VOR DER FAHRT AUF DIE STRECKE<\/strong><\/span><br \/>\nBevor man sich in die Boxengasse begibt und auf die Strecke fahren m\u00f6chte, muss sichergestellt werden, dass Fahrer, Beifahrer und Fahrzeug <strong>startbereit<\/strong> sind :\u00a0Stickers geklebt, Abschlepphaken angebracht und fixiert, Fahrzeuginnenraum \u201ageleert\u2018, gen\u00fcgend Kraftstoff, Reifendruck okay, passende Kleider und Helm, Fahrer-\/Beifahrer-Armb\u00e4nder, Gurten angezurrt, Fenster geschlossen.<\/p>\n<p><span style=\"text-decoration: underline;\"><strong>EINFAHREN AUF DIE STRECKE<\/strong><\/span><br \/>\nSobald man aus der Boxengasse auf die Rennstrecke f\u00e4hrt, <strong>\u00fcberf\u00e4hrt man nie die weisse Linie<\/strong> die sich auf der Strecke am Ausgang der Boxengasse befindet ! Man folgt dem Rand der Strecke, beschleunigt schnell, um seinen Rhythmus und den der anderen Fahrer zu nehmen, und begibt sich dann langsam auf die ideale Linie. In Dijon-Prenois beispielsweise (Foto unten) erreichen die leistungsst\u00e4rksten GT-Fahrzeuge am Ende der Geraden Geschwindigkeiten von 250 bis 300 km\/h, genau dort, wo man auf die Strecke f\u00e4hrt&#8230;<\/p>\n<p><img loading=\"lazy\" decoding=\"async\" class=\"aligncenter wp-image-60560\" src=\"https:\/\/trackdays.events\/wp-content\/uploads\/2025\/05\/dijon-ligne-blanche-2.jpg\" alt=\"\" width=\"600\" height=\"257\" srcset=\"https:\/\/trackdays.events\/wp-content\/uploads\/2025\/05\/dijon-ligne-blanche-2.jpg 994w, https:\/\/trackdays.events\/wp-content\/uploads\/2025\/05\/dijon-ligne-blanche-2-300x129.jpg 300w, https:\/\/trackdays.events\/wp-content\/uploads\/2025\/05\/dijon-ligne-blanche-2-768x329.jpg 768w\" sizes=\"auto, (max-width: 600px) 100vw, 600px\" \/><\/p>\n<p><span style=\"text-decoration: underline;\"><strong>ERSTE RUNDE<\/strong><\/span><br \/>\nMan l\u00e4sst der Mechanik, den Reifen, den Bremsen und sich selbst gen\u00fcgend Zeit zum <strong>aufw\u00e4rmen<\/strong>; man steigert das Tempo nach und nach, Runde um Runde (sonst besteht ein hohes Risiko f\u00fcr einen Dreher oder einen Ausritt neben die Strecke).<\/p>\n<p><span style=\"text-decoration: underline;\"><strong>FAHREN<\/strong><\/span><br \/>\nMan schaut nach vorne, man schaut weit voraus (Vorausschauendes Fahren), aber man schaut auch regelm\u00e4ssig in die richtig eingestellten R\u00fcckspiegel (innen, aussen links, aussen rechts). Ein grundlegender Punkt, der manchen Fahrern trivial erscheinen mag : auf der Rennstrecke ist es strengstens verboten, in die falsche Richtung zu fahren (nehmen Sie sich also im Falle eines Dreher Zeit, sich zu orientieren und in die richtige Richtung weiterzufahren). Man f\u00e4hrt mit geschlossenen Fenstern, auf einigen Rennstrecken ist eine \u00d6ffnung von 2-3 cm erlaubt. Die Klimaanlage darf gerne aktiv sein, vorallem bei heissen Aussentemperaturen. <strong>Man f\u00e4hrt nicht mit angehaltenem Atem<\/strong> : man darf nicht vergessen zu atmen und kann kleine Atem\u00fcbungen machen. <strong>Man \u00fcbersch\u00e4tzt sich nicht<\/strong> : manchmal hat ein Ausritt aus der Strecke keine Folgen; in anderen F\u00e4llen kann es jedoch sehr teuer werden, was die Reparaturkosten f\u00fcr das Auto und die Reparaturkosten f\u00fcr die an der Rennstrecke verursachten Sch\u00e4den (Schienen, verschiedene Schutzvorrichtungen usw.) angeht; au\u00dferdem darf kein Fahrer die Strecke befahren, ohne zuvor einen <strong>Haftungsausschluss<\/strong> (f\u00fcr die Rennstrecke und den Veranstalter) unterzeichnet zu haben.<\/p>\n<p><span style=\"text-decoration: underline;\"><strong>\u00dcBERHOLMAN\u00d6VER<\/strong><\/span><br \/>\n\u00b7 Erster Punkt : auf Rennstrecken darf, sofern vom Veranstalter nicht anders angegeben, sowohl <strong>links als auch rechts<\/strong> \u00fcberholt werden (au\u00dfer auf dem N\u00fcrburgring\/der Nordschleife\/bei Touristenfahrten, wo nur das \u00dcberholen auf der linken Seite erlaubt ist, da die Strecke dann rechtlich als \u00f6ffentliche Stra\u00dfe gilt).<br \/>\n\u00b7 Zweiter Punkt : die allgemeine Regel lautet wie folgt : der Fahrer, der \u00fcberholt wird, bleibt auf der Ideallinie; <strong>der \u00fcberholende Fahrer ist f\u00fcr seine Entscheidung, zu \u00fcberholen, verantwortlich<\/strong> (bei der Beurteilung muss man sich fragen : hat der Fahrer vor mir mich wirklich kommen sehen ? Wenn man sich nicht sicher ist, wartet man. Um auf sich aufmerksam zu machen, kann man kurz das Fernlicht bet\u00e4tigen. Vernunft, Vorsicht und Erfahrung lehren jedoch Folgendes : anstatt um jeden Preis zu versuchen, einen langsameren Fahrer zu \u00fcberholen, sollte man lieber auf die n\u00e4chste Gerade warten und dann sicher \u00fcberholen (wir sprechen hier von Trackdays und nicht von Wettk\u00e4mpfen).<br \/>\n\u00b7 Dritter Punkt (eher f\u00fcr erfahrene Fahrer relevant) : der Fahrer, der \u00fcberholt wird, kann sich daf\u00fcr entscheiden, das \u00dcberholen eines schnelleren Fahrers zu erleichtern, indem er von der Ideallinie abweicht. In diesem Fall entscheidet er sich entweder, sich auf die linke Seite der Strecke zu begeben und dies sofort durch Blinken mit dem linken Blinker anzuzeigen (und bleibt auf der linken Seite der Strecke), oder er entscheidet sich, sich auf die rechte Seite der Strecke zu begeben und dies sofort durch Blinken mit dem rechten Blinker anzuzeigen (und bleibt auf der rechten Seite der Strecke).<\/p>\n<p><span style=\"text-decoration: underline;\"><strong>R\u00dcCKKEHR AN DIE BOX<\/strong><\/span><br \/>\nBevor man an die Box zur\u00fcckkehrt, f\u00e4hrt man<strong> eine Runde zum Abk\u00fchlen<\/strong>, um die Mechanik, die Reifen und die Bremsen zu k\u00fchlen, allerdings mit flottem Tempo, damit das Auto wirklich abk\u00fchlt und die hinter einem mit hoher Geschwindigkeit Fahrer nicht behindert werden. Man darf NIEMALS die Strecke diagonal \u00fcberqueren, um in die Box zu fahren. Es gilt sich gen\u00fcgend fr\u00fchzeitig auf jene Streckenseite zu begeben wo die Boxeneinfahrt ist. Ist das wegen dichtem Verkehr auf der Rennstrecke nicht m\u00f6glich oder stellt man zu sp\u00e4t fest, dass man auf der \u201afalschen\u2018 Seite ist, dann unbedingt nochmals eine \u201aAuslaufrunde\u2018 fahren !<\/p>\n<p><span style=\"text-decoration: underline;\"><strong>FAIRPLAY UND RESPEKT<\/strong><\/span><br \/>\nVergessen Sie nicht, dass wir hier sind, um Spa\u00df zu haben, unter Enthusiasten (Respekt, Respekt, Respekt) !<\/p>\n<p><img loading=\"lazy\" decoding=\"async\" class=\"wp-image-37596 aligncenter\" src=\"https:\/\/trackdays.events\/wp-content\/uploads\/2021\/01\/Checkered-Flag-1-1.jpg\" alt=\"\" width=\"300\" height=\"43\" srcset=\"https:\/\/trackdays.events\/wp-content\/uploads\/2021\/01\/Checkered-Flag-1-1.jpg 1798w, https:\/\/trackdays.events\/wp-content\/uploads\/2021\/01\/Checkered-Flag-1-1-300x43.jpg 300w, https:\/\/trackdays.events\/wp-content\/uploads\/2021\/01\/Checkered-Flag-1-1-1024x146.jpg 1024w, https:\/\/trackdays.events\/wp-content\/uploads\/2021\/01\/Checkered-Flag-1-1-768x109.jpg 768w, https:\/\/trackdays.events\/wp-content\/uploads\/2021\/01\/Checkered-Flag-1-1-1536x219.jpg 1536w\" sizes=\"auto, (max-width: 300px) 100vw, 300px\" \/><\/p>\n","protected":false},"excerpt":{"rendered":"<p>Spass haben, die ganze Kraft und Dynamik meines Sportautos frei von Verboten voll nutzen und auskosten zu d\u00fcrfen, meine Fahrkenntnisse verbessern und verfeinern\u00a0: sind nicht dies die Ziele (m)eines Trackdays? Obwohl auf der Rennstrecke keine Geschwindigkeitsbegrenzungen bestehen heisst das noch lange nicht, dass ich mich nicht an Verhaltensregeln halten soll. Ein Routinier sollte einen weniger [&hellip;]<\/p>\n","protected":false},"author":2,"featured_media":0,"parent":0,"menu_order":0,"comment_status":"closed","ping_status":"closed","template":"","meta":{"_acf_changed":false,"footnotes":""},"class_list":["post-30458","page","type-page","status-publish","hentry"],"acf":[],"_links":{"self":[{"href":"https:\/\/trackdays.events\/de\/wp-json\/wp\/v2\/pages\/30458","targetHints":{"allow":["GET"]}}],"collection":[{"href":"https:\/\/trackdays.events\/de\/wp-json\/wp\/v2\/pages"}],"about":[{"href":"https:\/\/trackdays.events\/de\/wp-json\/wp\/v2\/types\/page"}],"author":[{"embeddable":true,"href":"https:\/\/trackdays.events\/de\/wp-json\/wp\/v2\/users\/2"}],"replies":[{"embeddable":true,"href":"https:\/\/trackdays.events\/de\/wp-json\/wp\/v2\/comments?post=30458"}],"version-history":[{"count":7,"href":"https:\/\/trackdays.events\/de\/wp-json\/wp\/v2\/pages\/30458\/revisions"}],"predecessor-version":[{"id":63249,"href":"https:\/\/trackdays.events\/de\/wp-json\/wp\/v2\/pages\/30458\/revisions\/63249"}],"wp:attachment":[{"href":"https:\/\/trackdays.events\/de\/wp-json\/wp\/v2\/media?parent=30458"}],"curies":[{"name":"wp","href":"https:\/\/api.w.org\/{rel}","templated":true}]}}