{"id":30463,"date":"2019-05-06T22:06:10","date_gmt":"2019-05-06T20:06:10","guid":{"rendered":"https:\/\/www.trackdays.events\/?page_id=30463"},"modified":"2026-01-11T10:03:08","modified_gmt":"2026-01-11T09:03:08","slug":"vocabulaire-specifique","status":"publish","type":"page","link":"https:\/\/trackdays.events\/de\/vocabulaire-specifique\/","title":{"rendered":"Spezifisches Vokabular &#038; Begriffe"},"content":{"rendered":"<p><img loading=\"lazy\" decoding=\"async\" class=\"alignnone wp-image-50972 size-full\" src=\"https:\/\/trackdays.events\/wp-content\/uploads\/2019\/06\/pirelli-foto-19.jpg\" alt=\"\" width=\"1645\" height=\"1095\" srcset=\"https:\/\/trackdays.events\/wp-content\/uploads\/2019\/06\/pirelli-foto-19.jpg 1645w, https:\/\/trackdays.events\/wp-content\/uploads\/2019\/06\/pirelli-foto-19-300x200.jpg 300w, https:\/\/trackdays.events\/wp-content\/uploads\/2019\/06\/pirelli-foto-19-1024x682.jpg 1024w, https:\/\/trackdays.events\/wp-content\/uploads\/2019\/06\/pirelli-foto-19-768x511.jpg 768w, https:\/\/trackdays.events\/wp-content\/uploads\/2019\/06\/pirelli-foto-19-1536x1022.jpg 1536w\" sizes=\"auto, (max-width: 1645px) 100vw, 1645px\" \/><\/p>\n<p>So wie alle anderen Sportarten (Fussball, Eishockey, Tennis, Rugby, Golf, usw&#8230;) hat auch der Automobil-Sport seine spezifischen Begriffe, technischen Ausdr\u00fccke und sein Vokabular. Wir m\u00f6chten Ihnen hier die g\u00e4ngigsten Begriffe vorstellen (andere Websites sowie die B\u00fccher von Martin Stucky \u2013 siehe Rubrik Instruktoren \u2013 werden Ihnen viel detailliertere Ausk\u00fcnfte geben. Um gewisse Begriffe zu verstehen und zu verinnerlichen muss man sie im wahrsten Sinne des Wortes &#8222;er-fahren&#8220;).<\/p>\n<p><strong><span style=\"text-decoration: underline;\">STRECKE, PISTE ODER TRACK<\/span><br \/>\n<\/strong>Wir meinen damit die Gesamtbreite einer Strecke zwischen der weissen Linie links und rechts am Streckenrand (insbesondere g\u00fcltig beim Durchfahren von Kurven und\/oder Kurvenkombinationen).<\/p>\n<p><strong><span style=\"text-decoration: underline;\">FAHRERLAGER, BOXEN, PADDOCKS, PITS ODER GARAGEN<\/span><br \/>\n<\/strong>Das sind Synonyme.<\/p>\n<p><strong><span style=\"text-decoration: underline;\">PITLANE (BOXENGASSE)<\/span><br \/>\n<\/strong>Die Boxengasse ist der Bereich zwischen den Boxen und der Rennstrecke (bereits wo die blaue Porsche ist). In diesem Bereich ist die Tempolimite (60 km\/h) akribisch einzuhalten. Fussg\u00e4nger sowie Beifahrer (beim Ein-und Aussteigen oder beim verlassen des Autos) m\u00fcssen extrem wachsam und vorsichtig sein. Es gilt: die Ohren steif und die Augen offen halten. Dasselbe gilt f\u00fcr den Bereich hinter den Boxen wo ebenfalls viel Betrieb sein kann.<\/p>\n<p><img loading=\"lazy\" decoding=\"async\" class=\"aligncenter wp-image-29735\" src=\"https:\/\/www.trackdays.events\/wp-content\/uploads\/2019\/05\/IMG_3018.jpg\" alt=\"\" width=\"400\" height=\"300\" srcset=\"https:\/\/trackdays.events\/wp-content\/uploads\/2019\/05\/IMG_3018.jpg 4032w, https:\/\/trackdays.events\/wp-content\/uploads\/2019\/05\/IMG_3018-300x225.jpg 300w, https:\/\/trackdays.events\/wp-content\/uploads\/2019\/05\/IMG_3018-768x576.jpg 768w, https:\/\/trackdays.events\/wp-content\/uploads\/2019\/05\/IMG_3018-1024x768.jpg 1024w\" sizes=\"auto, (max-width: 400px) 100vw, 400px\" \/><\/p>\n<p><strong><span style=\"text-decoration: underline;\">ABWEISER ODER CURBS<\/span><br \/>\n<\/strong>Meistens zweifarbige Einfassung der Fahrbahninnen- und aussenseite von Rennstrecken. F\u00fcr gewisse Instruktoren geh\u00f6ren die Abweiser nicht mehr zur Streckenf\u00fchrung. Ein Abweiser kann bei nur geringer Erh\u00f6hung z.B im Kurvenscheitel mit den entlasteten Innenr\u00e4dern ber\u00fchrt oder befahren werden. Beim Herausbeschleunigen am Kurvenausgang ist, insbesondere bei N\u00e4sse, mit stark verminderter Haftung zu rechnen. Achtung ! Selbst auf trockener Fahrbahn kann das \u00dcberfahren des Abweisers mit den belasteten Aussenr\u00e4dern zu gef\u00e4hrlicher Instabilit\u00e4t des Autos f\u00fchren.<\/p>\n<p><img loading=\"lazy\" decoding=\"async\" class=\"aligncenter wp-image-50976\" src=\"https:\/\/trackdays.events\/wp-content\/uploads\/2019\/06\/pirelli-foto-23.jpg\" alt=\"\" width=\"400\" height=\"266\" srcset=\"https:\/\/trackdays.events\/wp-content\/uploads\/2019\/06\/pirelli-foto-23.jpg 1645w, https:\/\/trackdays.events\/wp-content\/uploads\/2019\/06\/pirelli-foto-23-300x200.jpg 300w, https:\/\/trackdays.events\/wp-content\/uploads\/2019\/06\/pirelli-foto-23-1024x682.jpg 1024w, https:\/\/trackdays.events\/wp-content\/uploads\/2019\/06\/pirelli-foto-23-768x511.jpg 768w, https:\/\/trackdays.events\/wp-content\/uploads\/2019\/06\/pirelli-foto-23-1536x1022.jpg 1536w\" sizes=\"auto, (max-width: 400px) 100vw, 400px\" \/><\/p>\n<p><strong><span style=\"text-decoration: underline;\">IDEALLINIE<\/span><br \/>\n<\/strong>Der Pilot ist mit seinem Auto konstant auf der Suche nach jener idealen Linie, die es ihm erlaubt, mit dem geringsten Lenkradeinschlag m\u00f6glichst fl\u00fcssig und schnell um die Kurven \/ Kurvenkombinationen zu fahren. Die Beherrschung der Ideallinie setzt viel Zeit und vor allem viele gefahrene Runden voraus.<\/p>\n<p><strong><span style=\"text-decoration: underline;\">BREMSPUNKT<\/span><br \/>\n<\/strong>Er befindet sich weit vor dem Einlenkpunkt (oft auf H\u00f6he der 150-Meter-Tafel). Leichte Autos lassen sich sp\u00e4ter abbremsen. Am effizientesten wird das Auto in Geradeausfahrt (ohne Lenkeinschlag) abgebremst. Ein korrektes und effizientes Bremsen ist eine sehr komplexe Angelegenheit und grenzt an hohe Kunst. \u201eDegressives Bremsen\u201c, \u201eLastwechsel\u201c sowie \u201eSeitenkr\u00e4fte vs Seitenf\u00fchrungskr\u00e4fte\u201c spielen beim effizienten Bremsen mit.<\/p>\n<p><strong><span style=\"text-decoration: underline;\">DEGRESSIVES BREMSEN<\/span><br \/>\n<\/strong>Wird durch ein sich kontinuierlich vermindernder Bremspedaldruck ausgef\u00fchrt. Im Motorsport wird die Motorbremse f\u00fcr die Verz\u00f6gerung h\u00f6chst selten benutzt. Degressives Bremsen kann in 3 Phasen aufgeteilt werden: 1. Ein starker Druck auf die Bremse aus\u00fcben um m\u00f6glichst schnell viel Geschwindigkeit abzubauen, 2. degressiv bremsen (Druck auf die Bremse verringern) um das Blockieren der R\u00e4der vom Einlenkpunkt -&gt; Scheitelpunkt zu vermeiden, 3. Herunterschalten in den \u201arichtigen\u2018 Gang. Auch in diesem Fall gilt: \u00dcbung macht den Meister.<\/p>\n<p><strong><span style=\"text-decoration: underline;\">LASTWECHSEL<\/span><br \/>\n<\/strong>Beim Gasgeben oder Gaswegnehmen reagiert das Auto mit einem Lastwechsel. Beim Gaswegnehmen wird das Auto vorne \u201aschwer\u2018. Die Hinterachse wird entlastet. In Kurven kann das Heck zur kurven\u00e4u\u00dferen Seite ausbrechen. Dies bezeichnet man als Lastwechselreaktion.<\/p>\n<p><strong><span style=\"text-decoration: underline;\">SEITENKR\u00c4FTE VS SEITENF\u00dcHRUNGSKR\u00c4FTE<\/span><br \/>\n<\/strong>Seitenkr\u00e4fte entstehen beim Durchfahren einer Kurve (oder bei Seitenwind). Entgegengesetzt zu den Seitenkr\u00e4ften bauen die Reifen Seitenf\u00fchrungskr\u00e4fte auf. Sobald die Seitenkr\u00e4fte gr\u00f6sser als die Seitenf\u00fchrungskr\u00e4fte sind, rutscht das Auto aus der Kurve (= die Haftgrenze der Reifen ist \u00fcberschritten).<\/p>\n<p><strong><span style=\"text-decoration: underline;\">EINLENKPUNKT, SCHEITELPUNKT UND KURVENAUSGANGSPUNKT<\/span><br \/>\n<\/strong>Das Prinzip dieser drei Punkte ist immer dasselbe. Hingegen befinden sich diese 3 Punkte in jeder Kurve\/Kurvenkombination an einem anderen, f\u00fcr die Kurve\/Kurvenkombination spezifischen Ort.<\/p>\n<div  class=\"lgc-column lgc-grid-parent lgc-grid-65 lgc-tablet-grid-65 lgc-mobile-grid-100 lgc-equal-heights \"><div  class=\"inside-grid-column\">\n<p>\u2022 Point de braquage = Einlenkpunkt oder Turn-in Point (TIP)<br \/>\n\u2022 Point de corde = Scheitelpunkt oder APEX<br \/>\n\u2022 Point de sortie = Kurvenausgangspunkt or Exit Point (EP)<\/p>\n<p><\/p><\/div><\/div>\n<div  class=\"lgc-column lgc-grid-parent lgc-grid-35 lgc-tablet-grid-35 lgc-mobile-grid-100 lgc-equal-heights \"><div  class=\"inside-grid-column\">\n<p><img loading=\"lazy\" decoding=\"async\" class=\"aligncenter wp-image-29059\" src=\"https:\/\/www.trackdays.events\/wp-content\/uploads\/2019\/05\/trajectoire-virage.png\" alt=\"\" width=\"239\" height=\"200\" srcset=\"https:\/\/trackdays.events\/wp-content\/uploads\/2019\/05\/trajectoire-virage.png 654w, https:\/\/trackdays.events\/wp-content\/uploads\/2019\/05\/trajectoire-virage-300x251.png 300w\" sizes=\"auto, (max-width: 239px) 100vw, 239px\" \/><\/p>\n<p><\/p><\/div><\/div><div class=\"lgc-clear\"><\/div>\n<p><strong><span style=\"text-decoration: underline;\">UNTERSTEUERN<\/span><br \/>\n<\/strong>Ist die Seitenf\u00fchrungskraft an der Vorderachse geringer als an der Hinterachse (Auto \u2018rutscht\u2019 vorne weg) bewegt sich das Auto auf einem Bogen der weiter ist als es dem Lenkradeinschlag entspricht. Im Extremfall f\u00fchrt das zu einem &#8222;Gerade-aus-der-Kurve-rutschen&#8220;.<\/p>\n<p><strong><span style=\"text-decoration: underline;\">UBERSTEUERN<\/span><br \/>\n<\/strong>Wenn in einer Kurve die Seitenf\u00fchrungskraft an der Hinterachse geringer ist als die an der Vorderachse so dreht das Auto nach innen ein. &#8222;\u00d6ffnen&#8220; der Lenkung oder Gegenlenken ist angesagt. Im Extremfall dreht sich das Auto um die eigene Achse.<\/p>\n<p><img loading=\"lazy\" decoding=\"async\" class=\"aligncenter wp-image-50602 size-full\" src=\"https:\/\/trackdays.events\/wp-content\/uploads\/2019\/06\/IMG_2849-02-scaled-e1680796974192.jpg\" alt=\"\" width=\"2560\" height=\"606\" srcset=\"https:\/\/trackdays.events\/wp-content\/uploads\/2019\/06\/IMG_2849-02-scaled-e1680796974192.jpg 2560w, https:\/\/trackdays.events\/wp-content\/uploads\/2019\/06\/IMG_2849-02-scaled-e1680796974192-300x71.jpg 300w, https:\/\/trackdays.events\/wp-content\/uploads\/2019\/06\/IMG_2849-02-scaled-e1680796974192-1024x242.jpg 1024w, https:\/\/trackdays.events\/wp-content\/uploads\/2019\/06\/IMG_2849-02-scaled-e1680796974192-768x182.jpg 768w, https:\/\/trackdays.events\/wp-content\/uploads\/2019\/06\/IMG_2849-02-scaled-e1680796974192-1536x364.jpg 1536w, https:\/\/trackdays.events\/wp-content\/uploads\/2019\/06\/IMG_2849-02-scaled-e1680796974192-2048x485.jpg 2048w\" sizes=\"auto, (max-width: 2560px) 100vw, 2560px\" \/><\/p>\n<p><img loading=\"lazy\" decoding=\"async\" class=\"wp-image-37596 aligncenter\" src=\"https:\/\/trackdays.events\/wp-content\/uploads\/2021\/01\/Checkered-Flag-1-1.jpg\" alt=\"\" width=\"300\" height=\"43\" srcset=\"https:\/\/trackdays.events\/wp-content\/uploads\/2021\/01\/Checkered-Flag-1-1.jpg 1798w, https:\/\/trackdays.events\/wp-content\/uploads\/2021\/01\/Checkered-Flag-1-1-300x43.jpg 300w, https:\/\/trackdays.events\/wp-content\/uploads\/2021\/01\/Checkered-Flag-1-1-1024x146.jpg 1024w, https:\/\/trackdays.events\/wp-content\/uploads\/2021\/01\/Checkered-Flag-1-1-768x109.jpg 768w, https:\/\/trackdays.events\/wp-content\/uploads\/2021\/01\/Checkered-Flag-1-1-1536x219.jpg 1536w\" sizes=\"auto, (max-width: 300px) 100vw, 300px\" \/><\/p>\n","protected":false},"excerpt":{"rendered":"<p>So wie alle anderen Sportarten (Fussball, Eishockey, Tennis, Rugby, Golf, usw&#8230;) hat auch der Automobil-Sport seine spezifischen Begriffe, technischen Ausdr\u00fccke und sein Vokabular. Wir m\u00f6chten Ihnen hier die g\u00e4ngigsten Begriffe vorstellen (andere Websites sowie die B\u00fccher von Martin Stucky \u2013 siehe Rubrik Instruktoren \u2013 werden Ihnen viel detailliertere Ausk\u00fcnfte geben. Um gewisse Begriffe zu verstehen [&hellip;]<\/p>\n","protected":false},"author":2,"featured_media":0,"parent":0,"menu_order":0,"comment_status":"closed","ping_status":"closed","template":"","meta":{"_acf_changed":false,"footnotes":""},"class_list":["post-30463","page","type-page","status-publish","hentry"],"acf":[],"_links":{"self":[{"href":"https:\/\/trackdays.events\/de\/wp-json\/wp\/v2\/pages\/30463","targetHints":{"allow":["GET"]}}],"collection":[{"href":"https:\/\/trackdays.events\/de\/wp-json\/wp\/v2\/pages"}],"about":[{"href":"https:\/\/trackdays.events\/de\/wp-json\/wp\/v2\/types\/page"}],"author":[{"embeddable":true,"href":"https:\/\/trackdays.events\/de\/wp-json\/wp\/v2\/users\/2"}],"replies":[{"embeddable":true,"href":"https:\/\/trackdays.events\/de\/wp-json\/wp\/v2\/comments?post=30463"}],"version-history":[{"count":7,"href":"https:\/\/trackdays.events\/de\/wp-json\/wp\/v2\/pages\/30463\/revisions"}],"predecessor-version":[{"id":63418,"href":"https:\/\/trackdays.events\/de\/wp-json\/wp\/v2\/pages\/30463\/revisions\/63418"}],"wp:attachment":[{"href":"https:\/\/trackdays.events\/de\/wp-json\/wp\/v2\/media?parent=30463"}],"curies":[{"name":"wp","href":"https:\/\/api.w.org\/{rel}","templated":true}]}}