{"id":32705,"date":"2019-05-09T22:50:09","date_gmt":"2019-05-09T20:50:09","guid":{"rendered":"https:\/\/www.trackdays.events\/?page_id=32705"},"modified":"2025-05-12T10:15:10","modified_gmt":"2025-05-12T08:15:10","slug":"reifenhersteller-2","status":"publish","type":"page","link":"https:\/\/trackdays.events\/de\/reifenhersteller-2\/","title":{"rendered":"Reifenhersteller"},"content":{"rendered":"<p><img loading=\"lazy\" decoding=\"async\" class=\"alignnone wp-image-34967 size-full\" src=\"https:\/\/trackdays.events\/wp-content\/uploads\/2019\/06\/Michelin-Pilot-Sport-Cup-2-R.jpg\" alt=\"\" width=\"1199\" height=\"695\" srcset=\"https:\/\/trackdays.events\/wp-content\/uploads\/2019\/06\/Michelin-Pilot-Sport-Cup-2-R.jpg 1199w, https:\/\/trackdays.events\/wp-content\/uploads\/2019\/06\/Michelin-Pilot-Sport-Cup-2-R-300x174.jpg 300w, https:\/\/trackdays.events\/wp-content\/uploads\/2019\/06\/Michelin-Pilot-Sport-Cup-2-R-1024x594.jpg 1024w, https:\/\/trackdays.events\/wp-content\/uploads\/2019\/06\/Michelin-Pilot-Sport-Cup-2-R-768x445.jpg 768w\" sizes=\"auto, (max-width: 1199px) 100vw, 1199px\" \/><\/p>\n<p>Die Reifen sind die einzigen Bauteile, welche ein Auto mit der Stra\u00dfe oder mit der Rennstrecke verbinden.<\/p>\n<p>Die gesamte Kontaktfl\u00e4che (f\u00fcr alle 4 Reifen) mit der Stra\u00dfe ist etwa 1 zu 2 A4-Blatt ! Ihre Perfomance und Leistungen sind daher entscheidend.<\/p>\n<p><strong>Bremsen und Reifen sind die beiden wichtigsten Elemente f\u00fcr die Sicherheit des Fahrers<\/strong>. Bez\u00fcglich der Reifen sind es nur wenige Hersteller die stra\u00dfenzugelassene Semi-Slick-Reifen anbieten (ein mit Originalreifen ausgestattetes GT-Fahrzeug kann auf einer Rennstrecke selbstverst\u00e4ndlich problemos bewegt werden; in diesem Fall ist es auf N\u00e4sse sogar noch besser; auf dem Trockenen hingegen ist das Auto deutlich weniger schnell, die Reifen erm\u00fcden viel schneller, das Auto rutscht eher und man f\u00e4hrt weniger Runden hintereinander.<\/p>\n<p>Anbei finden Sie einige Marken und Modelle, die von GT-Fahrern gesch\u00e4tzt werden.<\/p>\n<hr \/>\n<div  class=\"lgc-column lgc-grid-parent lgc-grid-50 lgc-tablet-grid-50 lgc-mobile-grid-100 lgc-equal-heights \"><div  class=\"inside-grid-column\">\n<p><strong>AVON TYRES<br \/>\n<\/strong><em>\u00b7 Avon ZZR \/ ZZS<\/em><br \/>\n\u2192 <a href=\"https:\/\/www.avontyres.com\" target=\"_blank\" rel=\"noopener\">https:\/\/www.avontyres.com<\/a><\/p>\n<p><\/p><\/div><\/div>\n<div  class=\"lgc-column lgc-grid-parent lgc-grid-50 lgc-tablet-grid-50 lgc-mobile-grid-100 lgc-equal-heights \"><div  class=\"inside-grid-column\">\n<p><strong><img loading=\"lazy\" decoding=\"async\" class=\"alignnone size-medium wp-image-32938\" src=\"https:\/\/trackdays.events\/wp-content\/uploads\/2020\/03\/logo-avon-tyres-300x74.jpg\" alt=\"\" width=\"300\" height=\"74\" srcset=\"https:\/\/trackdays.events\/wp-content\/uploads\/2020\/03\/logo-avon-tyres-300x74.jpg 300w, https:\/\/trackdays.events\/wp-content\/uploads\/2020\/03\/logo-avon-tyres.jpg 512w\" sizes=\"auto, (max-width: 300px) 100vw, 300px\" \/><\/strong><\/p>\n<p><\/p><\/div><\/div><div class=\"lgc-clear\"><\/div>\n<hr \/>\n<div  class=\"lgc-column lgc-grid-parent lgc-grid-50 lgc-tablet-grid-50 lgc-mobile-grid-100 lgc-equal-heights \"><div  class=\"inside-grid-column\">\n<p><strong>DUNLOP<\/strong><br \/>\n<em>\u00b7 Dunlop Sport Maxx Race\/2 + SP Sport Maxx GT600 + Direzza 03G<\/em><br \/>\n\u2192 <a href=\"https:\/\/www.dunlop.eu\" target=\"_blank\" rel=\"noopener\">https:\/\/www.dunlop.eu<\/a><\/p>\n<p><\/p><\/div><\/div>\n<div  class=\"lgc-column lgc-grid-parent lgc-grid-50 lgc-tablet-grid-50 lgc-mobile-grid-100 lgc-equal-heights \"><div  class=\"inside-grid-column\">\n<p><strong><img loading=\"lazy\" decoding=\"async\" class=\"alignnone size-medium wp-image-32963\" src=\"https:\/\/trackdays.events\/wp-content\/uploads\/2020\/03\/logo-dunlop-2-300x76.png\" alt=\"\" width=\"300\" height=\"76\" srcset=\"https:\/\/trackdays.events\/wp-content\/uploads\/2020\/03\/logo-dunlop-2-300x76.png 300w, https:\/\/trackdays.events\/wp-content\/uploads\/2020\/03\/logo-dunlop-2-768x195.png 768w, https:\/\/trackdays.events\/wp-content\/uploads\/2020\/03\/logo-dunlop-2-1024x260.png 1024w, https:\/\/trackdays.events\/wp-content\/uploads\/2020\/03\/logo-dunlop-2.png 1500w\" sizes=\"auto, (max-width: 300px) 100vw, 300px\" \/><br \/>\n<\/strong><\/p>\n<p><\/p><\/div><\/div><div class=\"lgc-clear\"><\/div>\n<hr \/>\n<div  class=\"lgc-column lgc-grid-parent lgc-grid-50 lgc-tablet-grid-50 lgc-mobile-grid-100 lgc-equal-heights \"><div  class=\"inside-grid-column\">\n<p><strong>GOODYEAR<\/strong><br \/>\n<em>\u00b7 Goodyear Eagle F1 SuperSport R und SuperSport RS<\/em><br \/>\n\u2192 <a href=\"https:\/\/www.goodyear.eu\" target=\"_blank\" rel=\"noopener\">https:\/\/www.goodyear.eu<\/a><\/p>\n<p><\/p><\/div><\/div>\n<div  class=\"lgc-column lgc-grid-parent lgc-grid-50 lgc-tablet-grid-50 lgc-mobile-grid-100 lgc-equal-heights \"><div  class=\"inside-grid-column\">\n<p><strong><img loading=\"lazy\" decoding=\"async\" class=\"alignnone size-medium wp-image-32966\" src=\"https:\/\/trackdays.events\/wp-content\/uploads\/2020\/03\/logo-goodyear-300x95.png\" alt=\"\" width=\"300\" height=\"95\" srcset=\"https:\/\/trackdays.events\/wp-content\/uploads\/2020\/03\/logo-goodyear-300x95.png 300w, https:\/\/trackdays.events\/wp-content\/uploads\/2020\/03\/logo-goodyear.png 318w\" sizes=\"auto, (max-width: 300px) 100vw, 300px\" \/><\/strong><\/p>\n<p><\/p><\/div><\/div><div class=\"lgc-clear\"><\/div>\n<hr \/>\n<div  class=\"lgc-column lgc-grid-parent lgc-grid-50 lgc-tablet-grid-50 lgc-mobile-grid-100 lgc-equal-heights \"><div  class=\"inside-grid-column\">\n<p><strong>KUMHO TIRE<\/strong><br \/>\n<em>\u00b7 Kumho ECSTA V720<\/em><br \/>\n\u2192 <a href=\"https:\/\/www.kumho-eu-tyre-label.eu\/en\" target=\"_blank\" rel=\"noopener\">https:\/\/www.kumho-eu-tyre-label.eu\/en<\/a><\/p>\n<p><\/p><\/div><\/div>\n<div  class=\"lgc-column lgc-grid-parent lgc-grid-50 lgc-tablet-grid-50 lgc-mobile-grid-100 lgc-equal-heights \"><div  class=\"inside-grid-column\">\n<p><strong><img loading=\"lazy\" decoding=\"async\" class=\"alignnone size-medium wp-image-32960\" src=\"https:\/\/trackdays.events\/wp-content\/uploads\/2020\/03\/logo-kumho-tire-1-300x131.png\" alt=\"\" width=\"300\" height=\"131\" srcset=\"https:\/\/trackdays.events\/wp-content\/uploads\/2020\/03\/logo-kumho-tire-1-300x131.png 300w, https:\/\/trackdays.events\/wp-content\/uploads\/2020\/03\/logo-kumho-tire-1-768x335.png 768w, https:\/\/trackdays.events\/wp-content\/uploads\/2020\/03\/logo-kumho-tire-1.png 900w\" sizes=\"auto, (max-width: 300px) 100vw, 300px\" \/><\/strong><\/p>\n<p><\/p><\/div><\/div><div class=\"lgc-clear\"><\/div>\n<hr \/>\n<div  class=\"lgc-column lgc-grid-parent lgc-grid-50 lgc-tablet-grid-50 lgc-mobile-grid-100 lgc-equal-heights \"><div  class=\"inside-grid-column\">\n<p><strong>MICHELIN<\/strong><br \/>\n<em>\u00b7 Michelin Pilot Sport Cup+ + Cup2 + Cup 2R<\/em><br \/>\n\u2192 <a href=\"https:\/\/www.michelin.fr\/auto\/browse-tyres\/by-season\/summer\" target=\"_blank\" rel=\"noopener\">https:\/\/www.michelin.fr\/auto\/browse-tyres\/by-season\/summer<\/a><\/p>\n<p><\/p><\/div><\/div>\n<div  class=\"lgc-column lgc-grid-parent lgc-grid-50 lgc-tablet-grid-50 lgc-mobile-grid-100 lgc-equal-heights \"><div  class=\"inside-grid-column\">\n<p><img loading=\"lazy\" decoding=\"async\" class=\"alignnone size-medium wp-image-32957\" src=\"https:\/\/trackdays.events\/wp-content\/uploads\/2020\/03\/logo-michelin-1-300x82.jpg\" alt=\"\" width=\"300\" height=\"82\" srcset=\"https:\/\/trackdays.events\/wp-content\/uploads\/2020\/03\/logo-michelin-1-300x82.jpg 300w, https:\/\/trackdays.events\/wp-content\/uploads\/2020\/03\/logo-michelin-1-768x210.jpg 768w, https:\/\/trackdays.events\/wp-content\/uploads\/2020\/03\/logo-michelin-1.jpg 1004w\" sizes=\"auto, (max-width: 300px) 100vw, 300px\" \/><\/p>\n<p><\/p><\/div><\/div><div class=\"lgc-clear\"><\/div>\n<hr \/>\n<div  class=\"lgc-column lgc-grid-parent lgc-grid-50 lgc-tablet-grid-50 lgc-mobile-grid-100 lgc-equal-heights \"><div  class=\"inside-grid-column\">\n<p><strong>NANKANG<\/strong><br \/>\n<em>\u00b7 Nankang Sportnex AR-1 &amp; Sportnex CR-S<\/em><br \/>\n\u2192 <a href=\"https:\/\/www.nankang.eu\" target=\"_blank\" rel=\"noopener\">https:\/\/www.nankang.eu<\/a><\/p>\n<p><\/p><\/div><\/div>\n<div  class=\"lgc-column lgc-grid-parent lgc-grid-50 lgc-tablet-grid-50 lgc-mobile-grid-100 lgc-equal-heights \"><div  class=\"inside-grid-column\">\n<p><strong><img loading=\"lazy\" decoding=\"async\" class=\"alignnone size-medium wp-image-32944\" src=\"https:\/\/trackdays.events\/wp-content\/uploads\/2020\/03\/logo_nankang-a-new-300x92.jpg\" alt=\"\" width=\"300\" height=\"92\" srcset=\"https:\/\/trackdays.events\/wp-content\/uploads\/2020\/03\/logo_nankang-a-new-300x92.jpg 300w, https:\/\/trackdays.events\/wp-content\/uploads\/2020\/03\/logo_nankang-a-new-768x234.jpg 768w, https:\/\/trackdays.events\/wp-content\/uploads\/2020\/03\/logo_nankang-a-new.jpg 1000w\" sizes=\"auto, (max-width: 300px) 100vw, 300px\" \/><\/strong><\/p>\n<p><\/p><\/div><\/div><div class=\"lgc-clear\"><\/div>\n<hr \/>\n<div  class=\"lgc-column lgc-grid-parent lgc-grid-50 lgc-tablet-grid-50 lgc-mobile-grid-100 lgc-equal-heights \"><div  class=\"inside-grid-column\">\n<p><strong>PIRELLI<\/strong><br \/>\n<em>\u00b7 Pirelli P Zero Corsa + Trofeo R + Trofeo RS<\/em><br \/>\n\u2192 <a href=\"https:\/\/www.pirelli.com\/tyres\/en-ww\/motorsport\/trackdays\" target=\"_blank\" rel=\"noopener\">https:\/\/www.pirelli.com\/tyres\/en-ww\/motorsport\/trackdays<\/a><\/p>\n<p><\/p><\/div><\/div>\n<div  class=\"lgc-column lgc-grid-parent lgc-grid-50 lgc-tablet-grid-50 lgc-mobile-grid-100 lgc-equal-heights \"><div  class=\"inside-grid-column\">\n<p><strong><img loading=\"lazy\" decoding=\"async\" class=\"alignnone size-medium wp-image-40071\" src=\"https:\/\/trackdays.events\/wp-content\/uploads\/2019\/06\/logo-pirelli-officiel-300x89.jpg\" alt=\"\" width=\"300\" height=\"89\" srcset=\"https:\/\/trackdays.events\/wp-content\/uploads\/2019\/06\/logo-pirelli-officiel-300x89.jpg 300w, https:\/\/trackdays.events\/wp-content\/uploads\/2019\/06\/logo-pirelli-officiel-1024x305.jpg 1024w, https:\/\/trackdays.events\/wp-content\/uploads\/2019\/06\/logo-pirelli-officiel-768x229.jpg 768w, https:\/\/trackdays.events\/wp-content\/uploads\/2019\/06\/logo-pirelli-officiel-1536x458.jpg 1536w, https:\/\/trackdays.events\/wp-content\/uploads\/2019\/06\/logo-pirelli-officiel.jpg 1609w\" sizes=\"auto, (max-width: 300px) 100vw, 300px\" \/><\/strong><\/p>\n<p><\/p><\/div><\/div><div class=\"lgc-clear\"><\/div>\n<hr \/>\n<div  class=\"lgc-column lgc-grid-parent lgc-grid-50 lgc-tablet-grid-50 lgc-mobile-grid-100 lgc-equal-heights \"><div  class=\"inside-grid-column\">\n<p><strong>TOYO TIRES<\/strong><br \/>\n<em>\u00b7 Toyo R888 + R888R<\/em><br \/>\n\u2192 <a href=\"https:\/\/www.toyotires.eu\" target=\"_blank\" rel=\"noopener\">https:\/\/www.toyotires.eu<\/a><\/p>\n<p><\/p><\/div><\/div>\n<div  class=\"lgc-column lgc-grid-parent lgc-grid-50 lgc-tablet-grid-50 lgc-mobile-grid-100 lgc-equal-heights \"><div  class=\"inside-grid-column\">\n<p><strong><img loading=\"lazy\" decoding=\"async\" class=\"alignnone size-medium wp-image-32954\" src=\"https:\/\/trackdays.events\/wp-content\/uploads\/2020\/03\/logo-toyo-300x93.jpg\" alt=\"\" width=\"300\" height=\"93\" srcset=\"https:\/\/trackdays.events\/wp-content\/uploads\/2020\/03\/logo-toyo-300x93.jpg 300w, https:\/\/trackdays.events\/wp-content\/uploads\/2020\/03\/logo-toyo.jpg 360w\" sizes=\"auto, (max-width: 300px) 100vw, 300px\" \/><\/strong><\/p>\n<p><\/p><\/div><\/div><div class=\"lgc-clear\"><\/div>\n<hr \/>\n<div  class=\"lgc-column lgc-grid-parent lgc-grid-50 lgc-tablet-grid-50 lgc-mobile-grid-100 lgc-equal-heights \"><div  class=\"inside-grid-column\">\n<p><strong>YOKOHAMA<\/strong><br \/>\n<em>\u00b7 Yokomaha A052 + A032R<\/em><br \/>\n\u2192 <a href=\"https:\/\/www.yokohama-online.com\/Tyres\/Car-Tyres\/Passenger-Car-Summer-Tyres\" target=\"_blank\" rel=\"noopener\">https:\/\/www.yokohama-online.com\/Tyres\/Car-Tyres\/Passenger-Car-Summer-Tyres<\/a><\/p>\n<p><\/p><\/div><\/div>\n<div  class=\"lgc-column lgc-grid-parent lgc-grid-50 lgc-tablet-grid-50 lgc-mobile-grid-100 lgc-equal-heights \"><div  class=\"inside-grid-column\">\n<p><strong><img loading=\"lazy\" decoding=\"async\" class=\"alignnone size-medium wp-image-32947\" src=\"https:\/\/trackdays.events\/wp-content\/uploads\/2020\/03\/logo-yokohama-300x55.jpg\" alt=\"\" width=\"300\" height=\"55\" srcset=\"https:\/\/trackdays.events\/wp-content\/uploads\/2020\/03\/logo-yokohama-300x55.jpg 300w, https:\/\/trackdays.events\/wp-content\/uploads\/2020\/03\/logo-yokohama-768x140.jpg 768w, https:\/\/trackdays.events\/wp-content\/uploads\/2020\/03\/logo-yokohama-1024x186.jpg 1024w\" sizes=\"auto, (max-width: 300px) 100vw, 300px\" \/><\/strong><\/p>\n<p><\/p><\/div><\/div><div class=\"lgc-clear\"><\/div>\n<hr \/>\n<p>Michelin und Pirelli sind eindeutig jene Marken, welche die gr\u00f6\u00dfte Auswahl an Dimensionen anbieten. Achtung : w\u00e4hrend der Saison ist es nicht immer einfach, die richtige Reifengr\u00f6\u00dfe zu finden. Ein Reifensatz in der Garage ist ein kluger Ratschlag.<\/p>\n<p style=\"text-align: center;\"><span style=\"text-decoration: underline;\"><strong>ACHTUNG<\/strong><\/span><\/p>\n<p>Sind diese Semislicks auf der Strecke bei trockenen Bedingungen und bei richtiger Temperatur extrem leistungsf\u00e4hig, so sind sie bei N\u00e4sse fast unbrauchbar, sowohl auf der Strecke als auch auf offener Stra\u00dfe, insbesondere wenn das Profil abgefahren ist (sehr hohes Aquaplaningrisiko). Eine Heimfahrt mit maximal 80-100 km\/h ist dann keine Utopie und machen Sie sich keine Sorgen um die anderen Verkehrsteilnehmer, die sich \u00fcber Sie lustig machen k\u00f6nnten !<\/p>\n<p style=\"text-align: center;\"><span style=\"text-decoration: underline;\"><strong>HINWEIS F\u00dcR HERSTELLER UND FAHRER<\/strong><\/span><\/p>\n<p>Gerne f\u00fcgen wir jede Marke und jedes Modell von Semi-Slick-Reifen hinzu, welche Sie f\u00fcr den Einsatz auf der Rennstrecke f\u00fcr geeignet halten. Ebenfalls m\u00f6chten wir Ihre Erfahrungen als Sportfahrer mit den anderen Benutzern unserer Website teilen.<\/p>\n<p style=\"text-align: center;\"><img loading=\"lazy\" decoding=\"async\" class=\"alignnone wp-image-53760 size-medium\" src=\"https:\/\/trackdays.events\/wp-content\/uploads\/2023\/12\/pirelli-trofeo-r-300x300.webp\" alt=\"\" width=\"300\" height=\"300\" srcset=\"https:\/\/trackdays.events\/wp-content\/uploads\/2023\/12\/pirelli-trofeo-r-300x300.webp 300w, https:\/\/trackdays.events\/wp-content\/uploads\/2023\/12\/pirelli-trofeo-r-150x150.webp 150w, https:\/\/trackdays.events\/wp-content\/uploads\/2023\/12\/pirelli-trofeo-r-768x768.webp 768w, https:\/\/trackdays.events\/wp-content\/uploads\/2023\/12\/pirelli-trofeo-r-750x750.webp 750w, https:\/\/trackdays.events\/wp-content\/uploads\/2023\/12\/pirelli-trofeo-r-170x170.webp 170w, https:\/\/trackdays.events\/wp-content\/uploads\/2023\/12\/pirelli-trofeo-r.webp 992w\" sizes=\"auto, (max-width: 300px) 100vw, 300px\" \/> <img loading=\"lazy\" decoding=\"async\" class=\"alignnone wp-image-53763 size-medium\" src=\"https:\/\/trackdays.events\/wp-content\/uploads\/2023\/12\/pirelli-trofeo-rs-300x300.jpeg\" alt=\"\" width=\"300\" height=\"300\" srcset=\"https:\/\/trackdays.events\/wp-content\/uploads\/2023\/12\/pirelli-trofeo-rs-300x300.jpeg 300w, https:\/\/trackdays.events\/wp-content\/uploads\/2023\/12\/pirelli-trofeo-rs-150x150.jpeg 150w, https:\/\/trackdays.events\/wp-content\/uploads\/2023\/12\/pirelli-trofeo-rs-768x767.jpeg 768w, https:\/\/trackdays.events\/wp-content\/uploads\/2023\/12\/pirelli-trofeo-rs-750x750.jpeg 750w, https:\/\/trackdays.events\/wp-content\/uploads\/2023\/12\/pirelli-trofeo-rs-170x170.jpeg 170w, https:\/\/trackdays.events\/wp-content\/uploads\/2023\/12\/pirelli-trofeo-rs.jpeg 993w\" sizes=\"auto, (max-width: 300px) 100vw, 300px\" \/><br \/>\nPirelli Trofeo R &amp; Pirelli Trofeo RS<\/p>\n<p style=\"text-align: center;\"><a href=\"mailto:info@trackdays.events\" target=\"_blank\" rel=\"noopener\"><strong><span style=\"color: #800080;\">info@trackdays.events<\/span><\/strong><\/a><\/p>\n<p><img loading=\"lazy\" decoding=\"async\" class=\"wp-image-37596 aligncenter\" src=\"https:\/\/trackdays.events\/wp-content\/uploads\/2021\/01\/Checkered-Flag-1-1.jpg\" alt=\"\" width=\"300\" height=\"43\" srcset=\"https:\/\/trackdays.events\/wp-content\/uploads\/2021\/01\/Checkered-Flag-1-1.jpg 1798w, https:\/\/trackdays.events\/wp-content\/uploads\/2021\/01\/Checkered-Flag-1-1-300x43.jpg 300w, https:\/\/trackdays.events\/wp-content\/uploads\/2021\/01\/Checkered-Flag-1-1-1024x146.jpg 1024w, https:\/\/trackdays.events\/wp-content\/uploads\/2021\/01\/Checkered-Flag-1-1-768x109.jpg 768w, https:\/\/trackdays.events\/wp-content\/uploads\/2021\/01\/Checkered-Flag-1-1-1536x219.jpg 1536w\" sizes=\"auto, (max-width: 300px) 100vw, 300px\" \/><\/p>\n","protected":false},"excerpt":{"rendered":"<p>Die Reifen sind die einzigen Bauteile, welche ein Auto mit der Stra\u00dfe oder mit der Rennstrecke verbinden. Die gesamte Kontaktfl\u00e4che (f\u00fcr alle 4 Reifen) mit der Stra\u00dfe ist etwa 1 zu 2 A4-Blatt ! Ihre Perfomance und Leistungen sind daher entscheidend. Bremsen und Reifen sind die beiden wichtigsten Elemente f\u00fcr die Sicherheit des Fahrers. Bez\u00fcglich [&hellip;]<\/p>\n","protected":false},"author":1,"featured_media":0,"parent":0,"menu_order":0,"comment_status":"closed","ping_status":"closed","template":"","meta":{"_acf_changed":false,"footnotes":""},"class_list":["post-32705","page","type-page","status-publish","hentry"],"acf":[],"_links":{"self":[{"href":"https:\/\/trackdays.events\/de\/wp-json\/wp\/v2\/pages\/32705","targetHints":{"allow":["GET"]}}],"collection":[{"href":"https:\/\/trackdays.events\/de\/wp-json\/wp\/v2\/pages"}],"about":[{"href":"https:\/\/trackdays.events\/de\/wp-json\/wp\/v2\/types\/page"}],"author":[{"embeddable":true,"href":"https:\/\/trackdays.events\/de\/wp-json\/wp\/v2\/users\/1"}],"replies":[{"embeddable":true,"href":"https:\/\/trackdays.events\/de\/wp-json\/wp\/v2\/comments?post=32705"}],"version-history":[{"count":7,"href":"https:\/\/trackdays.events\/de\/wp-json\/wp\/v2\/pages\/32705\/revisions"}],"predecessor-version":[{"id":60510,"href":"https:\/\/trackdays.events\/de\/wp-json\/wp\/v2\/pages\/32705\/revisions\/60510"}],"wp:attachment":[{"href":"https:\/\/trackdays.events\/de\/wp-json\/wp\/v2\/media?parent=32705"}],"curies":[{"name":"wp","href":"https:\/\/api.w.org\/{rel}","templated":true}]}}