{"id":30406,"date":"2019-06-07T20:55:44","date_gmt":"2019-06-07T18:55:44","guid":{"rendered":"https:\/\/www.trackdays.events\/?page_id=30406"},"modified":"2019-07-22T11:01:20","modified_gmt":"2019-07-22T09:01:20","slug":"calendar-2","status":"publish","type":"page","link":"https:\/\/trackdays.events\/en\/calendar-2\/","title":{"rendered":"Calendar"},"content":{"rendered":"<p>Der Kalender der Rundfahrten wird in K\u00fcrze verf\u00fcgbar sein.<\/p>\n<p>In der Zwischenzeit k\u00f6nnen Sie die wichtigsten Rundfahrten auf den Websites der im Kapitel &#8220;Partner&#8221; aufgef\u00fchrten Veranstalter finden.<\/p>\n<p>Vielen Dank f\u00fcr Ihr Interesse und Ihre Geduld.<\/p>\n","protected":false},"excerpt":{"rendered":"<p>Der Kalender der Rundfahrten wird in K\u00fcrze verf\u00fcgbar sein. In der Zwischenzeit k\u00f6nnen Sie die wichtigsten Rundfahrten auf den Websites der im Kapitel &#8220;Partner&#8221; aufgef\u00fchrten Veranstalter finden. Vielen Dank f\u00fcr Ihr Interesse und Ihre Geduld.<\/p>\n","protected":false},"author":2,"featured_media":0,"parent":0,"menu_order":0,"comment_status":"closed","ping_status":"closed","template":"","meta":{"_acf_changed":false,"footnotes":""},"class_list":["post-30406","page","type-page","status-publish","hentry"],"acf":[],"_links":{"self":[{"href":"https:\/\/trackdays.events\/en\/wp-json\/wp\/v2\/pages\/30406","targetHints":{"allow":["GET"]}}],"collection":[{"href":"https:\/\/trackdays.events\/en\/wp-json\/wp\/v2\/pages"}],"about":[{"href":"https:\/\/trackdays.events\/en\/wp-json\/wp\/v2\/types\/page"}],"author":[{"embeddable":true,"href":"https:\/\/trackdays.events\/en\/wp-json\/wp\/v2\/users\/2"}],"replies":[{"embeddable":true,"href":"https:\/\/trackdays.events\/en\/wp-json\/wp\/v2\/comments?post=30406"}],"version-history":[{"count":0,"href":"https:\/\/trackdays.events\/en\/wp-json\/wp\/v2\/pages\/30406\/revisions"}],"wp:attachment":[{"href":"https:\/\/trackdays.events\/en\/wp-json\/wp\/v2\/media?parent=30406"}],"curies":[{"name":"wp","href":"https:\/\/api.w.org\/{rel}","templated":true}]}}